{"id":1090,"date":"2017-12-26T18:54:53","date_gmt":"2017-12-26T17:54:53","guid":{"rendered":"http:\/\/griepe.net\/?page_id=1090"},"modified":"2020-07-21T06:25:18","modified_gmt":"2020-07-21T06:25:18","slug":"projets-acheves","status":"publish","type":"page","link":"https:\/\/griepe.net\/?page_id=1090","title":{"rendered":"Projets achev\u00e9s"},"content":{"rendered":"<p>&nbsp;<\/p>\n<div id=\"repere_article\" class=\"article\">\n<p><span style=\"color: #000000;\"><b>PROJET <\/b><b>\u00a0<\/b>: 2013-2017<b><\/b><\/span><\/p>\n<\/div>\n<div class=\"iuscp varh irfoc\" data-hovstyle=\"\" data-evt=\"1\"><span style=\"color: #000000;\"><b>ACRONYME\u00a0: D2PCPCI<\/b><\/span><\/div>\n<p><span style=\"color: #000000;\"><b>PROJET SOUTENU PAR<\/b>\u00a0: Le Projet soutenu par le Contrat de D\u00e9sendettement et de D\u00e9veloppement financ\u00e9 par la France<\/span><\/p>\n<p align=\"LEFT\"><span style=\"color: #000000;\"><b>TITRE DU PROJET<\/b>: Dynamiques paysag\u00e8res en p\u00e9riode de crises politico-militaires en C\u00f4te d\u2019Ivoire : influences sur la gestion et la disponibilit\u00e9 des terres agricoles et la s\u00e9curit\u00e9 alimentaire.<\/span><\/p>\n<p align=\"LEFT\"><span style=\"color: #000000;\"><strong>PARTENAIRES :\u00a0\u00a0<\/strong><\/span><\/p>\n<hr \/>\n<p align=\"LEFT\"><span style=\"color: #000000;\"><strong><a style=\"color: #000000;\" href=\"http:\/\/www.univ-ao.edu.ci\/\"><img loading=\"lazy\" decoding=\"async\" class=\"wp-image-590 alignleft\" src=\"http:\/\/griepe.net\/wp-content\/uploads\/2016\/10\/Universit%C3%A9-alassane-ouattara.png\" alt=\"universite-alassane-ouattara\" width=\"205\" height=\"70\" \/><\/a><a style=\"color: #000000;\" href=\"http:\/\/griepe.net\/wp-content\/uploads\/2017\/12\/Logo-UJLOG.jpg\"><img loading=\"lazy\" decoding=\"async\" class=\"wp-image-1162 alignleft\" src=\"http:\/\/griepe.net\/wp-content\/uploads\/2017\/12\/Logo-UJLOG.jpg\" alt=\"\" width=\"115\" height=\"100\" \/><\/a><a style=\"color: #000000;\" href=\"http:\/\/griepe.net\/wp-content\/uploads\/2017\/12\/Logo-IRD2.png\"><img loading=\"lazy\" decoding=\"async\" class=\"wp-image-1154 alignnone\" src=\"http:\/\/griepe.net\/wp-content\/uploads\/2017\/12\/Logo-IRD2.png\" sizes=\"(max-width: 87px) 100vw, 87px\" srcset=\"https:\/\/griepe.net\/wp-content\/uploads\/2017\/12\/Logo-IRD2.png 225w, https:\/\/griepe.net\/wp-content\/uploads\/2017\/12\/Logo-IRD2-150x150.png 150w\" alt=\"\" width=\"87\" height=\"87\" \/><\/a><\/strong><\/span><\/p>\n<p align=\"JUSTIFY\"><span style=\"color: #000000;\"><a style=\"color: #000000;\" href=\"http:\/\/www.univ-ouaga.bf\/\"><img loading=\"lazy\" decoding=\"async\" class=\"wp-image-592 alignleft\" src=\"http:\/\/griepe.net\/wp-content\/uploads\/2016\/10\/Universit%C3%A9-ouagadougou.png\" alt=\"universite-ouagadougou\" width=\"77\" height=\"79\" \/><\/a><a style=\"color: #000000;\" href=\"http:\/\/unice.fr\/\"><img loading=\"lazy\" decoding=\"async\" class=\"wp-image-591 alignleft\" src=\"http:\/\/griepe.net\/wp-content\/uploads\/2016\/10\/Universit%C3%A9-nice-sophia.png\" alt=\"universite-nice-sophia\" width=\"103\" height=\"66\" \/><\/a><a style=\"color: #000000;\" href=\"http:\/\/www.sodefor.ci\/index.php\/fr\/\"><img loading=\"lazy\" decoding=\"async\" class=\"wp-image-166 alignleft\" src=\"http:\/\/griepe.net\/wp-content\/uploads\/2015\/05\/Logo-Sodefor.png\" alt=\"Logo Sodefor\" width=\"72\" height=\"97\" \/><\/a><a style=\"color: #000000;\" href=\"http:\/\/griepe.net\/wp-content\/uploads\/2017\/12\/U-abomey-calavi.png\"><img loading=\"lazy\" decoding=\"async\" class=\"wp-image-1168 alignnone\" src=\"http:\/\/griepe.net\/wp-content\/uploads\/2017\/12\/U-abomey-calavi.png\" sizes=\"(max-width: 83px) 100vw, 83px\" srcset=\"https:\/\/griepe.net\/wp-content\/uploads\/2017\/12\/U-abomey-calavi.png 451w, https:\/\/griepe.net\/wp-content\/uploads\/2017\/12\/U-abomey-calavi-277x300.png 277w\" alt=\"\" width=\"83\" height=\"90\" \/><\/a><\/span><\/p>\n<div>\n<div><span style=\"color: #000000;\">\u00a0<\/span><\/div>\n<div id=\"b_content\">\n<div id=\"repere_article\" class=\"article\">\n<div id=\"repere_article\" class=\"article\">\n<hr \/>\n<\/div>\n<\/div>\n<p><span style=\"color: #000000;\"><b>DESCRIPTION<\/b>\u00a0:<\/span><\/p>\n<\/div>\n<p><span style=\"color: #000000;\">Ce projet a pour objectif g\u00e9n\u00e9ral de d\u00e9velopper des connaissances sur les cons\u00e9quences des crises politico-militaires des ann\u00e9es 2000 en C\u00f4te d\u2019Ivoire sur la dynamique des paysages naturels et la disponibilit\u00e9 des terres pour l\u2019agriculture de subsistance.<\/span><\/p>\n<\/div>\n<p align=\"JUSTIFY\"><span style=\"color: #000000;\">Il s\u2019agira, \u00e0 partir de techniques de t\u00e9l\u00e9d\u00e9tection et d\u2019\u00e9cologie du paysage de d\u00e9terminer la dynamique spatio-temporelle du couvert v\u00e9g\u00e9tal, pendant la p\u00e9riode de conflits, en C\u00f4te d\u2019Ivoire comparativement \u00e0 la p\u00e9riode de paix au B\u00e9nin. Des inventaires phytosociologiques permettront d\u2019actualiser les zones refuges de biodiversit\u00e9 et les plantes end\u00e9miques dans les localit\u00e9s \u00e9tudi\u00e9es en C\u00f4te d\u2019Ivoire. Des enqu\u00eates socio-anthropologiques en milieu rural permettront de d\u00e9terminer les surfaces agricoles converties en culture du cacaoyer ainsi que les quantiti\u00e9s de productions vivri\u00e8res disponibles dans ces diff\u00e9rentes localit\u00e9s. A partir de ces donn\u00e9es, l\u2019\u00e9tat de l\u2019ins\u00e9curit\u00e9 alimentaire dans ces zones sera connu. Les fili\u00e8res des immigr\u00e9s pour la culture du cacaoyer seront identifi\u00e9es et leur fonctionnement seront connus dans l\u2019optique de proposer des solutions ad\u00e9quates pour leur insertion sociale et leur participation \u00e0 la s\u00e9curit\u00e9 alimentaire en C\u00f4te d\u2019Ivoire. Les volumes de transferts financiers vers leur pays d\u2019origine seront \u00e9galement d\u00e9termin\u00e9s. Enfin, des mod\u00e8les permettront de pr\u00e9dire l\u2019impact des dynamiques des paysages en p\u00e9riode de paix et en p\u00e9riode de conflit sur la disponibilit\u00e9 des terres pour l\u2019agriculture de subsistance et la s\u00e9curit\u00e9 alimentaire en C\u00f4te d\u2019Ivoire.<\/span><\/p>\n<p align=\"JUSTIFY\"><span style=\"color: #000000;\">Ce projet est port\u00e9 par une \u00e9quipe pluridisciplinaire issue des Universit\u00e9s Jean Lorougnon Gu\u00e9d\u00e9 et Alassane Ouattara de C\u00f4te d\u2019Ivoire, de l\u2019Universit\u00e9 de Ouagadougou (Burkina Faso), de l\u2019Universit\u00e9 d\u2019Abomey-Calavi (B\u00e9nin), de l\u2019Universit\u00e9 Nice Sophia Antipolis (France) et du Centre de coop\u00e9ration internationale en recherche agronomique pour le d\u00e9veloppement (CIRAD, France). Il implique les disciplines de l\u2019\u00e9cologie du paysage, de la g\u00e9ographie humaine, de l\u2019anthropologie, de l\u2019agro\u00e9conomie, de la phytosociologie et de la mod\u00e9lisation.<\/span><\/p>\n<p align=\"JUSTIFY\"><span style=\"color: #000000;\">\u00c0 terme, des solutions ad\u00e9quates conciliant la bonne gestion des terres et des for\u00eats et la satisfaction des besoins alimentaires de la C\u00f4te d\u2019Ivoire seront propos\u00e9es aux Gouvernants et aux populations rurales.<\/span><\/p>\n<div id=\"repere_article\" class=\"article\">\n<hr \/>\n<\/div>\n<p><span style=\"font-family: 'Comic Sans MS', cursive; color: #ff0000;\"><span style=\"font-size: large;\"><span style=\"text-decoration: underline;\"><b>PROJET <\/b><\/span><\/span><\/span><span style=\"font-family: 'Comic Sans MS', cursive;\"><span style=\"font-size: large;\">: <\/span><\/span><span style=\"color: #000000;\"><span style=\"font-family: 'Comic Sans MS', cursive;\"><span style=\"font-size: large;\">GBIF (<b style=\"font-size: 16px;\">Syst\u00e8me Mondial d&rsquo;Informations sur la Biodiversit\u00e9)<\/b><\/span><\/span><\/span><\/p>\n<p><strong><u>ACRONYME<\/u><\/strong>\u00a0:\u00a0BID-AF2015-0025-NAC<\/p>\n<p><strong><u>TITRE DU PROJET<\/u><\/strong>:\u00a0 Evaluation and development of a funding mechanism and efficient management of data on plant biodiversity in C\u00f4te d&rsquo;Ivoire (Ivory Coast)<\/p>\n<p><strong><span style=\"text-decoration: underline; color: #000000;\">PARTENAIRES :\u00a0<\/span>\u00a0<\/strong><\/p>\n<hr \/>\n<p><a href=\"http:\/\/griepe.net\/wp-content\/uploads\/2015\/05\/logo-ujlog.png\"><img loading=\"lazy\" decoding=\"async\" class=\"size-full wp-image-167 alignleft\" src=\"http:\/\/griepe.net\/wp-content\/uploads\/2015\/05\/logo-ujlog.png\" alt=\"logo ujlog\" width=\"84\" height=\"72\" \/><\/a> <a href=\"http:\/\/griepe.net\/wp-content\/uploads\/2015\/04\/logo-UFHB.jpg\"><img loading=\"lazy\" decoding=\"async\" class=\"wp-image-599 alignleft\" src=\"http:\/\/griepe.net\/wp-content\/uploads\/2015\/04\/logo-UFHB.jpg\" alt=\"logo-ufhb\" width=\"104\" height=\"78\" \/><\/a> <a href=\"http:\/\/griepe.net\/wp-content\/uploads\/2015\/04\/logo-CSRS.jpg\"><img loading=\"lazy\" decoding=\"async\" class=\"wp-image-598 alignleft\" src=\"http:\/\/griepe.net\/wp-content\/uploads\/2015\/04\/logo-CSRS.jpg\" alt=\"logo-csrs\" width=\"218\" height=\"68\" srcset=\"https:\/\/griepe.net\/wp-content\/uploads\/2015\/04\/logo-CSRS.jpg 358w, https:\/\/griepe.net\/wp-content\/uploads\/2015\/04\/logo-CSRS-300x95.jpg 300w\" sizes=\"(max-width: 218px) 100vw, 218px\" \/><\/a> <a href=\"http:\/\/griepe.net\/wp-content\/uploads\/2015\/04\/logo_GBIF.png\"><img loading=\"lazy\" decoding=\"async\" class=\"wp-image-597 alignleft\" src=\"http:\/\/griepe.net\/wp-content\/uploads\/2015\/04\/logo_GBIF.png\" alt=\"logo_gbif\" width=\"136\" height=\"65\" \/><\/a><\/p>\n<p>&nbsp;<\/p>\n<hr \/>\n<p><strong><u>SUMMARY<\/u><\/strong>\u00a0:<\/p>\n<p>The National Floristic Center (CNF) was created in 1973 and its main mission is the realization of all botanical studies in Ivory Coast. It contains the National Herbarium which has about\u00a0 60 000 specimens that were collected in rural areas, forest reserves\u00a0 and national parks by Professor Ak\u00e9-Assi Laurent. This allowed not only to have reference specimens but also to contribute to the formation\u00a0 of many other botanists and biodiversity conservation agents. Today, the CNF is struggling to meet its sovereign mission due to lack of funding and the lapsing of the service.<\/p>\n<p>The objective of this project is to reinvigorate the action\u00a0 of CNF in the backup data of the Ivorian flora\u00a0 by contributing\u00a0 to an efficient\u00a0 and universal use\u00a0 of strategy of capitalization and dissemination. The project will be executed by four major players who are involved in the management of the Ivorian plant biodiversity. Thus, through missions and workshops and the digitization\u00a0 of the herbarium of CNF, all\u00a0 floristic actors holding data will be involved in the development of this new ivorian flora management tool via a collaborative tool. Further , the CNF is facing many challenges in the remobilization of actors\u00a0 and data, in the facilitating of data access and above\u00a0 all in the participative\u00a0 and continuous updating of data.<\/p>\n<hr \/>\n<p><span style=\"font-family: 'Comic Sans MS', cursive; color: #ff0000;\"><span style=\"font-size: large;\"><span style=\"text-decoration: underline;\"><b>PROJET <\/b><\/span><\/span><\/span><span style=\"font-family: 'Comic Sans MS', cursive;\"><span style=\"font-size: large;\">\u00a0<\/span><\/span><span style=\"color: #000000;\"><span style=\"font-family: 'Comic Sans MS', cursive;\"><span style=\"font-size: large;\">GEOFORAFRI\u00a0:\u00a0<\/span><\/span><\/span><span style=\"font-family: 'Comic Sans MS', cursive;\"><span style=\"font-size: large;\">Renforcement des capacit\u00e9s et acc\u00e8s aux donn\u00e9es satellitaires pour le suivi des for\u00eats en Afrique Centrale et de l\u2019Ouest<\/span><\/span><\/p>\n<p align=\"JUSTIFY\"><span style=\"color: #000000;\"><span style=\"font-family: 'Comic Sans MS', cursive;\"><span style=\"font-size: large;\"><span style=\"text-decoration: underline;\"><b>ACRONYME<\/b><\/span><\/span><\/span><\/span><span style=\"color: #000000;\"><span style=\"font-family: 'Comic Sans MS', cursive;\"><span style=\"font-size: large;\">\u00a0:\u00a0<\/span><\/span><\/span><span style=\"color: #000000;\"><span style=\"font-family: 'Comic Sans MS', cursive;\"><span style=\"font-size: large;\">DYNAPAY-PFNL<\/span><\/span><\/span><\/p>\n<p align=\"JUSTIFY\"><span style=\"font-family: 'Comic Sans MS', cursive;\"><span style=\"font-size: large;\"><span style=\"text-decoration: underline;\"><b>TITRE DU PROJET<\/b><\/span><\/span><\/span><span style=\"font-family: 'Comic Sans MS', cursive;\"><span style=\"font-size: large;\">:\u00a0<\/span><\/span><span style=\"font-family: 'Comic Sans MS', cursive;\"><span style=\"font-size: large;\">Impact des conflits des ann\u00e9es 2000 en C\u00f4te d\u2019Ivoire sur la disponibilit\u00e9 des ressources foresti\u00e8res et des produits forestiers non-ligneux dans la r\u00e9gion du Haut-Sassandra.<\/span><\/span><\/p>\n<p align=\"JUSTIFY\"><span style=\"font-family: 'Comic Sans MS', cursive;\"><span style=\"font-size: large;\"><span style=\"text-decoration: underline;\"><b>DESCRIPTION<\/b><\/span><\/span><\/span><span style=\"font-family: 'Comic Sans MS', cursive;\"><span style=\"font-size: large;\">\u00a0:<\/span><\/span><span style=\"font-family: 'Comic Sans MS', cursive;\"><span style=\"font-size: large;\">Ce projet pluridisciplinaire a pour objectif de d\u00e9velopper des connaissances sur la disponibilit\u00e9 des ressources foresti\u00e8res et des produits forestiers non ligneux dans la r\u00e9gion du Haut-Sassandra suite \u00e0 la decennie de crises politico-militaires vecues en C\u00f4te d\u2019Ivoire au debut des ann\u00e9es 2000.<\/span><\/span><\/p>\n<p align=\"JUSTIFY\"><span style=\"font-family: 'Comic Sans MS', cursive;\"><span style=\"font-size: large;\">A partir des images de t\u00e9l\u00e9d\u00e9tection associ\u00e9es aux techniques de l\u2019\u00e9cologie du paysage, il s&rsquo;agira de d\u00e9terminer la dynamique spatio-temporelle du couvert v\u00e9g\u00e9tal de la For\u00eat class\u00e9e du Haut-Sassandra, pendant la p\u00e9riode de conflits. Ensuite, des inventaires phytosociologiques permettront de d\u00e9terminer sa diversit\u00e9 v\u00e9g\u00e9tale. Enfin, des enqu\u00eates ethnobotaniques et sociologiques aideront \u00e0 d\u00e9terminer d\u2019une part, les agents de d\u00e9forestation et de d\u00e9gradation de cette for\u00eat du fait des conflits des ann\u00e9es 2000 et d\u2019autre part, la disponibilit\u00e9 des plantes fournissant les produits forestiers non-ligneux et leur utilisation par les m\u00e9nages ruraux jouxtant la For\u00eat class\u00e9e du Haut-Sassandra.<\/span><\/span><\/p>\n<p align=\"JUSTIFY\"><span style=\"font-family: 'Comic Sans MS', cursive;\"><span style=\"font-size: large;\">A la fin de ces travaux, les processus de transformations spatiales dominant chacune des classes d\u2019occupation du sol suite aux conflits sont d\u00e9termin\u00e9s de m\u00eame que la diversit\u00e9 v\u00e9g\u00e9tale de la For\u00eat class\u00e9e du Haut-Sassandra. Le nombre de paysans dont les surfaces ont \u00e9t\u00e9 converties, de gr\u00e9 ou de force, en cultures de rente ainsi que les modes de conversion sont connus. Les modes d\u2019action des agents de d\u00e9gradation et de d\u00e9forestation de cette for\u00eat du fait des crises politiques et militaires sont d\u00e9termin\u00e9s et les processus d\u2019acquisition de la terre en p\u00e9riodes de conflits sont connus. Enfin les types d\u2019utilisation des produits forestiers non-ligneux de m\u00eame que leurs importances socio\u00e9conomiques et culturelles pour les populations rurales sont d\u00e9termin\u00e9es. \u00c0 terme, des solutions ad\u00e9quates conciliant la bonne gestion des terres et des for\u00eats et la satisfaction des besoins en produits forestiers non-ligneux des populations rurales de la r\u00e9gion du Haut-Sassandra seront propos\u00e9es.<\/span><\/span><\/p>\n<hr \/>\n<p><span style=\"font-family: 'Comic Sans MS', cursive; color: #ff0000;\"><span style=\"font-size: large;\"><span style=\"text-decoration: underline;\"><b>PROJET\u00a0<\/b><\/span><\/span><\/span><\/p>\n<p align=\"JUSTIFY\"><span style=\"font-family: 'Comic Sans MS', cursive;\"><span style=\"font-size: large;\"><span style=\"text-decoration: underline;\"><b>TITRE<\/b><\/span><\/span><\/span><span style=\"font-family: 'Comic Sans MS', cursive;\"><span style=\"font-size: large;\">\u00a0: Assessing urban habitat quality using leaf characteristics in tropical area.<\/span><\/span><\/p>\n<p align=\"JUSTIFY\"><span style=\"font-family: 'Comic Sans MS', cursive;\"><span style=\"font-size: large;\"><span style=\"text-decoration: underline;\"><b>DESCRIPTION<\/b><\/span><\/span><\/span><span style=\"font-family: 'Comic Sans MS', cursive;\"><span style=\"font-size: large;\">\u00a0: L\u2019urbanisation croissante ainsi que l\u2019intensification des activit\u00e9s humaines dans les villes de pays du Sud, comme Abidjan causent des nuisances environnementales, dont la pollution de l\u2019air et la modification du microclimat \u00e0 l\u2019int\u00e9rieur des villes. Les plantes de par leur relative immobilit\u00e9 et la grande exposition des feuilles \u00e0 l\u2019air, pourraient \u00eatre de bons bio-indicateurs de la qualit\u00e9 local de l\u2019air en milieu urbain. Ce projet avait pour objectif d\u2019\u00e9valuer, dans une r\u00e9gion tropicale, le potentiel des propri\u00e9t\u00e9s foliaires des plantes locales \u00e0 \u00eatre utilis\u00e9es comme des bio-indicateurs passifs et actifs de la qualit\u00e9 locale de l\u2019air.<\/span><\/span><\/p>\n<hr \/>\n<p><span style=\"color: #ff0000;\"><span style=\"font-family: 'Comic Sans MS', cursive;\"><span style=\"font-size: large;\"><span style=\"text-decoration: underline;\"><b>PROJET\u00a0<\/b><\/span><\/span><\/span><\/span><\/p>\n<p align=\"JUSTIFY\"><span style=\"font-family: 'Comic Sans MS', cursive;\"><span style=\"font-size: large;\"><span style=\"text-decoration: underline;\"><b>TITRE<\/b><\/span><\/span><\/span>\u00a0<span style=\"font-family: 'Comic Sans MS', cursive;\"><span style=\"font-size: large;\">: Estimation du volume de carbone dans les plantations de teck en C\u00f4te d&rsquo;Ivoire<\/span><\/span><\/p>\n<p align=\"JUSTIFY\"><span style=\"font-family: 'Comic Sans MS', cursive;\"><span style=\"font-size: large;\"><span lang=\"en-GB\"><span style=\"text-decoration: underline;\"><b>DESCRIPTION<\/b><\/span><\/span><\/span><\/span><span style=\"font-family: 'Comic Sans MS', cursive;\"><span style=\"font-size: large;\"><span lang=\"en-GB\">:\u00a0<\/span><\/span><\/span><span style=\"font-family: 'Comic Sans MS', cursive;\"><span style=\"font-size: large;\">L\u2019importance des stocks de carbone forestier et leur valorisation constituent des \u00e9l\u00e9ments cl\u00e9s du contr\u00f4le des gaz \u00e0 effet de serre. Les plantations d\u2019arbres, en plus de la production de bois, peuvent durant leur croissance, constituer d\u2019important \u00ab puits de carbone \u00bb. Le teck (<\/span><\/span><span style=\"font-family: 'Comic Sans MS', cursive;\"><span style=\"font-size: large;\"><i>Tectona grandis<\/i><\/span><\/span><span style=\"font-family: 'Comic Sans MS', cursive;\"><span style=\"font-size: large;\">) est de loin l\u2019esp\u00e8ce la plus utilis\u00e9e dans les plantations foresti\u00e8res en C\u00f4te d\u2019Ivoire.<\/span><\/span><\/p>\n<p align=\"JUSTIFY\"><span style=\"font-family: 'Comic Sans MS', cursive;\"><span style=\"font-size: large;\">L\u2019objectif g\u00e9n\u00e9ral de ce projet \u00e9tait de d\u00e9terminer le volume de carbone des plantations de teck en C\u00f4te d\u2019Ivoire en effectuant principalement des mesures de biomasse combin\u00e9es \u00e0 des m\u00e9thodes de t\u00e9l\u00e9d\u00e9tection et de syst\u00e8mes d\u2019information g\u00e9ographique.<\/span><\/span><\/p>\n","protected":false},"excerpt":{"rendered":"<p>&nbsp; PROJET \u00a0: 2013-2017 ACRONYME\u00a0: D2PCPCI PROJET SOUTENU PAR\u00a0: Le Projet soutenu par le Contrat de D\u00e9sendettement et de D\u00e9veloppement financ\u00e9 par la France TITRE DU PROJET: Dynamiques paysag\u00e8res en p\u00e9riode de crises politico-militaires en C\u00f4te d\u2019Ivoire : influences sur &hellip; <a href=\"https:\/\/griepe.net\/?page_id=1090\">Continuer la lecture <span class=\"meta-nav\">&rarr;<\/span><\/a><\/p>\n","protected":false},"author":1,"featured_media":0,"parent":20,"menu_order":1,"comment_status":"closed","ping_status":"closed","template":"onecolumn-page.php","meta":{"footnotes":""},"_links":{"self":[{"href":"https:\/\/griepe.net\/index.php?rest_route=\/wp\/v2\/pages\/1090"}],"collection":[{"href":"https:\/\/griepe.net\/index.php?rest_route=\/wp\/v2\/pages"}],"about":[{"href":"https:\/\/griepe.net\/index.php?rest_route=\/wp\/v2\/types\/page"}],"author":[{"embeddable":true,"href":"https:\/\/griepe.net\/index.php?rest_route=\/wp\/v2\/users\/1"}],"replies":[{"embeddable":true,"href":"https:\/\/griepe.net\/index.php?rest_route=%2Fwp%2Fv2%2Fcomments&post=1090"}],"version-history":[{"count":14,"href":"https:\/\/griepe.net\/index.php?rest_route=\/wp\/v2\/pages\/1090\/revisions"}],"predecessor-version":[{"id":1727,"href":"https:\/\/griepe.net\/index.php?rest_route=\/wp\/v2\/pages\/1090\/revisions\/1727"}],"up":[{"embeddable":true,"href":"https:\/\/griepe.net\/index.php?rest_route=\/wp\/v2\/pages\/20"}],"wp:attachment":[{"href":"https:\/\/griepe.net\/index.php?rest_route=%2Fwp%2Fv2%2Fmedia&parent=1090"}],"curies":[{"name":"wp","href":"https:\/\/api.w.org\/{rel}","templated":true}]}}