{"id":11,"date":"2015-04-12T17:01:45","date_gmt":"2015-04-12T16:01:45","guid":{"rendered":"http:\/\/griepe.net\/?page_id=11"},"modified":"2017-12-30T08:10:34","modified_gmt":"2017-12-30T07:10:34","slug":"accueil","status":"publish","type":"page","link":"https:\/\/griepe.net\/?page_id=11","title":{"rendered":"ACCUEIL"},"content":{"rendered":"<p style=\"text-align: justify;\"><span style=\"color: #535353;\"><span style=\"font-family: 'Comic Sans MS', serif;\"><span style=\"font-size: x-large;\">\u00a0 \u00a0 \u00a0 \u00a0 Le Groupe de Recherche Interdisciplinaire en Ecologie du Paysage et en environnement, en abr\u00e9g\u00e9 GRIEPE, est une plateforme qui regroupe des professeurs, chercheurs et doctorants de disciplines diverses (Ecologie, G\u00e9ographie, Informatique, Biologie, Sociologie, Anthropologie, &#8230;) ayant <\/span><\/span><\/span><span style=\"color: #535353;\"><span style=\"font-family: 'Comic Sans MS', serif;\"><span style=\"font-size: x-large;\">l&rsquo;\u00e9tude du PAYSAGE comme \u00e9l\u00e9ment central.<\/span><\/span><\/span><\/p>\n<p><a href=\"http:\/\/griepe.net\/wp-content\/uploads\/2017\/12\/kakemono1.jpg\"><img loading=\"lazy\" decoding=\"async\" class=\"aligncenter size-full wp-image-1177\" src=\"http:\/\/griepe.net\/wp-content\/uploads\/2017\/12\/kakemono1.jpg\" alt=\"\" width=\"569\" height=\"1012\" srcset=\"https:\/\/griepe.net\/wp-content\/uploads\/2017\/12\/kakemono1.jpg 569w, https:\/\/griepe.net\/wp-content\/uploads\/2017\/12\/kakemono1-169x300.jpg 169w, https:\/\/griepe.net\/wp-content\/uploads\/2017\/12\/kakemono1-281x500.jpg 281w\" sizes=\"(max-width: 569px) 100vw, 569px\" \/><\/a><\/p>\n<p style=\"text-align: justify;\"><span style=\"color: #535353;\"><span style=\"font-family: 'Comic Sans MS', serif;\"><span style=\"font-size: x-large;\">\u00a0 \u00a0 \u00a0 \u00a0Ce groupe qui rassemble des chercheurs provenant aussi bien d&rsquo;Afrique (C\u00f4te d&rsquo;Ivoire, B\u00e9nin, Burkina Faso, Mali) que d&rsquo;Europe (Belgique, France) <\/span><\/span><\/span><span style=\"color: #535353;\"><span style=\"font-family: 'Comic Sans MS', serif;\"><span style=\"font-size: x-large;\">se veut une plateforme ouverte \u00e0 tous ceux ou toutes celles ayant le paysage comme \u00e9l\u00e9ment central de leurs recherches ou \u00e9tudes. <\/span><\/span><\/span><\/p>\n<p style=\"text-align: justify;\"><span style=\"color: #535353;\"><span style=\"font-family: 'Comic Sans MS', serif;\"><span style=\"font-size: x-large;\">\u00a0 \u00a0 \u00a0Grand merci pour l&rsquo;int\u00e9r\u00eat que vous ne cesserez de porter \u00e0 cette \u00e9quipe.<\/span><\/span><\/span><\/p>\n","protected":false},"excerpt":{"rendered":"<p>\u00a0 \u00a0 \u00a0 \u00a0 Le Groupe de Recherche Interdisciplinaire en Ecologie du Paysage et en environnement, en abr\u00e9g\u00e9 GRIEPE, est une plateforme qui regroupe des professeurs, chercheurs et doctorants de disciplines diverses (Ecologie, G\u00e9ographie, Informatique, Biologie, Sociologie, Anthropologie, &#8230;) ayant &hellip; <a href=\"https:\/\/griepe.net\/?page_id=11\">Continuer la lecture <span class=\"meta-nav\">&rarr;<\/span><\/a><\/p>\n","protected":false},"author":1,"featured_media":0,"parent":0,"menu_order":0,"comment_status":"open","ping_status":"open","template":"","meta":{"footnotes":""},"_links":{"self":[{"href":"https:\/\/griepe.net\/index.php?rest_route=\/wp\/v2\/pages\/11"}],"collection":[{"href":"https:\/\/griepe.net\/index.php?rest_route=\/wp\/v2\/pages"}],"about":[{"href":"https:\/\/griepe.net\/index.php?rest_route=\/wp\/v2\/types\/page"}],"author":[{"embeddable":true,"href":"https:\/\/griepe.net\/index.php?rest_route=\/wp\/v2\/users\/1"}],"replies":[{"embeddable":true,"href":"https:\/\/griepe.net\/index.php?rest_route=%2Fwp%2Fv2%2Fcomments&post=11"}],"version-history":[{"count":6,"href":"https:\/\/griepe.net\/index.php?rest_route=\/wp\/v2\/pages\/11\/revisions"}],"predecessor-version":[{"id":1873,"href":"https:\/\/griepe.net\/index.php?rest_route=\/wp\/v2\/pages\/11\/revisions\/1873"}],"wp:attachment":[{"href":"https:\/\/griepe.net\/index.php?rest_route=%2Fwp%2Fv2%2Fmedia&parent=11"}],"curies":[{"name":"wp","href":"https:\/\/api.w.org\/{rel}","templated":true}]}}