{"id":112,"date":"2015-04-13T01:54:56","date_gmt":"2015-04-13T00:54:56","guid":{"rendered":"http:\/\/griepe.net\/?page_id=112"},"modified":"2021-07-27T18:59:50","modified_gmt":"2021-07-27T18:59:50","slug":"equipes-de-recherche","status":"publish","type":"page","link":"https:\/\/griepe.net\/?page_id=112","title":{"rendered":"Equipes de recherche"},"content":{"rendered":"<p><a href=\"http:\/\/www.univ-jlog.ci\/\"><span style=\"text-decoration: underline;\"><span style=\"color: #0000ff;\"><strong><span style=\"font-family: 'Comic Sans MS', serif;\"><span style=\"font-size: large;\">Universit\u00e9 Jean Lorougnon Gu\u00e9d\u00e9 (Daloa\u00a0; C\u00f4te d&rsquo;Ivoire)<\/span><\/span><\/strong><\/span><\/span><\/a><\/p>\n<ul>\n<li><span style=\"color: #000000;\"><span style=\"font-family: 'comic sans ms', helvetica;\"><span style=\"font-size: medium;\">UFR Environnement \/Unit\u00e9 p\u00e9dagogique Paysage et V\u00e9g\u00e9tation<\/span><\/span><\/span><\/li>\n<\/ul>\n<p><span style=\"text-decoration: underline;\"><strong><span style=\"color: #000000; text-decoration: underline;\"><span style=\"font-family: 'comic sans ms', helvetica;\"><span style=\"font-size: medium;\">Equipe UJLoG-ECOPAY\u00a0:<\/span><\/span><\/span><\/strong><\/span><span style=\"color: #000000;\"><span style=\"font-family: 'comic sans ms', helvetica;\"><span style=\"font-size: medium;\">\u00a0<\/span><\/span><\/span><\/p>\n<ul>\n<li style=\"list-style-type: none;\">\n<ul>\n<li><a href=\"http:\/\/griepe.net\/wp-content\/uploads\/2015\/10\/Barima-yao-Sabas.pdf\">Dr BARIMA Yao Sabas<\/a><\/li>\n<li><a href=\"http:\/\/griepe.net\/wp-content\/uploads\/2015\/04\/Bamba1.pdf\">Dr BAMBA Issouf<\/a><\/li>\n<li><a href=\"http:\/\/griepe.net\/wp-content\/uploads\/2015\/10\/Sangne.pdf\">Dr SANGNE Yao Charles<\/a><\/li>\n<li><a href=\"http:\/\/griepe.net\/wp-content\/uploads\/2017\/10\/Dr-KPANGUI-Kouassi-Bruno.pdf\">Dr KPANGUI Kouassi Bruno<\/a><\/li>\n<li><a href=\"https:\/\/griepe.net\/wp-content\/uploads\/2019\/09\/Dr-NGOURAN-Pierre-1-1.pdf\">Dr N&rsquo;GOURAN K. Pierre<\/a><\/li>\n<li><a href=\"https:\/\/griepe.net\/wp-content\/uploads\/2019\/09\/Dr-KOFFI-AChille-.pdf\">Dr KOFFI N&rsquo;Guessan Achille<\/a><\/li>\n<li><a href=\"https:\/\/griepe.net\/wp-content\/uploads\/2019\/09\/Dr-Kouakou-Akoua-Tamia-.pdf\">Dr KOUAKOU Akoua Tamia<\/a><\/li>\n<li><a href=\"https:\/\/griepe.net\/wp-content\/uploads\/2019\/09\/Dr-KOUAKOU-Apolinaire.pdf\">Dr KOUAKOU Kouassi Appolinaire<\/a><\/li>\n<li><a href=\"https:\/\/griepe.net\/wp-content\/uploads\/2021\/07\/Biography_Dr-Zanh.pdf\">Dr ZANH Golou Giz\u00e8l<\/a>e<\/li>\n<li><a href=\"http:\/\/griepe.net\/wp-content\/uploads\/2017\/10\/ASSALE-Adjo-Yvette.pdf\">Dr ASSALE Adjo Yvette<\/a><\/li>\n<li><a href=\"http:\/\/griepe.net\/wp-content\/uploads\/2017\/10\/KOUA-Kadio-Attey-No\u00ebl.pdf\">KOUA Kadio Attey No\u00ebl<\/a><\/li>\n<li><a href=\"https:\/\/griepe.net\/wp-content\/uploads\/2021\/04\/Biography_koumanphD.pdf\">KOUMAN Kouame Jean Marc<\/a><\/li>\n<li><a href=\"https:\/\/griepe.net\/wp-content\/uploads\/2019\/09\/TIMITE-Nakouana.pdf\">TIMITE Nakouana<\/a><\/li>\n<\/ul>\n<\/li>\n<\/ul>\n<hr \/>\n<p><strong><span style=\"text-decoration: underline; color: #0000ff;\"><span style=\"font-family: 'comic sans ms', helvetica;\"><span style=\"font-size: large;\">Universit\u00e9 Alassane Ouattara (Bouak\u00e9\u00a0; C\u00f4te d&rsquo;Ivoire)\u00a0<\/span><\/span><\/span><\/strong><span style=\"color: #000000;\"><span style=\"font-family: Verdana, Arial;\"><span style=\"font-size: small;\">\u00a0<\/span><\/span><\/span><span style=\"color: #000000;\"><span style=\"font-family: 'comic sans ms', helvetica;\"><span style=\"font-size: small;\">;<\/span><\/span><\/span><\/p>\n<ul>\n<li><span style=\"color: #000000;\"><span style=\"font-family: 'comic sans ms', helvetica;\"><span style=\"font-size: medium;\">UFR Communication, Milieu et Soci\u00e9t\u00e9<\/span><\/span><\/span><\/li>\n<li><strong><span style=\"color: #000000;\"><span style=\"font-family: 'comic sans ms', helvetica;\"><span style=\"font-size: medium;\"><span style=\"text-decoration: underline;\">Equipe UAO-SECALIM\u00a0<\/span>:<\/span><\/span><\/span><\/strong>\n<ul>\n<li><span style=\"color: #000000;\"> <a href=\"http:\/\/griepe.net\/wp-content\/uploads\/2015\/09\/Assi-Kaudjhis.pdf\">Prof. ASSI KAUDJHIS Joseph<\/a><\/span><\/li>\n<li><a href=\"http:\/\/griepe.net\/wp-content\/uploads\/2015\/09\/S\u00e9verin-Yao-Kouam\u00e9.pdf\">Dr KOUAME Yao S\u00e9verin<\/a><\/li>\n<li><a href=\"http:\/\/griepe.net\/wp-content\/uploads\/2015\/09\/Dr-KOUASSI-Konan.pdf\">Dr KOUASSI Konan<\/a><\/li>\n<li><a href=\"http:\/\/griepe.net\/wp-content\/uploads\/2015\/09\/ZIDAGO-Martinien-St\u00e9phane.pdf\">ZIDAGO Martinien St\u00e9phane<\/a><\/li>\n<li><a href=\"http:\/\/griepe.net\/wp-content\/uploads\/2015\/09\/KOFFI-Guy-Roger-Yobou\u00e9.pdf\">KOFFI Guy Roger Yobou\u00e9<\/a><\/li>\n<li><a href=\"http:\/\/griepe.net\/wp-content\/uploads\/2015\/09\/TCHAN-Lou-Balefe-Esther.pdf\">TCHAN Lou Balefe Esther<\/a><\/li>\n<li><a href=\"http:\/\/griepe.net\/wp-content\/uploads\/2015\/09\/DALI-Brou-Michel-Hermann.pdf\">DALI Brou Michel Hermann<\/a><\/li>\n<\/ul>\n<\/li>\n<\/ul>\n<hr \/>\n<p><strong><span style=\"color: #0000ff;\"><span style=\"font-family: 'comic sans ms', helvetica;\"><span style=\"font-size: large;\"><a href=\"http:\/\/www.uac.bj\/home\/\"><span style=\"text-decoration: underline;\"><span style=\"text-decoration: underline;\">Universit\u00e9 d\u2019Abomey-Calavi (Cotonou, Benin)<\/span><\/span><\/a>\u00a0<\/span><\/span><\/span><\/strong><span style=\"color: #000000;\">;<\/span><\/p>\n<ul>\n<li><span style=\"color: #000000;\"><span style=\"font-family: 'comic sans ms', helvetica;\"><span style=\"font-size: medium;\">Facult\u00e9 des sciences agronomiques\/Laboratoire d\u2019Ecologie Appliqu\u00e9e<\/span><\/span><\/span><\/li>\n<li><strong><span style=\"color: #000000;\"><span style=\"font-family: 'comic sans ms', helvetica;\"><span style=\"font-size: medium;\"><span style=\"text-decoration: underline;\">Equipe UAC-LEA<\/span>\u00a0:\u00a0<\/span><\/span><\/span><\/strong><strong><span style=\"color: #000000;\"><span style=\"font-family: 'comic sans ms', helvetica;\"><span style=\"font-size: large;\">Membres<\/span><\/span><\/span><\/strong>\n<ul>\n<li><span style=\"color: #000000;\"><span style=\"font-family: 'comic sans ms', helvetica;\"><span style=\"font-size: medium;\">Prof. SINSIN Brice<\/span><\/span><\/span><\/li>\n<li><span style=\"color: #000000;\"><span style=\"font-family: 'comic sans ms', helvetica;\"><span style=\"font-size: medium;\">Dr TOYI S. Mireille<\/span><\/span><\/span><strong><span style=\"color: #000000;\"><span style=\"font-family: Verdana, Arial;\"><span style=\"font-size: small;\">\u00a0<\/span><\/span><\/span><\/strong><\/li>\n<\/ul>\n<\/li>\n<\/ul>\n<hr align=\"RIGHT\" width=\"633\" \/>\n<p><strong><span style=\"color: #0000ff;\"><span style=\"text-decoration: underline;\"><a href=\"http:\/\/www.univ-ouaga.bf\/\">Universit\u00e9 de Ouagadougou(Burkina Faso)<\/a>\u00a0<\/span><\/span><\/strong><span style=\"color: #000000;\">;<\/span><\/p>\n<ul>\n<li><span style=\"color: #000000;\"><span style=\"font-family: 'comic sans ms', helvetica;\"><span style=\"font-size: medium;\">D\u00e9partement Socio-Economie et Anthropologie de D\u00e9veloppement (DSEAD).<\/span><\/span><\/span><\/li>\n<li><strong><span style=\"color: #000000;\"><span style=\"font-family: 'comic sans ms', helvetica;\"><span style=\"font-size: medium;\"><span style=\"text-decoration: underline;\">Equipe UO-INSS<\/span>\u00a0:\u00a0Membres<\/span><\/span><\/span><\/strong>\n<ul>\n<li><span style=\"color: #000000;\">\u00a0<\/span><span style=\"color: #000000;\"><span style=\"font-family: 'comic sans ms', helvetica;\"><span style=\"font-size: medium;\">Dr ZERBO Roger<\/span><\/span><\/span><\/li>\n<li><span style=\"color: #000000;\"><span style=\"font-family: 'comic sans ms', helvetica;\"><span style=\"font-size: medium;\">HEMA Brigitte<\/span><\/span><\/span><\/li>\n<\/ul>\n<\/li>\n<\/ul>\n<hr align=\"RIGHT\" width=\"633\" \/>\n<p><a href=\"http:\/\/unice.fr\/universite\/presentation\"><span style=\"text-decoration: underline;\"><strong><span style=\"color: #0000ff;\"><span style=\"font-family: 'comic sans ms', helvetica;\"><span style=\"font-size: large;\">Universit\u00e9 Nice Sophia Antipolis (France)<\/span><\/span><\/span><\/strong><\/span><\/a><span style=\"color: #ff0000;\"><span style=\"font-family: 'comic sans ms', helvetica;\"><span style=\"font-size: large;\">\u00a0;<\/span><\/span><\/span><\/p>\n<ul>\n<li><span style=\"color: #000000;\"><span style=\"font-family: 'comic sans ms', helvetica;\"><span style=\"font-size: medium;\">Unit\u00e9 Mixte de Recherche (UMR) ESPACE<\/span><\/span><\/span><\/li>\n<li><strong><span style=\"color: #000000;\"><span style=\"font-family: 'comic sans ms', helvetica;\"><span style=\"font-size: medium;\"><span style=\"text-decoration: underline;\"><span style=\"color: #000000; text-decoration: underline;\">Equipe Unice-ESPACE<\/span><\/span>\u00a0: Membres<\/span><\/span><\/span><\/strong><\/li>\n<li><a href=\"http:\/\/griepe.net\/wp-content\/uploads\/2015\/04\/Voiron.pdf\">Prof. VOIRON-CANICIO Christine<\/a><\/li>\n<li><a href=\"http:\/\/griepe.net\/wp-content\/uploads\/2015\/04\/Andrieu.pdf\">Dr ANDRIEU Julien<\/a><\/li>\n<\/ul>\n","protected":false},"excerpt":{"rendered":"<p>Universit\u00e9 Jean Lorougnon Gu\u00e9d\u00e9 (Daloa\u00a0; C\u00f4te d&rsquo;Ivoire) UFR Environnement \/Unit\u00e9 p\u00e9dagogique Paysage et V\u00e9g\u00e9tation Equipe UJLoG-ECOPAY\u00a0:\u00a0 Dr BARIMA Yao Sabas Dr BAMBA Issouf Dr SANGNE Yao Charles Dr KPANGUI Kouassi Bruno Dr N&rsquo;GOURAN K. Pierre Dr KOFFI N&rsquo;Guessan Achille Dr &hellip; <a href=\"https:\/\/griepe.net\/?page_id=112\">Continuer la lecture <span class=\"meta-nav\">&rarr;<\/span><\/a><\/p>\n","protected":false},"author":1,"featured_media":0,"parent":0,"menu_order":0,"comment_status":"open","ping_status":"open","template":"","meta":{"footnotes":""},"_links":{"self":[{"href":"https:\/\/griepe.net\/index.php?rest_route=\/wp\/v2\/pages\/112"}],"collection":[{"href":"https:\/\/griepe.net\/index.php?rest_route=\/wp\/v2\/pages"}],"about":[{"href":"https:\/\/griepe.net\/index.php?rest_route=\/wp\/v2\/types\/page"}],"author":[{"embeddable":true,"href":"https:\/\/griepe.net\/index.php?rest_route=\/wp\/v2\/users\/1"}],"replies":[{"embeddable":true,"href":"https:\/\/griepe.net\/index.php?rest_route=%2Fwp%2Fv2%2Fcomments&post=112"}],"version-history":[{"count":31,"href":"https:\/\/griepe.net\/index.php?rest_route=\/wp\/v2\/pages\/112\/revisions"}],"predecessor-version":[{"id":1949,"href":"https:\/\/griepe.net\/index.php?rest_route=\/wp\/v2\/pages\/112\/revisions\/1949"}],"wp:attachment":[{"href":"https:\/\/griepe.net\/index.php?rest_route=%2Fwp%2Fv2%2Fmedia&parent=112"}],"curies":[{"name":"wp","href":"https:\/\/api.w.org\/{rel}","templated":true}]}}