{"id":1305,"date":"2018-06-26T18:45:53","date_gmt":"2018-06-26T18:45:53","guid":{"rendered":"https:\/\/griepe.net\/?page_id=1305"},"modified":"2018-06-26T19:03:49","modified_gmt":"2018-06-26T19:03:49","slug":"numero-special-tropicultura","status":"publish","type":"page","link":"https:\/\/griepe.net\/?page_id=1305","title":{"rendered":"NUMERO SPECIAL TROPICULTURA"},"content":{"rendered":"<p>A la suite du colloque international, les\u00a0 articles retenus ont \u00e9t\u00e9 publi\u00e9s dans la revue Tropicultura au\u00a0<span lang=\"FR\">le num\u00e9ro\u00a02\u00a0du volume 36\u00a0de 2018 t\u00e9l\u00e9chargeable\u00a0 via le lien suivant\u00a0:\u00a0<\/span><span lang=\"FR\">\u00a0<a href=\"http:\/\/www.tropicultura.org\/content\/v36n2.html\" target=\"_blank\" rel=\"nofollow noopener\">http:\/\/www.tropicultura.org\/content\/v36n2.html.<\/a><\/span><\/p>\n<p>Le format pdf du numero sp\u00e9cial est disponible <a href=\"https:\/\/griepe.net\/wp-content\/uploads\/2018\/06\/Numero-special-Tropicultura_colloque.pdf\">ici<\/a><\/p>\n","protected":false},"excerpt":{"rendered":"<p>A la suite du colloque international, les\u00a0 articles retenus ont \u00e9t\u00e9 publi\u00e9s dans la revue Tropicultura au\u00a0le num\u00e9ro\u00a02\u00a0du volume 36\u00a0de 2018 t\u00e9l\u00e9chargeable\u00a0 via le lien suivant\u00a0:\u00a0\u00a0http:\/\/www.tropicultura.org\/content\/v36n2.html. Le format pdf du numero sp\u00e9cial est disponible ici<\/p>\n","protected":false},"author":1,"featured_media":0,"parent":0,"menu_order":0,"comment_status":"closed","ping_status":"closed","template":"","meta":{"footnotes":""},"_links":{"self":[{"href":"https:\/\/griepe.net\/index.php?rest_route=\/wp\/v2\/pages\/1305"}],"collection":[{"href":"https:\/\/griepe.net\/index.php?rest_route=\/wp\/v2\/pages"}],"about":[{"href":"https:\/\/griepe.net\/index.php?rest_route=\/wp\/v2\/types\/page"}],"author":[{"embeddable":true,"href":"https:\/\/griepe.net\/index.php?rest_route=\/wp\/v2\/users\/1"}],"replies":[{"embeddable":true,"href":"https:\/\/griepe.net\/index.php?rest_route=%2Fwp%2Fv2%2Fcomments&post=1305"}],"version-history":[{"count":5,"href":"https:\/\/griepe.net\/index.php?rest_route=\/wp\/v2\/pages\/1305\/revisions"}],"predecessor-version":[{"id":1315,"href":"https:\/\/griepe.net\/index.php?rest_route=\/wp\/v2\/pages\/1305\/revisions\/1315"}],"wp:attachment":[{"href":"https:\/\/griepe.net\/index.php?rest_route=%2Fwp%2Fv2%2Fmedia&parent=1305"}],"curies":[{"name":"wp","href":"https:\/\/api.w.org\/{rel}","templated":true}]}}