{"id":1339,"date":"2018-08-18T17:22:27","date_gmt":"2018-08-18T17:22:27","guid":{"rendered":"https:\/\/griepe.net\/?page_id=1339"},"modified":"2018-08-18T17:33:55","modified_gmt":"2018-08-18T17:33:55","slug":"gestion-des-dechets-du-chr-de-daloa","status":"publish","type":"page","link":"https:\/\/griepe.net\/?page_id=1339","title":{"rendered":"Gestion des d\u00e9chets du CHR de Daloa"},"content":{"rendered":"<a href=\"https:\/\/griepe.net\/wp-content\/uploads\/2018\/08\/Note-scientififique-GRIEPE_AOUT_201pdf.pdf\" class=\"pdfemb-viewer\" style=\"\" data-width=\"max\" data-height=\"max\" data-toolbar=\"bottom\" data-toolbar-fixed=\"off\">Comment la gestion des d\u00e9chets du Centre Hospitalier R\u00e9gional de Daloa exposerait-elle le personnel et les usagers \u00e0 divers risques ?<\/a>\n","protected":false},"excerpt":{"rendered":"","protected":false},"author":1,"featured_media":0,"parent":1326,"menu_order":0,"comment_status":"closed","ping_status":"closed","template":"","meta":{"footnotes":""},"_links":{"self":[{"href":"https:\/\/griepe.net\/index.php?rest_route=\/wp\/v2\/pages\/1339"}],"collection":[{"href":"https:\/\/griepe.net\/index.php?rest_route=\/wp\/v2\/pages"}],"about":[{"href":"https:\/\/griepe.net\/index.php?rest_route=\/wp\/v2\/types\/page"}],"author":[{"embeddable":true,"href":"https:\/\/griepe.net\/index.php?rest_route=\/wp\/v2\/users\/1"}],"replies":[{"embeddable":true,"href":"https:\/\/griepe.net\/index.php?rest_route=%2Fwp%2Fv2%2Fcomments&post=1339"}],"version-history":[{"count":2,"href":"https:\/\/griepe.net\/index.php?rest_route=\/wp\/v2\/pages\/1339\/revisions"}],"predecessor-version":[{"id":1341,"href":"https:\/\/griepe.net\/index.php?rest_route=\/wp\/v2\/pages\/1339\/revisions\/1341"}],"up":[{"embeddable":true,"href":"https:\/\/griepe.net\/index.php?rest_route=\/wp\/v2\/pages\/1326"}],"wp:attachment":[{"href":"https:\/\/griepe.net\/index.php?rest_route=%2Fwp%2Fv2%2Fmedia&parent=1339"}],"curies":[{"name":"wp","href":"https:\/\/api.w.org\/{rel}","templated":true}]}}