{"id":1373,"date":"2018-10-22T14:58:40","date_gmt":"2018-10-22T14:58:40","guid":{"rendered":"https:\/\/griepe.net\/?page_id=1373"},"modified":"2018-11-06T10:04:12","modified_gmt":"2018-11-06T10:04:12","slug":"des-placettes-permanentes-pour-le-suivi-de-la-vegetation-dans-la-foret-classee-du-haut-sassandra","status":"publish","type":"page","link":"https:\/\/griepe.net\/?page_id=1373","title":{"rendered":"Des placettes permanentes pour le suivi de la v\u00e9g\u00e9tation dans la for\u00eat class\u00e9e du Haut-Sassandra"},"content":{"rendered":"<a href=\"https:\/\/griepe.net\/wp-content\/uploads\/2018\/11\/Note_scientifiquede-Kouman_Marc_01_11_2018.pdf\" class=\"pdfemb-viewer\" style=\"\" data-width=\"max\" data-height=\"max\" data-toolbar=\"bottom\" data-toolbar-fixed=\"off\">Note_scientifiquede Kouman_Marc_01_11_2018<\/a>\n","protected":false},"excerpt":{"rendered":"","protected":false},"author":1,"featured_media":0,"parent":1326,"menu_order":0,"comment_status":"closed","ping_status":"closed","template":"","meta":{"footnotes":""},"_links":{"self":[{"href":"https:\/\/griepe.net\/index.php?rest_route=\/wp\/v2\/pages\/1373"}],"collection":[{"href":"https:\/\/griepe.net\/index.php?rest_route=\/wp\/v2\/pages"}],"about":[{"href":"https:\/\/griepe.net\/index.php?rest_route=\/wp\/v2\/types\/page"}],"author":[{"embeddable":true,"href":"https:\/\/griepe.net\/index.php?rest_route=\/wp\/v2\/users\/1"}],"replies":[{"embeddable":true,"href":"https:\/\/griepe.net\/index.php?rest_route=%2Fwp%2Fv2%2Fcomments&post=1373"}],"version-history":[{"count":3,"href":"https:\/\/griepe.net\/index.php?rest_route=\/wp\/v2\/pages\/1373\/revisions"}],"predecessor-version":[{"id":2175,"href":"https:\/\/griepe.net\/index.php?rest_route=\/wp\/v2\/pages\/1373\/revisions\/2175"}],"up":[{"embeddable":true,"href":"https:\/\/griepe.net\/index.php?rest_route=\/wp\/v2\/pages\/1326"}],"wp:attachment":[{"href":"https:\/\/griepe.net\/index.php?rest_route=%2Fwp%2Fv2%2Fmedia&parent=1373"}],"curies":[{"name":"wp","href":"https:\/\/api.w.org\/{rel}","templated":true}]}}