{"id":1424,"date":"2018-11-27T17:57:44","date_gmt":"2018-11-27T17:57:44","guid":{"rendered":"https:\/\/griepe.net\/?page_id=1424"},"modified":"2018-11-27T17:57:44","modified_gmt":"2018-11-27T17:57:44","slug":"limmigration-principale-cause-de-loccupation-illegale-de-la-foret-classee-du-haut-sassandra","status":"publish","type":"page","link":"https:\/\/griepe.net\/?page_id=1424","title":{"rendered":"L\u2019immigration : principale cause de l\u2019occupation ill\u00e9gale de la For\u00eat Class\u00e9e du Haut-Sassandra"},"content":{"rendered":"<a href=\"https:\/\/griepe.net\/wp-content\/uploads\/2018\/11\/Immigration-principale-cause-occupation-de-la-FCHS_TIMITE.pdf\" class=\"pdfemb-viewer\" style=\"\" data-width=\"max\" data-height=\"max\" data-toolbar=\"bottom\" data-toolbar-fixed=\"off\">Immigration principale cause occupation de la FCHS_TIMITE<\/a>\n","protected":false},"excerpt":{"rendered":"","protected":false},"author":1,"featured_media":0,"parent":1326,"menu_order":0,"comment_status":"closed","ping_status":"closed","template":"","meta":{"footnotes":""},"_links":{"self":[{"href":"https:\/\/griepe.net\/index.php?rest_route=\/wp\/v2\/pages\/1424"}],"collection":[{"href":"https:\/\/griepe.net\/index.php?rest_route=\/wp\/v2\/pages"}],"about":[{"href":"https:\/\/griepe.net\/index.php?rest_route=\/wp\/v2\/types\/page"}],"author":[{"embeddable":true,"href":"https:\/\/griepe.net\/index.php?rest_route=\/wp\/v2\/users\/1"}],"replies":[{"embeddable":true,"href":"https:\/\/griepe.net\/index.php?rest_route=%2Fwp%2Fv2%2Fcomments&post=1424"}],"version-history":[{"count":3,"href":"https:\/\/griepe.net\/index.php?rest_route=\/wp\/v2\/pages\/1424\/revisions"}],"predecessor-version":[{"id":1428,"href":"https:\/\/griepe.net\/index.php?rest_route=\/wp\/v2\/pages\/1424\/revisions\/1428"}],"up":[{"embeddable":true,"href":"https:\/\/griepe.net\/index.php?rest_route=\/wp\/v2\/pages\/1326"}],"wp:attachment":[{"href":"https:\/\/griepe.net\/index.php?rest_route=%2Fwp%2Fv2%2Fmedia&parent=1424"}],"curies":[{"name":"wp","href":"https:\/\/api.w.org\/{rel}","templated":true}]}}