{"id":1439,"date":"2019-01-22T18:11:30","date_gmt":"2019-01-22T18:11:30","guid":{"rendered":"https:\/\/griepe.net\/?page_id=1439"},"modified":"2019-01-22T18:25:30","modified_gmt":"2019-01-22T18:25:30","slug":"pratiques-paysannes-a-la-peripherie-dune-aire-protegee-en-cote-divoire-dans-un-contexte-de-saturation-fonciere-cas-de-la-foret-classee-du-haut-sassandra-centre-ouest-de-la-cote-d","status":"publish","type":"page","link":"https:\/\/griepe.net\/?page_id=1439","title":{"rendered":"Pratiques paysannes \u00e0 la p\u00e9riph\u00e9rie de la FCHS"},"content":{"rendered":"<a href=\"https:\/\/griepe.net\/wp-content\/uploads\/2019\/01\/poster-zanh-journ\u00e9e-Scientifique-version-vraie.pdf\" class=\"pdfemb-viewer\" style=\"\" data-width=\"max\" data-height=\"max\" data-toolbar=\"bottom\" data-toolbar-fixed=\"off\">poster zanh journ\u00e9e Scientifique version vraie<\/a>\n","protected":false},"excerpt":{"rendered":"","protected":false},"author":1,"featured_media":0,"parent":1326,"menu_order":0,"comment_status":"closed","ping_status":"closed","template":"","meta":{"footnotes":""},"_links":{"self":[{"href":"https:\/\/griepe.net\/index.php?rest_route=\/wp\/v2\/pages\/1439"}],"collection":[{"href":"https:\/\/griepe.net\/index.php?rest_route=\/wp\/v2\/pages"}],"about":[{"href":"https:\/\/griepe.net\/index.php?rest_route=\/wp\/v2\/types\/page"}],"author":[{"embeddable":true,"href":"https:\/\/griepe.net\/index.php?rest_route=\/wp\/v2\/users\/1"}],"replies":[{"embeddable":true,"href":"https:\/\/griepe.net\/index.php?rest_route=%2Fwp%2Fv2%2Fcomments&post=1439"}],"version-history":[{"count":2,"href":"https:\/\/griepe.net\/index.php?rest_route=\/wp\/v2\/pages\/1439\/revisions"}],"predecessor-version":[{"id":1454,"href":"https:\/\/griepe.net\/index.php?rest_route=\/wp\/v2\/pages\/1439\/revisions\/1454"}],"up":[{"embeddable":true,"href":"https:\/\/griepe.net\/index.php?rest_route=\/wp\/v2\/pages\/1326"}],"wp:attachment":[{"href":"https:\/\/griepe.net\/index.php?rest_route=%2Fwp%2Fv2%2Fmedia&parent=1439"}],"curies":[{"name":"wp","href":"https:\/\/api.w.org\/{rel}","templated":true}]}}