{"id":1482,"date":"2019-03-11T16:24:53","date_gmt":"2019-03-11T16:24:53","guid":{"rendered":"https:\/\/griepe.net\/?page_id=1482"},"modified":"2019-03-11T16:34:09","modified_gmt":"2019-03-11T16:34:09","slug":"effets-deleteres-de-la-decennie-de-crises-sur-le-couvert-vegetal-des-parcs-nationaux-et-forets-classees-en-cote-divoire","status":"publish","type":"page","link":"https:\/\/griepe.net\/?page_id=1482","title":{"rendered":"Effets d\u00e9l\u00e9t\u00e8res de la d\u00e9cennie de crises sur le couvert v\u00e9g\u00e9tal des parcs nationaux et for\u00eats class\u00e9es en C\u00f4te d\u2019Ivoire"},"content":{"rendered":"<a href=\"https:\/\/griepe.net\/wp-content\/uploads\/2019\/03\/COMMUNIQUE_PRESSE_TAMIA-11-03-2019.pdf\" class=\"pdfemb-viewer\" style=\"\" data-width=\"max\" data-height=\"max\" data-toolbar=\"bottom\" data-toolbar-fixed=\"off\">COMMUNIQUE_PRESSE_TAMIA-11-03-2019<\/a>\n","protected":false},"excerpt":{"rendered":"","protected":false},"author":1,"featured_media":0,"parent":1326,"menu_order":0,"comment_status":"closed","ping_status":"closed","template":"","meta":{"footnotes":""},"_links":{"self":[{"href":"https:\/\/griepe.net\/index.php?rest_route=\/wp\/v2\/pages\/1482"}],"collection":[{"href":"https:\/\/griepe.net\/index.php?rest_route=\/wp\/v2\/pages"}],"about":[{"href":"https:\/\/griepe.net\/index.php?rest_route=\/wp\/v2\/types\/page"}],"author":[{"embeddable":true,"href":"https:\/\/griepe.net\/index.php?rest_route=\/wp\/v2\/users\/1"}],"replies":[{"embeddable":true,"href":"https:\/\/griepe.net\/index.php?rest_route=%2Fwp%2Fv2%2Fcomments&post=1482"}],"version-history":[{"count":1,"href":"https:\/\/griepe.net\/index.php?rest_route=\/wp\/v2\/pages\/1482\/revisions"}],"predecessor-version":[{"id":1483,"href":"https:\/\/griepe.net\/index.php?rest_route=\/wp\/v2\/pages\/1482\/revisions\/1483"}],"up":[{"embeddable":true,"href":"https:\/\/griepe.net\/index.php?rest_route=\/wp\/v2\/pages\/1326"}],"wp:attachment":[{"href":"https:\/\/griepe.net\/index.php?rest_route=%2Fwp%2Fv2%2Fmedia&parent=1482"}],"curies":[{"name":"wp","href":"https:\/\/api.w.org\/{rel}","templated":true}]}}