{"id":1683,"date":"2020-02-25T17:57:38","date_gmt":"2020-02-25T17:57:38","guid":{"rendered":"https:\/\/griepe.net\/?page_id=1683"},"modified":"2021-06-07T10:45:38","modified_gmt":"2021-06-07T10:45:38","slug":"axe1-dynamique-spatio-temporelle-des-paysages","status":"publish","type":"page","link":"https:\/\/griepe.net\/?page_id=1683","title":{"rendered":"Axe1 : Dynamique spatio-temporelle des paysages"},"content":{"rendered":"<ul>\n<li>Cocoa Production and Forest Dynamics in Ivory Coast from 1985 to 2019 &#8211; (2020) &#8211; Barima Y.S.S., Konan G.D., Kouakou A.T.M. &amp; Bogaert J. &#8211; <em>Land<\/em>, 9(524) : 1-22.\u00a0 doi:10.3390\/land9120524.<\/li>\n<\/ul>\n<ul>\n<li>Impact de la culture cacaoy\u00e8re sur le paysage en zone rurale et domaniale de l\u2019Ouest de la C\u00f4te d\u2019Ivoire &#8211; (2020) &#8211; Koua K.A.N., Barima Y.S.S., Kpangui K.B. &amp; Bamba I. &#8211; <em>International Journal of Innovation and Scientific Research<\/em>, 50(2) : 128-137.<\/li>\n<\/ul>\n<ul>\n<li>Impact of cocoa cultivation in the forest-savannah transition zone of western C\u00f4te d&rsquo;Ivoire &#8211; (2020) &#8211; Koua K.A.N., Barima Y.S.S. &amp; Kpangui K.B. &#8211; <em>International Journal of Biodiversity and Conservation<\/em>, 12(4) : 291-304.<\/li>\n<\/ul>\n<ul>\n<li>\u00a0Political-military crisis and forest fragmentation in the Mont P\u00e9ko national Park in C\u00f4te d&rsquo;Ivoire \u2013 (2020) &#8211;\u00a0<em>Cybergeo : European Journal of Geography<\/em>\u00a0[En ligne], Environnement, Nature, Paysage, document 945, mis en ligne le 28 mai 2020,<strong>\u00a0<\/strong>Sidib\u00e9 O.<strong>, <\/strong>Kouadio<strong>\u00a0<\/strong>K. H.<strong>, <\/strong>Bamba I. et Konan K. E.<\/li>\n<\/ul>\n<ul>\n<li>Characterization of protected areas of ivory coast according to observed trends in modis ndvi time series between 2002 and 2014 &#8211; (2019) &#8211; Andrieu J. &amp; Barima S. &#8211; <em>Photo Interpre\u0301tation European journal of applied remote sensing<\/em>, 1-2-3-4 : 19-61<\/li>\n<\/ul>\n<ul>\n<li><a href=\"http:\/\/www.sciencepublishinggroup.com\/journal\/paperinfo?journalid=207&amp;doi=10.11648\/j.ijnrem.20190401.14\">Cashew nut is reshaping the rural landscape of the Seguela Sub-Prefecture (Northwestern Co\u0302te d&rsquo;Ivoire)<\/a> &#8211; (2019) &#8211;\u00a0 <em>International Journal of Natural Resource Ecology and Management<\/em>, 4(1) : 22-28 &#8211; Bamba I., Gu\u00e9mi H.M., Barima Y.S.S. &amp; Sangne Y.C.<\/li>\n<\/ul>\n<ul>\n<li><a href=\"https:\/\/www.ajol.info\/index.php\/ijbcs\/article\/view\/189307\">Emprise des champs d\u2019anacarde sur les fore\u0302ts et savanes en milieu paysan autour du parc national de Comoe\u0301<\/a> &#8211; (2019) &#8211; <em>International Journal of Biological and Chemical Sciences,\u00a0<\/em>13(2) : 662-675 &#8211; Sangne Y.C., Bamba I., Kpangui K.B., Kouakou K.A. &amp; Barima Y.S.S.<\/li>\n<\/ul>\n<ul>\n<li><a href=\"http:\/\/journalcra.com\/article\/mapping-natural-vegetation-vulnerability-cash-crop-expansion-case-cashew-plantation-north\">Natural vegetation vulnerability to cash crop expansion: the case of cashew plantation in north-east Cote d\u2019Ivoire<\/a> &#8211; (2019) &#8211; <em>International Journal of Current Research<\/em>, 11(09) : 6836-6843 &#8211; Akpa Y.L., Dibi N.H., Danumah J.H., Kpangui K.B. &amp; Jofack C.V.<\/li>\n<\/ul>\n<ul>\n<li><a href=\"https:\/\/www.researchgate.net\/publication\/329601923_Modelisation_retrospective_du_defrichement_de_la_foret_classee_du_Haut-Sassandra_Cote_d'Ivoire_dans_un_contexte_de_conflits_armes_2001-2013\">Mod\u00e9lisation r\u00e9tro-prospective du d\u00e9frichement de la for\u00eat Class\u00e9e du Haut Sassandra (C\u00f4te d\u2019Ivoire) dans un contexte de conflits arm\u00e9s<\/a> &#8211; (2018) &#8211;<em>L\u2019espace g\u00e9ographique<\/em>, 3\u00a0: 219-234 &#8211; Andrieu J.,\u00a0Barima Y.S.S., Moreno D., Vignal M. &amp; Zerbo R.<\/li>\n<\/ul>\n<ul>\n<li><a href=\"https:\/\/griepe.net\/wp-content\/uploads\/2018\/10\/Bamba_Barima_etal_2018_Partition-du-territoire-et-dynamique-des-ve%CC%81ge%CC%81tations-pendant-la-pe%CC%81riode-de-conflit-Tropicultura.pdf\">Partition du territoire et dynamique des v\u00e9g\u00e9tations pendant la p\u00e9riode de conflit en C\u00f4te d\u2019Ivoire<\/a> &#8211; (2018) \u2013 <em>Tropicultura<\/em>, 36\u00a0(2) : 141-154 &#8211; Bamba I., Barima Y.S.S., Sangne Y.C., Andrieu J. &amp; Assi-Kaudjhis J.P.<\/li>\n<\/ul>\n<ul>\n<li><a href=\"https:\/\/griepe.net\/wp-content\/uploads\/2018\/10\/Havyarimana_etal_2018_Contribution-Burundi.pdf\">La contribution des camps de d\u00e9plac\u00e9s \u00e0 la dynamique paysag\u00e8re au sud et au sud-est du Burundi<\/a> &#8211; (2018) \u2013\u00a0<em>Tropicultura<\/em>, 36\u00a0(2) : 243-257 &#8211; Havyarimana F., Bamba I., Barima Y.S.S., Masharabu T., Nduwarugira D., Bigendaka M. J., Mama A., Bangirinama F., De Canni\u00e8re C. &amp; Bogaert J.<\/li>\n<\/ul>\n<ul>\n<li><a href=\"http:\/\/www.tropicultura.org\/text\/v36n2\/217.pdf\">Dynamique paysag\u00e8re de la For\u00eat Class\u00e9e de la Lama au sud du B\u00e9nin<\/a> &#8211; (2018) \u2013 <em>Tropicultura<\/em>, 36\u00a0(2) : 217-231 &#8211; Toyi M.S.S., Eda F., Barima Y.S.S., Bamba I. &amp; Sinsin B.<\/li>\n<\/ul>\n<ul>\n<li><a href=\"https:\/\/popups.uliege.be\/2295-8010\/index.php?id=767\">Dynamique d&rsquo;expansion des cacaoy\u00e8res dans les zones de contact for\u00eat-savane : cas de la sous-pr\u00e9fecture de Kokumbo (Centre de la C\u00f4te d&rsquo;Ivoire)<\/a> -(2018)\u00a0&#8211; <em>Tropicultura<\/em>, 36 (2)\u00a0: 195-205 &#8211; Kpangui K.B., Vroh B.T.A., Kouam\u00e9 D., Gon\u00e9 B. Z.B., Koffi B. J.C. &amp; Adou Yao C.Y.<\/li>\n<\/ul>\n<ul>\n<li><a href=\"https:\/\/griepe.net\/wp-content\/uploads\/2018\/10\/KOUA-KAN-BAMBA-I-BARIMA-YSS-KOUAKOU-ATM-KOUAKOU-AK-SANGNE-YC.pdf\">\u00c9chelle spatiale et dynamique de la for\u00eat class\u00e9e du Haut-Sassandra (centre-ouest de la C\u00f4te d\u2019Ivoire) en p\u00e9riode de conflits<\/a> &#8211; (2017) &#8211; <em>REB-PASRES,<\/em> 2(1) : 54-68 &#8211; Koua K.A.N., Bamba I., Barima Y.S.S., Kouakou A.T.M., Kouakou K.A. &amp; Sangne Y.C.<\/li>\n<\/ul>\n<ul>\n<li><a href=\"https:\/\/www.ajol.info\/index.php\/ijbcs\/article\/viewFile\/156689\/146296\">Gestion des for\u00eats domaniales en p\u00e9riode de conflits : cas de la for\u00eat class\u00e9e du Haut-Sassandra, Centre-Ouest de la C\u00f4te d\u2019Ivoire<\/a> &#8211; (2017) &#8211; <em>International Journal of Biological and Chemical Sciences, <\/em>11 (1) : 333-349 &#8211; Kouakou A.T.M., Barima Y.S.S, Konat\u00e9 S., Bamba I., Kouadio Y.J. &amp; Bogaert J.<\/li>\n<\/ul>\n<ul>\n<li><a href=\"https:\/\/popups.uliege.be\/2295-8010\/index.php?id=1239&amp;file=1\">La dynamique spatiale de la for\u00eat situ\u00e9e dans la r\u00e9serve naturelle foresti\u00e8re de Bururi, Burundi<\/a> &#8211; (2017) &#8211;\u00a0<em>Tropicultura<\/em>, 35 (3) :158-172. Havyarimana F.,\u00a0Masharabu T.,\u00a0Kouao J.K.,\u00a0Bamba I.,\u00a0Nduwarugira D.,\u00a0Bigendako M.J.,\u00a0Hakizimana P.,\u00a0Mama A.,\u00a0Bangirinama F.,\u00a0Banyankimbona G.,\u00a0Bogaert J. &amp;\u00a0De Canniere C.<\/li>\n<\/ul>\n<ul>\n<li><a href=\"https:\/\/griepe.net\/wp-content\/uploads\/2018\/10\/Barima_etal_2016_Configuration_ST.pdf\">Configuration d\u2019une for\u00eat domaniale soumise \u00e0 des pressions anthropiques en C\u00f4te d\u2019Ivoire : cas du nord de la for\u00eat class\u00e9e du Haut-Sassandra<\/a> &#8211; (2016) &#8211; <em>Revue Ivoirienne des Sciences et Technologie, 28 : 190 \u2013 215 &#8211; <\/em>Barima Y.S.S, Kouakou A.T.M. &amp; Bamba I.<\/li>\n<\/ul>\n<ul>\n<li><a href=\"http:\/\/griepe.net\/wp-content\/uploads\/2016\/03\/Barima_et-adjo_2016_Degradation_AS.pdf\">Caract\u00e9risation post conflits arm\u00e9s des perturbations dans la for\u00eat class\u00e9e du Haut-Sassandra en C\u00f4te d\u2019Ivoire<\/a> &#8211; (2016) &#8211; <em>Afrique Science,<\/em> 12(6) : 66 \u2013 82 &#8211; Barima Y.S.S., Assale A. A.Y., Wignal M., Andrieu J. &amp; Godron M.<\/li>\n<\/ul>\n<ul>\n<li><a href=\"https:\/\/www.sciencedirect.com\/science\/article\/pii\/S2351989416300774\">Cocoa crops are destroying the forest reserves of the classified forest of Haut-Sassandra (Ivory Coast)<\/a> &#8211; (2016) &#8211; <em>Global Ecology and Conservation<\/em>, 8: 85\u201398 &#8211; Barima Y.S.S, Kouakou Akoua. T.M., Bamba I., Sangne Y.C, Godron M., Andrieu J. &amp; Bogaert J.<\/li>\n<\/ul>\n<ul>\n<li><a href=\"https:\/\/journals.openedition.org\/vertigo\/16784\">Dynamique foresti\u00e8re post-conflits arm\u00e9s de la for\u00eat class\u00e9e du Haut-Sassandra (C\u00f4te d\u2019Ivoire)<\/a> &#8211; (2015) \u2013 <em>VertigO \u2013 La revue \u00e9lectronique de l\u2019environnement<\/em> [en ligne], Volume 15 Num\u00e9ro 3 \/ 2015 &#8211; Sangne Y. C., Barima Y.S.S., Bamba I. &amp; N\u2019Doum\u00e9 C.-T.<\/li>\n<\/ul>\n<ul>\n<li><a href=\"https:\/\/griepe.net\/wp-content\/uploads\/2021\/03\/Article_Sangne-et-al._2014.pdf\">Typologie de la v\u00e9g\u00e9tation par une approche de signature spectrale dans le sud du parc national de la Como\u00e9 (Nord-Est C\u00f4te d\u2019Ivoire)<\/a> \u2013 (2014) \u2013 <em>European Scientific Journal, <\/em>10(36) &#8211; Kouassi K.E., Sangne Y.C. &amp; Dibi N\u2019.H.<\/li>\n<\/ul>\n<ul>\n<li><a href=\"http:\/\/bft.cirad.fr\/cd\/BFT_322_65-75.pdf\">Deforestation et savanisation des paysages de savanes-for\u00eats dans la zone soudano-guin\u00e9enne du B\u00e9nin<\/a> &#8211; (2014) &#8211; <em>Bois et For\u00eats des Tropiques<\/em>, 322 (4) : 69-79 &#8211;\u00a0Mama A., Bamba I., Sinsin B., Bogaert J. &amp; De Canni\u00e8re C.<\/li>\n<\/ul>\n<ul>\n<li><a href=\"https:\/\/griepe.net\/wp-content\/uploads\/2021\/04\/Bamba_spatial-footprint-Lumumbashi-2013.pdf\">The spatial footprint of the non-ferrous metal industry in Lubumbashi<\/a> &#8211; (2013) &#8211; <em>Tropicultura,<\/em> 31(1) : 20-27 &#8211; Vranken I., Munyemba K.F., Amisi M. Y., Bamba I., Veroustraete F., Visser M. &amp; Bogaert J.<\/li>\n<\/ul>\n<ul>\n<li>Deforestation in Central and West Africa : Landscape dynamics, anthropogenic effects and ecological consequences &#8211; (2011) \u2013 <em>Advances in Environmental Research<\/em>, 7 : 95-120 &#8211; Barima Y.S.S., Djibu K.J., Alongo S., N\u2019dayishimiye J., Bomolo O., Kumba S., Iyongo L., Bamba I., Mama A., Toyi M., Kasongo E., Masharabu T., Visser M. &amp; Bogaert J.<\/li>\n<\/ul>\n<ul>\n<li>Analyse de la d\u00e9gradation de la v\u00e9g\u00e9tation foresti\u00e8re de l\u2019\u00cele Mbiye dans les environs de Kisangani (R.D. Congo) &#8211; (2011) &#8211; <em>Annales de la Facult\u00e9 des Sciences,<\/em> 14\u00a0: 1-12 &#8211; Nshimba S.M., Bamba I., Iyongo L. Emeleme A.L., Ndjele M.B. &amp; Bogaert J.<\/li>\n<\/ul>\n<ul>\n<li>Effets combin\u00e9s du climat et des pressions anthropiques sur la dynamique \u00e9volutive de la v\u00e9g\u00e9tation d\u2019une zone prot\u00e9g\u00e9e du Mali (r\u00e9serve de fina, boucle du Baoul\u00e9) &#8211; (2011) &#8211; <em>S\u00e9cheresse<\/em>, 22 (2) : 97-107 &#8211; Diallo H., Bamba I., Barima Y.S.S., Ballo A., Mama A., Vranken I., Visser M. &amp; Bogaert J.<\/li>\n<\/ul>\n<ul>\n<li>Forest fragmentation : causes, ecological impacts and implications for landscape management &#8211; (2011) &#8211; <em>Landscape Ecology and Forest Management : Challenges and Solutions in a Changing Globe<\/em>, 273-296 &#8211; Bogaert J., Barima Y.S.S., Iyongo Waya Mongo L., Bamba I., Mama A., Toyi M. &amp; Lafortezza R.<\/li>\n<\/ul>\n<ul>\n<li>A methodological framework to quantify anthropogenic effects on landscape pattern &#8211; (2011) &#8211; <em>Landscape ecology in Asian Cultures<\/em>, 141-167 &#8211; Bogaert J., Barima Y.S.S., Jiang H., Bamba I., Iyongo W.M.L., Mama A., Nyssen E., Dahdouh-Guebas F. &amp; Koedam N.<\/li>\n<\/ul>\n<ul>\n<li>Ecological impact of habitat loss on African landscapes and biodiversity &#8211; (2011) &#8211; <em>Advances in environmental research<\/em> \u2013 14 : 365-388 &#8211; Vranken I., Djibu J. P., Munyemba F., Mama A., Iyongo L., Bamba I., Laghmouch M. &amp; Bogaert J.<\/li>\n<\/ul>\n<ul>\n<li>Mod\u00e9lisation de la dynamique du paysage forestier dans la r\u00e9gion de transition for\u00eat-savane \u00e0 l\u2019Est de la C\u00f4te d\u2019Ivoire &#8211; (2010) &#8211; <em>T\u00e9l\u00e9d\u00e9tection<\/em>, 9(2) : 129-138 &#8211; Barima Y.S.S., Egnankou W.M., N\u2019Doum\u00e9 C.T.A., Kouam\u00e9 F.N. &amp; Bogaert J.<\/li>\n<\/ul>\n<ul>\n<li>Determining cashew acreages in a fragmented landscape: Object vs. pixel based classification \u2013 (2010) &#8211; <em>Journal of earth Sciences<\/em>, 4(1) : 13-18 &#8211; Adama O., Z\u00e9nobe E.D., Sangne Y.C., Frazier B.E., Azagoh M.C. &amp; Konan N.A.<\/li>\n<\/ul>\n<ul>\n<li>Forest fragmentation: causes, ecological impacts and implications for landscape management &#8211; (2010) &#8211; <em>Landscape ecology and forest management : challenges and solutions in a changing globe,<\/em> 273-296, &#8211; Bogaert J., Barima Y.S.S., Iyongo W.M.L., Bamba I., Mama A., Toyi M. &amp; Lafortezza R.<\/li>\n<\/ul>\n<ul>\n<li>Influence de la densit\u00e9 de la population sur la structure spatiale d\u2019un paysage forestier dans le Bassin du Congo en R. D. Congo &#8211; (2010) &#8211; <em>Tropical Conservation Science<\/em>, 3 (1) : 43-56 &#8211; Bamba I., Barima Y.S.S. &amp; Bogaert J.<\/li>\n<\/ul>\n<ul>\n<li>Effets des routes et des villes sur la for\u00eat dense dans la province orientale de la R\u00e9publique D\u00e9mocratique du Congo &#8211; (2010) &#8211; <em>European Journal of Scientific Research<\/em>, 43 (3) : 417-429 &#8211; Bamba I., Yedmel M.S. &amp; Bogaert J.<\/li>\n<\/ul>\n","protected":false},"excerpt":{"rendered":"<p>Cocoa Production and Forest Dynamics in Ivory Coast from 1985 to 2019 &#8211; (2020) &#8211; Barima Y.S.S., Konan G.D., Kouakou A.T.M. &amp; Bogaert J. &#8211; Land, 9(524) : 1-22.\u00a0 doi:10.3390\/land9120524. Impact de la culture cacaoy\u00e8re sur le paysage en zone &hellip; <a href=\"https:\/\/griepe.net\/?page_id=1683\">Continuer la lecture <span class=\"meta-nav\">&rarr;<\/span><\/a><\/p>\n","protected":false},"author":1,"featured_media":0,"parent":0,"menu_order":0,"comment_status":"closed","ping_status":"closed","template":"","meta":{"footnotes":""},"_links":{"self":[{"href":"https:\/\/griepe.net\/index.php?rest_route=\/wp\/v2\/pages\/1683"}],"collection":[{"href":"https:\/\/griepe.net\/index.php?rest_route=\/wp\/v2\/pages"}],"about":[{"href":"https:\/\/griepe.net\/index.php?rest_route=\/wp\/v2\/types\/page"}],"author":[{"embeddable":true,"href":"https:\/\/griepe.net\/index.php?rest_route=\/wp\/v2\/users\/1"}],"replies":[{"embeddable":true,"href":"https:\/\/griepe.net\/index.php?rest_route=%2Fwp%2Fv2%2Fcomments&post=1683"}],"version-history":[{"count":19,"href":"https:\/\/griepe.net\/index.php?rest_route=\/wp\/v2\/pages\/1683\/revisions"}],"predecessor-version":[{"id":1944,"href":"https:\/\/griepe.net\/index.php?rest_route=\/wp\/v2\/pages\/1683\/revisions\/1944"}],"wp:attachment":[{"href":"https:\/\/griepe.net\/index.php?rest_route=%2Fwp%2Fv2%2Fmedia&parent=1683"}],"curies":[{"name":"wp","href":"https:\/\/api.w.org\/{rel}","templated":true}]}}