{"id":1693,"date":"2020-02-25T18:15:01","date_gmt":"2020-02-25T18:15:01","guid":{"rendered":"https:\/\/griepe.net\/?page_id=1693"},"modified":"2021-06-04T11:24:00","modified_gmt":"2021-06-04T11:24:00","slug":"axe-4-pollution-de-lenvironnement","status":"publish","type":"page","link":"https:\/\/griepe.net\/?page_id=1693","title":{"rendered":"Axe 4 : Pollution de l\u2019environnement"},"content":{"rendered":"<ul>\n<li>Gestion des d\u00e9chets solides du Centre Hospitalier R\u00e9gional de Daloa (centre-ouest de la C\u00f4te d\u2019Ivoire) et des risques associ\u00e9s &#8211; (2021) &#8211; <em>Environnement, Inge\u0301nierie &amp; De\u0301veloppement<\/em>, 1 : 26-32 \u00a0&#8211; Ko\ufb00i N., Y\u00e9o K.A.J., Kpangui K., Barima Y.S.S.<\/li>\n<\/ul>\n<ul>\n<li>Active and passive air quality bio-monitoring in the tropics: Intra-urban and seasonal variation in atmospheric particles estimated by leaf saturated isothermal remanent magnetisation of <em>Ficus benjamina<\/em> L (Moraceae) &#8211; (2019) &#8211; <em>African Journal of environmental Science and technology<\/em>, 13(2) : 524-534 &#8211; Koffi N.A., N&rsquo;Gouran K.P., Barima Y.S.S. &amp; Angaman D.M .<\/li>\n<\/ul>\n<ul>\n<li>Evaluation du peuplement du phytoplancton dans les bassins d\u2019une station d\u2019\u00e9puration des eaux us\u00e9es en milieu hospitalier (C\u00f4te d\u2019Ivoire) &#8211; (2019) &#8211; <em>\u00a0De\u0301chets Sciences et Techniques<\/em>, 81 : 43-53 &#8211; Sangne Y.C., Kouman A.D., N\u2019Gouran K.P. Kpangui K.B. &amp; Barima Y.S.S.<\/li>\n<\/ul>\n<ul>\n<li>Active biomonitoring of air quality using stomatal characteristics and particulate matter of Ficus benjamina L. leaf in a tropical urban environment &#8211; (2018) &#8211; <em>International Journal of Innovation Sciences and Research<\/em>, 7(8) : 1175-1180 &#8211; Koffi N.A., Traor\u00e9 K., Barima Y.S.S. &amp; Angaman D.M.<\/li>\n<\/ul>\n<ul>\n<li><a href=\"https:\/\/griepe.net\/wp-content\/uploads\/2018\/10\/Angaman_etal_2017_Study-of-lead-and-copper-accumulation-botanical-species-in-urban-environment.pdf\">Study of lead and copper accumulation by selected botanical species in urban environment<\/a> \u2013 (2017) &#8211; <em>World Review of Science, Technology and Sustainable Development,<\/em> 13 (3) : 205\u2013215 &#8211; Angaman D.M., Barima Y.S.S., Tra Bi Z.F., N\u2019gouran K.P. &amp; Dongui B.K .<\/li>\n<\/ul>\n<ul>\n<li>Environmental Pollution Bioindication Based on <em>Ficus benjamina <\/em>Leaf Reflectance in the City of Abidjan, C\u00f4te d\u2019Ivoire &#8211; (2016) &#8211; <em>Open Journal of Air Pollution<\/em>, 5 : 55-63, http:\/\/www.scirp.org\/journal\/ojap ,\u00a0 <a href=\"http:\/\/dx.doi.org\/10.4236\/ojap.2016.52006\">http:\/\/dx.doi.org\/10.4236\/ojap.2016.52006<\/a> &#8211; Tra Bi Z.F., Barima Y.S.S., Angaman D.M., Zadeh A.R.K. &amp; Traor\u00e9 K.<\/li>\n<\/ul>\n<ul>\n<li><a href=\"http:\/\/www.eeer.org\/upload\/eer-1455168762.pdf\">Involvement of leaf characteristics and wettability in retaining air particulate matter from tropical plant species<\/a> &#8211; (2016) &#8211;<em> Environmental Engineering Research, <\/em>21(2) : 121-131 &#8211; Barima Y.S.S., Angaman D.M., N\u2019gouran K.P., N\u2019guessan A.K., Tra Bi Z.F. &amp; Samson R.<\/li>\n<\/ul>\n<ul>\n<li><a href=\"http:\/\/www.rroij.com\/open-access\/detoxifying-hydrogen-peroxide-enzymes-activity-in-two-plant-140-145.pdf.php?aid=40126\">Detoxifying hydrogen peroxide enzymes activity in two plant species exposed to air pollution in Abidjan city (C\u00f4te d\u2019Ivoire) &#8211; (2015) &#8211; <\/a><em>International Journal of Plant, Animal and Environmental Sciences,<\/em> 5 (1) : 2231-4490 &#8211; N\u2019guessan A.K., Angaman D.M., Barima Y.S.S &amp; Dongui B.K.<\/li>\n<\/ul>\n<ul>\n<li><a href=\"http:\/\/www.sciencepublishinggroup.com\/journal\/paperinfo?journalid=162&amp;doi=10.11648\/j.ijema.20150301.14\">Evaluation of air pollution tolerance indices of four ornamental plants arranged along roadsides in Abidjan (C\u00f4te d\u2019Ivoire) &#8211; (2015) &#8211; \u00a0<\/a>\u00a0<em>International Journal of Environmental Monitoring and Analysis<\/em>; 3(1) : 22-27, http:\/\/www.sciencepublishinggroup.com\/j\/ijema, ISSN: 2328-7659 (Print); Tra Bi Z.F., Barima Y.S.S., Angaman D.M. &amp; Bini K.D.<\/li>\n<\/ul>\n<ul>\n<li><a href=\"http:\/\/www.afriquescience.info\/document.php?id=5656\">Distribution spatio-temporelle des particules fines dans le District d\u2019Abidjan, C\u00f4te d\u2019Ivoire : biomonitoring actif \u00e0 partir du SIRM des feuilles de <em>Barleria prionitis L.<\/em> et <em>Jatropha integerrima Jacq<\/em>. <\/a>\u00a0&#8211; (2015) &#8211; <em>Afrique Science <\/em>11(6) : 320-333, ISSN 1813-548X, <a href=\"http:\/\/www.afriquescience.info\">http:\/\/www.afriquescience.info<\/a> &#8211; N\u2019gouran K.P., Barima Y.S.S, Angaman D.M., Dongui B.K. &amp; N\u2019guessan K.E.<\/li>\n<\/ul>\n<ul>\n<li><a href=\"..\/..\/..\/Downloads\/IJIAS-14-216-08.pdf\">Biomonitoring de la pollution urbaine en zone tropicale \u00e0 partir des caract\u00e9ristiques spectrales et anatomiques des feuilles de <em>Ficus polita Vahl<\/em><\/a> &#8211; (2014) &#8211; <em>International Journal of Innovation and Applied Studies<\/em>, 8 (2) : 861-870, ISSN 2028-9324 &#8211; Tra Bi Z.F., Barima Y.S.S., Angaman D.M. &amp; Bini K.D.<\/li>\n<\/ul>\n<ul>\n<li><a href=\"http:\/\/www.sciencedirect.com\/science\/article\/pii\/S0048969713012266\">Assessing atmospheric particulate matter distribution based on Saturation Isothermal Remanent Magnetization of herbaceous and tree leaves in a tropical urban environment <\/a>\u2013 (2014) \u2013 <em>Science of the Total Environment,<\/em> 470\u2013471 : 975\u2013982 &#8211; Barima Y.S.S, Angaman D.M., N\u2019gouran K.P, N\u2019guessan A.K., Kardel F, De Canniere C. &amp; Samson R.<\/li>\n<\/ul>\n<ul>\n<li><a href=\"http:\/\/www.ajol.info\/index.php\/jab\/article\/view\/109555\">Distribution spatiale intra-urbaine des particules fines : monitoring par l\u2019Aimantation R\u00e9manente Isotherme \u00e0 Saturation des feuilles (SIRM) en milieu tropical urbain (C\u00f4te d\u2019Ivoire).<\/a> \u2013 (2014) \u2013 <em>Journal of Applied Biosciences, <\/em>81 :7186 \u2013 7197, ISSN 1997\u20135902 &#8211; N\u2019gouran K.P., Barima Y.S.S, Angaman D.M., Koffi N.A., Tra Bi Z.F., DA K.P. &amp; Dongui B.K.<\/li>\n<\/ul>\n<ul>\n<li><a href=\"http:\/\/www.ajol.info\/index.php\/jab\/article\/viewFile\/105840\/95847\">Les caract\u00e9ristiques des stomates des feuilles de <em>Ficus benjamina L<\/em>. comme bioindicateurs potentiels de la qualit\u00e9 de l\u2019air dans la ville d\u2019Abidjan (C\u00f4te d\u2019Ivoire)<\/a> &#8211; (2014) &#8211; <em>Journal of Applied Biosciences<\/em>, 78 : 6675\u20136684 &#8211; Koffi N. A., Barima Y.S.S, Angaman D.M. &amp; Dongui B.K.<\/li>\n<\/ul>\n","protected":false},"excerpt":{"rendered":"<p>Gestion des d\u00e9chets solides du Centre Hospitalier R\u00e9gional de Daloa (centre-ouest de la C\u00f4te d\u2019Ivoire) et des risques associ\u00e9s &#8211; (2021) &#8211; Environnement, Inge\u0301nierie &amp; De\u0301veloppement, 1 : 26-32 \u00a0&#8211; Ko\ufb00i N., Y\u00e9o K.A.J., Kpangui K., Barima Y.S.S. Active and &hellip; <a href=\"https:\/\/griepe.net\/?page_id=1693\">Continuer la lecture <span class=\"meta-nav\">&rarr;<\/span><\/a><\/p>\n","protected":false},"author":1,"featured_media":0,"parent":0,"menu_order":0,"comment_status":"closed","ping_status":"closed","template":"","meta":{"footnotes":""},"_links":{"self":[{"href":"https:\/\/griepe.net\/index.php?rest_route=\/wp\/v2\/pages\/1693"}],"collection":[{"href":"https:\/\/griepe.net\/index.php?rest_route=\/wp\/v2\/pages"}],"about":[{"href":"https:\/\/griepe.net\/index.php?rest_route=\/wp\/v2\/types\/page"}],"author":[{"embeddable":true,"href":"https:\/\/griepe.net\/index.php?rest_route=\/wp\/v2\/users\/1"}],"replies":[{"embeddable":true,"href":"https:\/\/griepe.net\/index.php?rest_route=%2Fwp%2Fv2%2Fcomments&post=1693"}],"version-history":[{"count":5,"href":"https:\/\/griepe.net\/index.php?rest_route=\/wp\/v2\/pages\/1693\/revisions"}],"predecessor-version":[{"id":1935,"href":"https:\/\/griepe.net\/index.php?rest_route=\/wp\/v2\/pages\/1693\/revisions\/1935"}],"wp:attachment":[{"href":"https:\/\/griepe.net\/index.php?rest_route=%2Fwp%2Fv2%2Fmedia&parent=1693"}],"curies":[{"name":"wp","href":"https:\/\/api.w.org\/{rel}","templated":true}]}}