{"id":1701,"date":"2020-02-25T18:25:49","date_gmt":"2020-02-25T18:25:49","guid":{"rendered":"https:\/\/griepe.net\/?page_id=1701"},"modified":"2022-01-17T16:21:07","modified_gmt":"2022-01-17T16:21:07","slug":"axe-2-biodiversite-et-services-ecosystemiques-2","status":"publish","type":"page","link":"https:\/\/griepe.net\/?page_id=1701","title":{"rendered":"Axe 2 : Biodiversit\u00e9 et services \u00e9cosyst\u00e9miques"},"content":{"rendered":"<ul>\n<li><a href=\"https:\/\/cdnsciencepub.com\/doi\/10.1139\/cjfr-2019-0443\">Evaluation des services d\u2019approvisionnement fournis par les espaces domaniaux anthropis\u00e9s : cas de la for\u00eat class\u00e9e du Haut-Sassandra (Centre-Ouest de la C\u00f4te d\u2019Ivoire)<\/a> &#8211; (2020) &#8211; Assal\u00e9 A.A.Y., Barima Y.S.S., Sangne Y.C., Bleu D.K.C.R, Kpangui K.B. &#8211; <em>Canadian Journal of Forest Research<\/em>, 50 : 1002-1011.<\/li>\n<\/ul>\n<ul>\n<li><a href=\"https:\/\/pdfs.semanticscholar.org\/42ed\/c24a5ac3c3225bc2cf2395e0d535c3bec47c.pdf?_ga=2.61149612.1478043137.1642434617-1217909373.1636617595\">Dynamics of supply services provided by a protected forest in C\u00f4te d&rsquo;Ivoire<\/a> &#8211; (2020) &#8211; Barima Y.S.S., Assal\u00e9 A.A.Y., Adiko A.F.A.E., Kouakou A.T.M., Bamba I. &#8211; <em>International Journal of Biodiversity and Conservation<\/em>, 12(4) : 337-349.<\/li>\n<\/ul>\n<ul>\n<li><a href=\"https:\/\/www.researchgate.net\/publication\/343237048_Disponibilite_des_plantes_utilitaires_dans_la_zone_de_conservation_de_biodiversite_du_barrage_hydroelectrique_de_Soubre_Sud-Ouest_Cote_d'Ivoire\">Disponibilit\u00e9 des plantes utilitaires dans la zone de conservation de biodiversit\u00e9 du barrage hydro\u00e9lectrique de Soubr\u00e9, Sud-Ouest, C\u00f4te d\u2019Ivoire<\/a> &#8211; (2020) &#8211; Kouadio Y.J.C., Kpangui K.B., N\u2019Guessan Olivier Y.A.O., Ti\u00e9br\u00e9 M.S., Ouattara D. &amp; N\u2019Guessan K.E. &#8211; <em>Afrique SCIENCE<\/em>, 16(6) : 65-74.<\/li>\n<\/ul>\n<ul>\n<li><a href=\"https:\/\/ijaeb.org\/uploads2019\/AEB_04_442.pdf\">Dynamics of floristic diversity of the Haut-Sassandra classified forest (Central West of Ivory Coast) and implications for conservation<\/a> &#8211; (2019) &#8211; Kouakou A.T.M., Barima Y.S.S. &amp; Bogaert J- <em>International Journal of Agriculture, Environment and Bioresearch<\/em>, 4(6) : 326-342.<\/li>\n<\/ul>\n<ul>\n<li><a href=\"https:\/\/m.elewa.org\/Journals\/wp-content\/uploads\/2019\/09\/5.Timite-4.pdf\">Exploitations cacaoy\u00e8res et pratiques culturales au sein d\u2019un espace domanial : cas de la for\u00eat class\u00e9e du Haut-Sassandra (FCHS), C\u00f4te d\u2019Ivoire<\/a>&#8211; (2019) &#8211; Timit\u00e9 N., Sangne Y.C., Kpangui K.B., Barima Y.S.S. &#8211; <em>Journal of Animal &amp; Plant Sciences<\/em>, 41 (3): 7015-7028.<\/li>\n<\/ul>\n<ul>\n<li><a href=\"https:\/\/griepe.net\/wp-content\/uploads\/2021\/04\/2019_Zanh-etal_Migration-and-Agricultural-Practices-in-the-Peripheral-Areas-of-Cote-dIvoire-State-Owned-Forests.pdf\">Migration and Agricultural Practices in the Peripheral Areas of Co\u0302te d\u2019Ivoire State-Owned Forests<\/a> &#8211; (2019) &#8211; <em>Sustainability<\/em>, 11<em>\u00a0<\/em>: 1-13 &#8211; Zanh G.G., Kpangui K.B., Barima Y.S.S. &amp; Bogaert J.<\/li>\n<\/ul>\n<ul>\n<li><a href=\"https:\/\/griepe.net\/wp-content\/uploads\/2021\/04\/2019-Kpangui-et-al_Etat-de-la-diversite-floristique-et-valeur-de-conservation.pdf\">Etat de la diversit\u00e9 floristique et valeur de conservation des fragments forestiers r\u00e9siduels du domaine de la Soci\u00e9t\u00e9 des caoutchoucs de Grand B\u00e9r\u00e9by (Sud-Ouest de la C\u00f4te d\u2019Ivoire)<\/a> &#8211; (2019) &#8211; <em>Revue de l\u2019Environnement et de la Biodiversit\u00e9 &#8211; PASRES<\/em>, 4 (1)\u00a0: 9 \u2013 22 &#8211; Kpangui K.B., Sangne Y.C., Vroh B. T.A. &amp; Assi Y.J.<\/li>\n<\/ul>\n<ul>\n<li><a href=\"https:\/\/griepe.net\/wp-content\/uploads\/2021\/04\/2019_Kouassi-Appolinaire_Vulnerability-of-source-species-of-non-timber-forest-products-of-plant-origin-exploited.pdf\">Vulnerability of source species of non-timber forest products of plant origin exploited by riparian owners of protected areas : The case of the classified forest of Haut-Sassandra, in the Centre-West of C\u00f4te d&rsquo;Ivoire<\/a> &#8211; (2019) &#8211; <em>International Journal of Applied Research<\/em>, 5(12)\u00a0: 18-31- Kouakou K.A., Traor\u00e9 K., Sangne Y.C. &amp; Barima Y.S.S.<\/li>\n<\/ul>\n<ul>\n<li>\u00c9tat de la diversit\u00e9 floristique et valeur de conservation des fragments forestiers r\u00e9siduels du domaine de la Soci\u00e9t\u00e9 des Caoutchoucs de Grand B\u00e9r\u00e9by (sud-ouest de la C\u00f4te d&rsquo;Ivoire) &#8211; (2019) &#8211; <em>REB-PASRES<\/em>, 4(1)\u00a0: 9-22 &#8211; Kpangui K.B., Sangne Y.C., Vroh B.T.A. &amp; Assi Y.J.<\/li>\n<\/ul>\n<ul>\n<li>Diversit\u00e9 structurale d\u2019une aire prot\u00e9g\u00e9e urbaine : Cas du Parc National du Banco (Co\u0302te d\u2019Ivoire) &#8211; (2019) &#8211; <em>International Journal of Innovation and Applied Studies<\/em>, 24(4) : 1761-1772 &#8211; Sangne Y.S., Kouakou K.A., Bamba I., Kpangui K.B. &amp; Barima Y.S.S.<\/li>\n<\/ul>\n<ul>\n<li>Establishment of simple criteria for the identification of cassava clones produced in Cote d\u2019Ivoire &#8211; (2019) &#8211; <em>International Journal of Biological and Chemical Science<\/em>, 13(6) : 2478-2486; ISSN: 1997-342X &#8211; Traor\u00e9 K., Sylla M., Bamba I. &amp; Ouattara C.<\/li>\n<\/ul>\n<ul>\n<li>Agrosyst\u00e8mes et conservation de la diversit\u00e9 v\u00e9g\u00e9tale dans la p\u00e9riph\u00e9rie de la For\u00eat class\u00e9e du Haut-Sassandra (Centre-ouest de la C\u00f4te d\u2019Ivoire) &#8211; (2019) &#8211; <em>European Journal of Scientific Research<\/em>, 154 (4) : 443- 457, <em>ISSN :<\/em> 1450202X \u2013 Bamba I., Zanh G.G, Kambire B., Sangne Y.C. &amp; Barima Y.S.S.<\/li>\n<\/ul>\n<ul>\n<li>Impact des pressions anthropiques sur la flore de la for\u00eat class\u00e9e du Haut-Sassandra (Centre-ouest de la C\u00f4te d\u2019Ivoire) &#8211; (2018) &#8211; <em>Tropicultura<\/em>, 36\u00a0(2) : 155-170 &#8211; Kouakou A.T.M., Assal\u00e9 A.A.Y &amp; Barima Y.S.S.<\/li>\n<\/ul>\n<ul>\n<li>Analyse des profils \u00e9cologiques des produits forestiers non ligneux dans la r\u00e9gion du Haut-Sassandra (Centre-ouest de la C\u00f4te d\u2019Ivoire) &#8211; (2018) &#8211; <em>Tropicultura<\/em>, 36(2) : 435-446 &#8211; Kouakou K.A., Barima Y.S.S., Kpangui B. &amp; Godron M.<\/li>\n<\/ul>\n<ul>\n<li>Diversit\u00e9 structurale d\u2019une aire prot\u00e9g\u00e9e urbaine : cas du Parc National du Banco (C\u00f4te d\u2019Ivoire) &#8211; (2018) \u2013 <em>International Journal of Innovation and Applied Studies<\/em>, 24(4)\u00a0: 1761-1772 &#8211; Sangne Y.C., Kouakou K.A., Bamba I., Kpangui K.B. &amp; Barima Y.S.S.<\/li>\n<\/ul>\n<ul>\n<li>Diversit\u00e9 des Mammif\u00e8res et valeur pour la conservation des reliques foresti\u00e8res au sein d\u2019une concession agro-industrielle au sud-ouest de la C\u00f4te d\u2019Ivoire \u2013 (2018) &#8211; <em>VertigO-la revue \u00e9lectronique en sciences de l&rsquo;environnement<\/em>,\u00a018 (1) &#8211; Bohoussou K.H., Akpatou K.B., Kouassi Y.W.R. &amp; Kpangui K.B.<\/li>\n<\/ul>\n<ul>\n<li>Diversit\u00e9 floristique et structure des fragments forestiers du sud-ouest du parc national de la Como\u00e9 apr\u00e8s les conflits des ann\u00e9es 2000 en C\u00f4te d\u2019Ivoire \u2013 (2017) \u2013 <em>European Scientific Journal, <\/em>13(2)\u00a0: 421\u2013439 &#8211; Y\u00e9o Z.S., Sangne Y.C., Barima Y.S.S., Bamba I. &amp; Kouakou K.A.<\/li>\n<\/ul>\n<ul>\n<li><a href=\"http:\/\/www.scirp.org\/journal\/PaperInformation.aspx?PaperID=68320\">A Survey of the Floristic Diversity of the National Park of Marahou\u00e9 after the Armed Conflicts in Ivory Coast &#8211;<\/a> (2016) &#8211; <em>Open Journal of Forestry<\/em>, 6 : 259-268 &#8211; Barima Y.S.S, Kouakou Kouassi A., Kouakou Akoua T.M. &amp; Sangne Y.C.<\/li>\n<\/ul>\n<ul>\n<li>Comparing Suitable Habitat Models to Predict Rare and Endemic Plant Species Distributions : What are the Limits of the Niche of <em>Cola lorougnonis <\/em>(Malvaceae) in C\u00f4te d&rsquo;Ivoire ? &#8211; (2016) &#8211; <em>Environment and Natural Resources Research<\/em>, 6 (3) &#8211; Vroh B.T.A., Adou Yao C.Y., Kpangui K.B., Gon\u00e9 B.Z.B., Kouam\u00e9 D., Koffi K. J., B\u00e9n\u00e9 J.C. K. &amp; N\u2019Guessan K.E.<\/li>\n<\/ul>\n<ul>\n<li>Diversit\u00e9 floristique de la r\u00e9gion de Foungbesso en zone de transition for\u00eat \u2013savane \u00e0 l\u2019ouest de la C\u00f4te d\u2019Ivoire \u2013 (2016) &#8211; <em>International Journal of Biological and Chemical Sciences, <\/em>10 (3) : 1007\u20131016 &#8211; Tiebre M-S., Ouattara D., Kpangui K.B., Kouassi D.F. &amp; N\u2019Guessan K.E.<\/li>\n<\/ul>\n<ul>\n<li>Pratiques culturales, valeurs d\u2019usage et perception des paysans des esp\u00e8ces compagnes du cacaoyer dans des agrofor\u00eats traditionnelles au centre de la C\u00f4te d\u2019Ivoire\u00a0 &#8211; (2016) &#8211; <em>Revue d\u2019ethno\u00e9cologie &#8211;<\/em> Adou Yao C.Y., Kpangui K.B., Vroh B.T.A. &amp; Ouattara D.<\/li>\n<\/ul>\n<ul>\n<li><a href=\"https:\/\/griepe.net\/wp-content\/uploads\/2018\/10\/Zanh_etal.2016_Usages_PFNL.pdf\">Usages des produits forestiers non-ligneux selon les communaut\u00e9s riveraines de la for\u00eat class\u00e9e du Haut-Sassandra (Centre-Ouest de la C\u00f4te d\u2019Ivoire)<\/a> \u2013 (2016) \u2013 <em>International Journal of Pure and Applied Bioscience, <\/em>4(5) : 212-225, doi: <a href=\"http:\/\/dx.doi.org\/10.18782\/2320-7051.2346\">http:\/\/dx.doi.org\/10.18782\/2320-7051.2346<\/a> &#8211; Zanh G.G., Barima Y.S.S., Kouakou K. A. &amp; Sangne Y.C.<\/li>\n<\/ul>\n<ul>\n<li>Richesse et diversit\u00e9 floristique dans les biotopes environnant la for\u00eat class\u00e9e de la T\u00e9n\u00e9 dans le d\u00e9partement d\u2019Oum\u00e9 en C\u00f4te d\u2019Ivoire \u2013 (2015) \u2013 <em>Journal of Animal &amp; Plant Science<\/em>s, 24 ( 1) : 3700 -3713, ISSN 2071 \u2013 7024 &#8211; Kouassi K.E., Sangne Y.C. &amp; Kouassi K.H.<\/li>\n<\/ul>\n<ul>\n<li>Diversit\u00e9 v\u00e9g\u00e9tale post-conflits arm\u00e9s de la for\u00eat class\u00e9e du Haut-Sassandra (Centre-Ouest de la C\u00f4te d\u2019Ivoire) \u2013 (2015) \u2013 <em>Journal of Animal &amp; Plant Sciences<\/em>, 26 (2)\u00a0: 4058 \u2013 4071 &#8211; Kouakou K.A., Barima Y.S.S., Kouakou A.T.M., Sangne Y.C., Bamba I. &amp; N\u2019guessan K.F.<\/li>\n<\/ul>\n<ul>\n<li>Distribution des \u00e9piphytes de C\u00f4te d\u2019Ivoire : effets des zones phytog\u00e9ographiques et des variations pluviom\u00e9triques \u2013 (2015) &#8211; <em>Afrique Sciences<\/em>, 11(1)\u00a0: 175\u2013186 &#8211; Gnagbo A., Kpangui K.B. &amp; Adou Yao C.Y.<\/li>\n<\/ul>\n<ul>\n<li>Diversit\u00e9 floristique et structurale des cacaoy\u00e8res du \u00ab V Baoul\u00e9 \u00bb : cas de la sous-pr\u00e9fecture de Kokumbo (Centre, C\u00f4te d\u2019Ivoire) \u2013 (2015) &#8211; <em>European Scientific Journal,<\/em> 11 (36) : 40-60 &#8211; Kpangui K.B., Vroh B.T.A., Gone B.Z.B. &amp; Adou Yao C.Y.<\/li>\n<\/ul>\n<ul>\n<li>Dynamics of woody species during the post-harvest regeneration in the semi-deciduous forest of C\u00f4te d\u2019Ivoire \u2013 (2013) \u2013 <em>Global Journal of Biology, Agriculture &amp; Health Sciences,<\/em> 2(3) : 62-67 &#8211; Kouassi K.H., Sangne Y.C. &amp; N\u2019Guessan K.E.<\/li>\n<\/ul>\n<ul>\n<li>Diversit\u00e9 floristique et Valeur de conservation de la Foret Sacr\u00e9e Bokass\u00f4, Est de la C\u00f4te d\u2019Ivoire \u2013 (2013) &#8211; <em>VertigO<\/em>, 13 (1) &#8211; Adou Yao C.Y., Kpangui K.B., Adou L.M.D., Kouao K.J., Vroh B.T.A. &amp; N\u2019Guessan K.E.<\/li>\n<\/ul>\n<ul>\n<li>Diversit\u00e9 v\u00e9g\u00e9tale et valeur pour la conservation de la r\u00e9serve botanique d\u2019Agbaou en cr\u00e9ation, Centre-ouest, C\u00f4te d\u2019Ivoire \u2013 (2013) &#8211; <em>Journal of Animal &amp; Plant Sciences<\/em>, 20 (1) : 3034-3047 &#8211; \u00a0Ouattara D., Vroh B. T.A., Kpangui K.B. &amp; N\u2019Guessan K.E.<\/li>\n<\/ul>\n<ul>\n<li>Influence of forest degradation on tree diversity in a forest-savannah transition in eastern Ivory Coast &#8211; (2012) &#8211; <em>International Journal of Biological and Chemical Sciences<\/em>, 6(4) : 1467-1479 &#8211; Barima Y.S.S., Angaman D.M., De Canni\u00e8re C. &amp; Bogaert J.<\/li>\n<\/ul>\n<ul>\n<li><a href=\"http:\/\/popups.ulg.ac.be\/1780-4507\/index.php?id=6345\">Relation entre la composition floristique et des indicateurs de la fragmentation du paysage dans une r\u00e9gion de transition for\u00eat-savane ivoirienne &#8211; (2010) &#8211;<\/a> <em>Biotechnology, Agronomy, Society and Environment<\/em>, 14(4) : 617-625 &#8211; Barima Y.S.S., Barbier N., Ouattara B. &amp; Bogaert J.<\/li>\n<\/ul>\n<ul>\n<li>Diversity of a mosaic ecosystem in the surroundings of the T\u00e9n\u00e9 classified forest (Oum\u00e9), Western Center of C\u00f4te d\u2019Ivoire \u2013 (2008) \u2013 <em>European Journal of Scientific Research, <\/em>20 (2) : 406-418 ; ISSN 1450\u2013216X &#8211; N\u2019Guessan K.E., Kouassi K.E. &amp; Sangne Y.C.<\/li>\n<\/ul>\n","protected":false},"excerpt":{"rendered":"<p>Evaluation des services d\u2019approvisionnement fournis par les espaces domaniaux anthropis\u00e9s : cas de la for\u00eat class\u00e9e du Haut-Sassandra (Centre-Ouest de la C\u00f4te d\u2019Ivoire) &#8211; (2020) &#8211; Assal\u00e9 A.A.Y., Barima Y.S.S., Sangne Y.C., Bleu D.K.C.R, Kpangui K.B. &#8211; Canadian Journal of &hellip; <a href=\"https:\/\/griepe.net\/?page_id=1701\">Continuer la lecture <span class=\"meta-nav\">&rarr;<\/span><\/a><\/p>\n","protected":false},"author":1,"featured_media":0,"parent":0,"menu_order":0,"comment_status":"closed","ping_status":"closed","template":"","meta":{"footnotes":""},"_links":{"self":[{"href":"https:\/\/griepe.net\/index.php?rest_route=\/wp\/v2\/pages\/1701"}],"collection":[{"href":"https:\/\/griepe.net\/index.php?rest_route=\/wp\/v2\/pages"}],"about":[{"href":"https:\/\/griepe.net\/index.php?rest_route=\/wp\/v2\/types\/page"}],"author":[{"embeddable":true,"href":"https:\/\/griepe.net\/index.php?rest_route=\/wp\/v2\/users\/1"}],"replies":[{"embeddable":true,"href":"https:\/\/griepe.net\/index.php?rest_route=%2Fwp%2Fv2%2Fcomments&post=1701"}],"version-history":[{"count":11,"href":"https:\/\/griepe.net\/index.php?rest_route=\/wp\/v2\/pages\/1701\/revisions"}],"predecessor-version":[{"id":2087,"href":"https:\/\/griepe.net\/index.php?rest_route=\/wp\/v2\/pages\/1701\/revisions\/2087"}],"wp:attachment":[{"href":"https:\/\/griepe.net\/index.php?rest_route=%2Fwp%2Fv2%2Fmedia&parent=1701"}],"curies":[{"name":"wp","href":"https:\/\/api.w.org\/{rel}","templated":true}]}}