{"id":1956,"date":"2021-07-27T20:55:48","date_gmt":"2021-07-27T20:55:48","guid":{"rendered":"https:\/\/griepe.net\/?page_id=1956"},"modified":"2021-08-12T05:12:52","modified_gmt":"2021-08-12T05:12:52","slug":"membres-permanents","status":"publish","type":"page","link":"https:\/\/griepe.net\/?page_id=1956","title":{"rendered":"Membres permanents"},"content":{"rendered":"\n<p><strong><u>Chercheurs<\/u> et Enseignant-chercheurs<\/strong>:<\/p>\n\n\n\n<ul><li>Dr BARIMA Y. S. Sabas<\/li><li>Dr BAMBA Issouf<\/li><li>Dr SANGNE Y. Charles<\/li><li>Dr KPANGUI K. Bruno<\/li><li>Dr KOUAKOU A. Tamia<\/li><li>Dr NGOURAN K. Pierre<\/li><li>Dr KOFFI N. Achille<\/li><li>Dr KOUAKOU K. Apollinaire<\/li><li>Dr ZANH Golou Gis\u00e8le<\/li><li>Dr ASSALE A. Yvette<\/li><li>KOUA K. Noel<\/li><li>TIMITE Nakouana<\/li><li>KOUMAN K. Jean Marc<\/li><\/ul>\n\n\n\n<div class=\"wp-block-group\"><div class=\"wp-block-group__inner-container is-layout-flow wp-block-group-is-layout-flow\">\n<div class=\"wp-block-group\"><div class=\"wp-block-group__inner-container is-layout-flow wp-block-group-is-layout-flow\">\n<div class=\"wp-block-image is-style-rounded\"><figure class=\"alignleft is-resized\"><img loading=\"lazy\" decoding=\"async\" src=\"https:\/\/griepe.net\/wp-content\/uploads\/2021\/08\/image-1.png\" alt=\"\" class=\"wp-image-2040\" width=\"153\" height=\"189\"\/><\/figure><\/div>\n\n\n\n<div class=\"wp-block-columns is-layout-flex wp-container-core-columns-is-layout-1 wp-block-columns-is-layout-flex\">\n<div class=\"wp-block-column is-layout-flow wp-block-column-is-layout-flow\" style=\"flex-basis:100%\">\n<pre class=\"wp-block-preformatted\"><strong>Dr<\/strong> <strong><strong>BARIMA Yao Sadaiou Sabas<\/strong><\/strong>\nProfesseur titulaire\nSp\u00e9cialiste Ecologie du Paysage et environnement\n<strong>Coordonateur du GRIEPE<\/strong>\n<strong>Contact<\/strong> : +225 0749648867\n <strong>E-mail<\/strong>: byssabas@yahoo.fr<\/pre>\n<\/div>\n<\/div>\n<\/div><\/div>\n\n\n\n<p><\/p>\n\n\n\n<div class=\"wp-block-group\"><div class=\"wp-block-group__inner-container is-layout-flow wp-block-group-is-layout-flow\">\n<div class=\"wp-block-group\"><div class=\"wp-block-group__inner-container is-layout-flow wp-block-group-is-layout-flow\">\n<div class=\"wp-block-group\"><div class=\"wp-block-group__inner-container is-layout-flow wp-block-group-is-layout-flow\">\n<div class=\"wp-block-image is-style-rounded\"><figure class=\"alignleft size-large is-resized\"><img loading=\"lazy\" decoding=\"async\" src=\"https:\/\/griepe.net\/wp-content\/uploads\/2021\/08\/bisso-1.jpg\" alt=\"\" class=\"wp-image-2047\" width=\"201\" height=\"196\"\/><\/figure><\/div>\n\n\n\n<div class=\"wp-block-columns is-layout-flex wp-container-core-columns-is-layout-2 wp-block-columns-is-layout-flex\">\n<div class=\"wp-block-column is-layout-flow wp-block-column-is-layout-flow\" style=\"flex-basis:100%\">\n<pre class=\"wp-block-preformatted\"><strong>Dr<\/strong> <strong><strong>BAMBA Issouf<\/strong><\/strong>\nMa\u00eetre de conf\u00e9rences\nSp\u00e9cialiste Ecologie v\u00e9g\u00e9tale, SIG \nExpertise en am\u00e9nagement et gestion de paysages naturels\n<strong>Responsable site WEB du GRIEPE<\/strong>\n<strong>Contact<\/strong> : +225 0749600286\n <strong>E-mail<\/strong>: bambisso@yahoo.fr<\/pre>\n<\/div>\n<\/div>\n<\/div><\/div>\n<\/div><\/div>\n<\/div><\/div>\n<\/div><\/div>\n\n\n\n<p><\/p>\n","protected":false},"excerpt":{"rendered":"<p>Chercheurs et Enseignant-chercheurs: Dr BARIMA Y. S. Sabas Dr BAMBA Issouf Dr SANGNE Y. Charles Dr KPANGUI K. Bruno Dr KOUAKOU A. Tamia Dr NGOURAN K. Pierre Dr KOFFI N. Achille Dr KOUAKOU K. Apollinaire Dr ZANH Golou Gis\u00e8le Dr &hellip; <a href=\"https:\/\/griepe.net\/?page_id=1956\">Continuer la lecture <span class=\"meta-nav\">&rarr;<\/span><\/a><\/p>\n","protected":false},"author":1,"featured_media":0,"parent":0,"menu_order":0,"comment_status":"closed","ping_status":"closed","template":"","meta":{"footnotes":""},"_links":{"self":[{"href":"https:\/\/griepe.net\/index.php?rest_route=\/wp\/v2\/pages\/1956"}],"collection":[{"href":"https:\/\/griepe.net\/index.php?rest_route=\/wp\/v2\/pages"}],"about":[{"href":"https:\/\/griepe.net\/index.php?rest_route=\/wp\/v2\/types\/page"}],"author":[{"embeddable":true,"href":"https:\/\/griepe.net\/index.php?rest_route=\/wp\/v2\/users\/1"}],"replies":[{"embeddable":true,"href":"https:\/\/griepe.net\/index.php?rest_route=%2Fwp%2Fv2%2Fcomments&post=1956"}],"version-history":[{"count":4,"href":"https:\/\/griepe.net\/index.php?rest_route=\/wp\/v2\/pages\/1956\/revisions"}],"predecessor-version":[{"id":2050,"href":"https:\/\/griepe.net\/index.php?rest_route=\/wp\/v2\/pages\/1956\/revisions\/2050"}],"wp:attachment":[{"href":"https:\/\/griepe.net\/index.php?rest_route=%2Fwp%2Fv2%2Fmedia&parent=1956"}],"curies":[{"name":"wp","href":"https:\/\/api.w.org\/{rel}","templated":true}]}}