{"id":1961,"date":"2021-07-28T02:09:05","date_gmt":"2021-07-28T02:09:05","guid":{"rendered":"https:\/\/griepe.net\/?page_id=1961"},"modified":"2021-07-28T02:53:17","modified_gmt":"2021-07-28T02:53:17","slug":"memorants-masters","status":"publish","type":"page","link":"https:\/\/griepe.net\/?page_id=1961","title":{"rendered":"Memorants Masters"},"content":{"rendered":"\n<p><strong><span class=\"has-inline-color has-vivid-red-color\">Masters 2020-2021<\/span><\/strong><\/p>\n\n\n\n<ul><li><a href=\"https:\/\/griepe.net\/wp-content\/uploads\/2021\/07\/Alle-Josiane-Esther.pdf\">ALLE Josiane Esther Jemima<\/a><\/li><li><a href=\"https:\/\/griepe.net\/wp-content\/uploads\/2021\/07\/Biography_DJE-J-B2.pdf\">DJE Yao Jean Baptiste<\/a><\/li><li><a href=\"https:\/\/griepe.net\/wp-content\/uploads\/2021\/07\/Biography_GNANDET.pdf\">GNANDET Freddy Donald<\/a><\/li><li><a href=\"https:\/\/griepe.net\/wp-content\/uploads\/2021\/07\/Biography_GONSAN.pdf\">GONSAN D\u00e9doh Pac\u00f4me<\/a><\/li><li><a href=\"https:\/\/griepe.net\/wp-content\/uploads\/2021\/07\/Biography_KOFFI-AMA.pdf\">KOFFI Ama Ange Laeticia<\/a><\/li><li><a href=\"https:\/\/griepe.net\/wp-content\/uploads\/2021\/07\/Description_-Tiemoko.pdf\">KONE Tiemoko<\/a><\/li><li><a href=\"https:\/\/griepe.net\/wp-content\/uploads\/2021\/07\/Biography_KOUASSI_JenLuc.pdf\">KOUASSI Jean-Luc<\/a><\/li><li><a href=\"https:\/\/griepe.net\/wp-content\/uploads\/2021\/07\/Biography_OUATTARA-Youssoufou.pdf\">OUATTARA Youssoufou<\/a>`<\/li><li><a href=\"https:\/\/griepe.net\/wp-content\/uploads\/2021\/07\/Biography_TOUBOUI2.pdf\">TOUBOUI Jean Cl\u00e9ment Dominic<\/a><\/li><li><a href=\"https:\/\/griepe.net\/wp-content\/uploads\/2021\/07\/ZANGO-EUGENIE.pdf\">ZANGO Eugenie<\/a><\/li><li><a href=\"https:\/\/griepe.net\/wp-content\/uploads\/2021\/07\/Biography_ZIGBE-Paulin.pdf\">ZIGBE Paulin<\/a><\/li><\/ul>\n","protected":false},"excerpt":{"rendered":"<p>Masters 2020-2021 ALLE Josiane Esther Jemima DJE Yao Jean Baptiste GNANDET Freddy Donald GONSAN D\u00e9doh Pac\u00f4me KOFFI Ama Ange Laeticia KONE Tiemoko KOUASSI Jean-Luc OUATTARA Youssoufou` TOUBOUI Jean Cl\u00e9ment Dominic ZANGO Eugenie ZIGBE Paulin<\/p>\n","protected":false},"author":1,"featured_media":0,"parent":0,"menu_order":0,"comment_status":"closed","ping_status":"closed","template":"","meta":{"footnotes":""},"_links":{"self":[{"href":"https:\/\/griepe.net\/index.php?rest_route=\/wp\/v2\/pages\/1961"}],"collection":[{"href":"https:\/\/griepe.net\/index.php?rest_route=\/wp\/v2\/pages"}],"about":[{"href":"https:\/\/griepe.net\/index.php?rest_route=\/wp\/v2\/types\/page"}],"author":[{"embeddable":true,"href":"https:\/\/griepe.net\/index.php?rest_route=\/wp\/v2\/users\/1"}],"replies":[{"embeddable":true,"href":"https:\/\/griepe.net\/index.php?rest_route=%2Fwp%2Fv2%2Fcomments&post=1961"}],"version-history":[{"count":3,"href":"https:\/\/griepe.net\/index.php?rest_route=\/wp\/v2\/pages\/1961\/revisions"}],"predecessor-version":[{"id":1976,"href":"https:\/\/griepe.net\/index.php?rest_route=\/wp\/v2\/pages\/1961\/revisions\/1976"}],"wp:attachment":[{"href":"https:\/\/griepe.net\/index.php?rest_route=%2Fwp%2Fv2%2Fmedia&parent=1961"}],"curies":[{"name":"wp","href":"https:\/\/api.w.org\/{rel}","templated":true}]}}