{"id":2167,"date":"2024-06-13T17:35:03","date_gmt":"2024-06-13T17:35:03","guid":{"rendered":"https:\/\/griepe.net\/?page_id=2167"},"modified":"2024-06-14T03:59:53","modified_gmt":"2024-06-14T03:59:53","slug":"caracterisation-des-proprietes-physiques-et-chimiques-du-sol","status":"publish","type":"page","link":"https:\/\/griepe.net\/?page_id=2167","title":{"rendered":"Caract\u00e9risation des propri\u00e9t\u00e9s physiques et chimiques du sol"},"content":{"rendered":"<a href=\"https:\/\/griepe.net\/wp-content\/uploads\/2024\/06\/Caracterisation-des-proprietes-physiques-et-chimiques-du-sol-de-lUJLoG.pdf\" class=\"pdfemb-viewer\" style=\"\" data-width=\"max\" data-height=\"max\" data-toolbar=\"bottom\" data-toolbar-fixed=\"off\">Caract\u00e9risation des propri\u00e9t\u00e9s physiques et chimiques du sol de l&#039;UJLoG<\/a>\n\n\n<p><\/p>\n","protected":false},"excerpt":{"rendered":"","protected":false},"author":1,"featured_media":0,"parent":1326,"menu_order":1,"comment_status":"closed","ping_status":"closed","template":"","meta":{"footnotes":""},"_links":{"self":[{"href":"https:\/\/griepe.net\/index.php?rest_route=\/wp\/v2\/pages\/2167"}],"collection":[{"href":"https:\/\/griepe.net\/index.php?rest_route=\/wp\/v2\/pages"}],"about":[{"href":"https:\/\/griepe.net\/index.php?rest_route=\/wp\/v2\/types\/page"}],"author":[{"embeddable":true,"href":"https:\/\/griepe.net\/index.php?rest_route=\/wp\/v2\/users\/1"}],"replies":[{"embeddable":true,"href":"https:\/\/griepe.net\/index.php?rest_route=%2Fwp%2Fv2%2Fcomments&post=2167"}],"version-history":[{"count":1,"href":"https:\/\/griepe.net\/index.php?rest_route=\/wp\/v2\/pages\/2167\/revisions"}],"predecessor-version":[{"id":2169,"href":"https:\/\/griepe.net\/index.php?rest_route=\/wp\/v2\/pages\/2167\/revisions\/2169"}],"up":[{"embeddable":true,"href":"https:\/\/griepe.net\/index.php?rest_route=\/wp\/v2\/pages\/1326"}],"wp:attachment":[{"href":"https:\/\/griepe.net\/index.php?rest_route=%2Fwp%2Fv2%2Fmedia&parent=2167"}],"curies":[{"name":"wp","href":"https:\/\/api.w.org\/{rel}","templated":true}]}}