{"id":227,"date":"2015-07-08T18:28:33","date_gmt":"2015-07-08T17:28:33","guid":{"rendered":"http:\/\/griepe.net\/?page_id=227"},"modified":"2021-03-29T14:09:23","modified_gmt":"2021-03-29T14:09:23","slug":"atelier-dynapay-pfnl-23-24-mars-2015","status":"publish","type":"page","link":"https:\/\/griepe.net\/?page_id=227","title":{"rendered":"Capsules Video"},"content":{"rendered":"<hr \/>\n<p>Le GRIEPE a initi\u00e9 de petites s\u00e9quences vid\u00e9o en rapport avec les comp\u00e9tences que ce groupe met \u00e0 la disposition de la science et la soci\u00e9t\u00e9.<\/p>\n<ul>\n<li><span style=\"color: #ff0000;\"><strong>Modernisation et renforcement des capacit\u00e9s des herbiers en C\u00f4te d&rsquo;Ivoire.<\/strong>\u00a0<\/span>\u00a0<\/li>\n<\/ul>\n<div style=\"width: 640px;\" class=\"wp-video\"><!--[if lt IE 9]><script>document.createElement('video');<\/script><![endif]-->\n<video class=\"wp-video-shortcode\" id=\"video-227-1\" width=\"640\" height=\"360\" preload=\"metadata\" controls=\"controls\"><source type=\"video\/mp4\" src=\"https:\/\/griepe.net\/wp-content\/uploads\/2021\/03\/61_-KPANGUI-Bruno.Compressed.mp4?_=1\" \/><a href=\"https:\/\/griepe.net\/wp-content\/uploads\/2021\/03\/61_-KPANGUI-Bruno.Compressed.mp4\">https:\/\/griepe.net\/wp-content\/uploads\/2021\/03\/61_-KPANGUI-Bruno.Compressed.mp4<\/a><\/video><\/div>\n<hr \/>\n<ul>\n<li><span style=\"color: #ff0000;\"><strong>La t\u00e9l\u00e9d\u00e9tection au service du developpement et la protection de l&rsquo;environnement<\/strong><\/span><\/li>\n<\/ul>\n<p>\u00a0<\/p>\n<ul>\n<li><strong><span style=\"color: #333399;\">La t\u00e9l\u00e9d\u00e9tection au service de la gestion des villes<\/span><\/strong><\/li>\n<\/ul>\n<div style=\"width: 640px;\" class=\"wp-video\"><video class=\"wp-video-shortcode\" id=\"video-227-2\" width=\"640\" height=\"360\" preload=\"metadata\" controls=\"controls\"><source type=\"video\/mp4\" src=\"https:\/\/griepe.net\/wp-content\/uploads\/2021\/03\/Teledetection_au_service_de_ia_ville.mp4?_=2\" \/><a href=\"https:\/\/griepe.net\/wp-content\/uploads\/2021\/03\/Teledetection_au_service_de_ia_ville.mp4\">https:\/\/griepe.net\/wp-content\/uploads\/2021\/03\/Teledetection_au_service_de_ia_ville.mp4<\/a><\/video><\/div>\n\n\n<div class=\"wp-block-group\"><div class=\"wp-block-group__inner-container is-layout-flow wp-block-group-is-layout-flow\">\n<ul><li><strong><span style=\"color:#03590d\" class=\"has-inline-color\">La t\u00e9l\u00e9d\u00e9tection au service des forestiers et de l&rsquo;environnement<\/span><\/strong><\/li><\/ul>\n<\/div><\/div>\n\n\n\n<figure class=\"wp-block-video\"><video controls src=\"https:\/\/griepe.net\/wp-content\/uploads\/2021\/03\/Teledetection_au_service_de_ia_ville.mp4\"><\/video><\/figure>\n","protected":false},"excerpt":{"rendered":"<p>Le GRIEPE a initi\u00e9 de petites s\u00e9quences vid\u00e9o en rapport avec les comp\u00e9tences que ce groupe met \u00e0 la disposition de la science et la soci\u00e9t\u00e9. Modernisation et renforcement des capacit\u00e9s des herbiers en C\u00f4te d&rsquo;Ivoire.\u00a0\u00a0 La t\u00e9l\u00e9d\u00e9tection au service &hellip; <a href=\"https:\/\/griepe.net\/?page_id=227\">Continuer la lecture <span class=\"meta-nav\">&rarr;<\/span><\/a><\/p>\n","protected":false},"author":1,"featured_media":0,"parent":0,"menu_order":2,"comment_status":"open","ping_status":"closed","template":"","meta":{"footnotes":""},"_links":{"self":[{"href":"https:\/\/griepe.net\/index.php?rest_route=\/wp\/v2\/pages\/227"}],"collection":[{"href":"https:\/\/griepe.net\/index.php?rest_route=\/wp\/v2\/pages"}],"about":[{"href":"https:\/\/griepe.net\/index.php?rest_route=\/wp\/v2\/types\/page"}],"author":[{"embeddable":true,"href":"https:\/\/griepe.net\/index.php?rest_route=\/wp\/v2\/users\/1"}],"replies":[{"embeddable":true,"href":"https:\/\/griepe.net\/index.php?rest_route=%2Fwp%2Fv2%2Fcomments&post=227"}],"version-history":[{"count":8,"href":"https:\/\/griepe.net\/index.php?rest_route=\/wp\/v2\/pages\/227\/revisions"}],"predecessor-version":[{"id":1887,"href":"https:\/\/griepe.net\/index.php?rest_route=\/wp\/v2\/pages\/227\/revisions\/1887"}],"wp:attachment":[{"href":"https:\/\/griepe.net\/index.php?rest_route=%2Fwp%2Fv2%2Fmedia&parent=227"}],"curies":[{"name":"wp","href":"https:\/\/api.w.org\/{rel}","templated":true}]}}