{"id":25,"date":"2015-04-12T17:03:19","date_gmt":"2015-04-12T16:03:19","guid":{"rendered":"http:\/\/griepe.net\/?page_id=25"},"modified":"2017-04-06T21:25:35","modified_gmt":"2017-04-06T20:25:35","slug":"universites","status":"publish","type":"page","link":"https:\/\/griepe.net\/?page_id=25","title":{"rendered":"Universit\u00e9s partenaires"},"content":{"rendered":"<p><span style=\"color: #535353;\"><span style=\"font-family: Georgia, serif;\"><span style=\"font-size: x-large;\"><b>Universit\u00e9s<\/b><\/span><\/span><\/span><\/p>\n<p><a href=\"http:\/\/ujlog.ci\/\"><span style=\"color: #0f7001;\"><span style=\"font-family: 'Comic Sans MS', serif;\"><span style=\"font-size: large;\"><span style=\"text-decoration: underline;\"><b>Universit\u00e9 Jean Lorougnon Gu\u00e9d\u00e9 (Daloa\u00a0; C\u00f4te d&rsquo;Ivoire) <\/b><\/span><\/span><\/span><\/span><\/a><\/p>\n<ul>\n<li><span style=\"color: #0f7001;\"><span style=\"font-family: 'Comic Sans MS', serif;\"><span style=\"font-size: large;\"><span style=\"text-decoration: underline;\">UFR Environnement \/Unit\u00e9 p\u00e9dagogique Paysages et V\u00e9g\u00e9tation<\/span><\/span><\/span><\/span><\/li>\n<\/ul>\n<p><span style=\"color: #0f7001;\"><span style=\"font-family: 'Comic Sans MS', serif;\"><span style=\"font-size: large;\"><span style=\"text-decoration: underline;\"><b>Universit\u00e9 Alassane Ouattara (Bouak\u00e9\u00a0; C\u00f4te d&rsquo;Ivoire)<\/b><\/span><\/span><\/span><\/span><span style=\"color: #0f7001;\"><span style=\"font-family: 'Comic Sans MS', serif;\"><span style=\"font-size: large;\">\u00a0<\/span><\/span><\/span><\/p>\n<ul>\n<li><span style=\"color: #0f7001;\"><span style=\"font-family: 'Comic Sans MS', serif;\"><span style=\"font-size: large;\"><span style=\"text-decoration: underline;\">UFR Communication, Milieu et Soci\u00e9t\u00e9<\/span><\/span><\/span><\/span><\/li>\n<\/ul>\n<p><a href=\"http:\/\/univ-fhb.edu.ci\/fr\/\"><span style=\"text-decoration: underline;\"><strong>Universit\u00e9 F\u00e9lix Houphou\u00ebt-Boigny (Abidjan, C\u00f4te d&rsquo;Ivoire)<\/strong><\/span><\/a><\/p>\n<ul>\n<li><a href=\"http:\/\/www.biodiv.be\/civoire\/cnf\"><span style=\"text-decoration: underline;\">UFR\u00a0Biosciences \/ CENTRE NATIONAL DE LA FLORISTIQUE<\/span><\/a><\/li>\n<\/ul>\n<p><span style=\"color: #0f7001;\"><span style=\"font-family: 'Comic Sans MS', serif;\"><span style=\"font-size: large;\"><span style=\"text-decoration: underline;\"><b><a href=\"http:\/\/www.uac.bj\/home\/\">Universit\u00e9 d\u2019Abomey-Calavi (Cotonou, Benin)\u00a0<\/a><\/b><\/span><\/span><\/span><\/span><\/p>\n<ul>\n<li><span style=\"color: #0f7001;\"><span style=\"font-family: 'Comic Sans MS', serif;\"><span style=\"font-size: large;\"><span style=\"text-decoration: underline;\">Facult\u00e9 des sciences agronomiques\/<\/span><\/span><\/span><\/span><span style=\"color: #336633;\"><span style=\"font-family: 'Comic Sans MS', cursive;\"><span style=\"font-size: medium;\">Laboratoire d\u2019Ecologie Appliqu\u00e9e<\/span><\/span><\/span><\/li>\n<\/ul>\n<p><span style=\"color: #0f7001;\"><span style=\"font-family: 'Comic Sans MS', serif;\"><span style=\"font-size: large;\"><span style=\"text-decoration: underline;\"><b><a href=\"http:\/\/www.univ-ouaga.bf\/\">Universit\u00e9 de Ouagadougou (Burkina Faso)\u00a0<\/a><\/b><\/span><\/span><\/span><\/span><\/p>\n<ul>\n<li><span style=\"color: #0f7001;\"><span style=\"font-family: 'Comic Sans MS', serif;\"><span style=\"font-size: large;\"><span style=\"text-decoration: underline;\">D\u00e9partement Socio-Economie et Anthropologie de D\u00e9veloppement (DSEAD).<\/span><\/span><\/span><\/span><\/li>\n<\/ul>\n<p><a href=\"http:\/\/unice.fr\/\"><span style=\"color: #0f7001;\"><span style=\"font-family: 'Comic Sans MS', serif;\"><span style=\"font-size: large;\"><span style=\"text-decoration: underline;\"><b>Universit\u00e9 Nice Sophia Antipolis (France)<\/b><\/span><\/span><\/span><\/span><span style=\"color: #0f7001;\"><span style=\"font-family: 'Comic Sans MS', serif;\"><span style=\"font-size: large;\">\u00a0<\/span><\/span><\/span><\/a><span style=\"color: #0f7001;\"><span style=\"text-decoration: line-through;\"><span style=\"font-family: 'Comic Sans MS', serif;\"><span style=\"font-size: large;\">;<\/span><\/span><\/span><\/span><\/p>\n<ul>\n<li><span style=\"color: #0f7001;\"><span style=\"font-family: 'Comic Sans MS', serif;\"><span style=\"font-size: large;\"><span style=\"text-decoration: underline;\">Unit\u00e9 Mixte de Recherche (UMR) ESPACE<\/span><\/span><\/span><\/span><\/li>\n<\/ul>\n<p><span style=\"color: #0f7001;\"><span style=\"font-family: 'Comic Sans MS', serif;\"><span style=\"font-size: large;\"><span style=\"text-decoration: underline;\"><b><a href=\"http:\/\/www.ulb.ac.be\/\">Universit\u00e9 libre de Bruxelles (Belgique)<\/a><\/b><\/span><\/span><\/span><\/span><\/p>\n<ul>\n<li><span style=\"color: #0f7001;\"><span style=\"font-family: 'Comic Sans MS', serif;\"><span style=\"font-size: large;\"><span style=\"text-decoration: underline;\">Ecole Interfacultaire des sciences agronomiques\/ <\/span><\/span><\/span><\/span><span style=\"color: #0f7001;\"><span style=\"font-family: 'Comic Sans MS', serif;\"><span style=\"font-size: large;\">Service d&rsquo;Ecologie du paysage et syst\u00e8mes de production v\u00e9g\u00e9tale<\/span><\/span><\/span><\/li>\n<\/ul>\n<p><span style=\"color: #0f7001;\"><span style=\"font-family: 'Comic Sans MS', serif;\"><span style=\"font-size: large;\"><span style=\"text-decoration: underline;\"><b><a href=\"http:\/\/www.ulg.ac.be\/cms\/c_5000\/fr\/accueil\">Universit\u00e9 de Li\u00e8ge (Belgique)<\/a><\/b><\/span><\/span><\/span><\/span>.<\/p>\n<ul>\n<li><span style=\"color: #0f7001;\"><span style=\"font-family: 'Comic Sans MS', serif;\"><span style=\"font-size: large;\">Gembloux Agro-bio Tech\/<\/span><\/span><\/span><span style=\"color: #0f7001;\"><span style=\"font-family: 'Comic Sans MS', serif;\"><span style=\"font-size: large;\">For\u00eats, Nature et Paysage \u00a0\/\u00a0 Biodiversit\u00e9 et Paysage\u00a0<\/span><\/span><\/span><\/li>\n<\/ul>\n","protected":false},"excerpt":{"rendered":"<p>Universit\u00e9s Universit\u00e9 Jean Lorougnon Gu\u00e9d\u00e9 (Daloa\u00a0; C\u00f4te d&rsquo;Ivoire) UFR Environnement \/Unit\u00e9 p\u00e9dagogique Paysages et V\u00e9g\u00e9tation Universit\u00e9 Alassane Ouattara (Bouak\u00e9\u00a0; C\u00f4te d&rsquo;Ivoire)\u00a0 UFR Communication, Milieu et Soci\u00e9t\u00e9 Universit\u00e9 F\u00e9lix Houphou\u00ebt-Boigny (Abidjan, C\u00f4te d&rsquo;Ivoire) UFR\u00a0Biosciences \/ CENTRE NATIONAL DE LA FLORISTIQUE Universit\u00e9 &hellip; <a href=\"https:\/\/griepe.net\/?page_id=25\">Continuer la lecture <span class=\"meta-nav\">&rarr;<\/span><\/a><\/p>\n","protected":false},"author":1,"featured_media":0,"parent":32,"menu_order":1,"comment_status":"open","ping_status":"open","template":"","meta":{"footnotes":""},"_links":{"self":[{"href":"https:\/\/griepe.net\/index.php?rest_route=\/wp\/v2\/pages\/25"}],"collection":[{"href":"https:\/\/griepe.net\/index.php?rest_route=\/wp\/v2\/pages"}],"about":[{"href":"https:\/\/griepe.net\/index.php?rest_route=\/wp\/v2\/types\/page"}],"author":[{"embeddable":true,"href":"https:\/\/griepe.net\/index.php?rest_route=\/wp\/v2\/users\/1"}],"replies":[{"embeddable":true,"href":"https:\/\/griepe.net\/index.php?rest_route=%2Fwp%2Fv2%2Fcomments&post=25"}],"version-history":[{"count":10,"href":"https:\/\/griepe.net\/index.php?rest_route=\/wp\/v2\/pages\/25\/revisions"}],"predecessor-version":[{"id":686,"href":"https:\/\/griepe.net\/index.php?rest_route=\/wp\/v2\/pages\/25\/revisions\/686"}],"up":[{"embeddable":true,"href":"https:\/\/griepe.net\/index.php?rest_route=\/wp\/v2\/pages\/32"}],"wp:attachment":[{"href":"https:\/\/griepe.net\/index.php?rest_route=%2Fwp%2Fv2%2Fmedia&parent=25"}],"curies":[{"name":"wp","href":"https:\/\/api.w.org\/{rel}","templated":true}]}}