{"id":30,"date":"2015-06-02T15:31:44","date_gmt":"2015-06-02T14:31:44","guid":{"rendered":"http:\/\/griepe.net\/?page_id=30"},"modified":"2015-11-10T10:38:56","modified_gmt":"2015-11-10T09:38:56","slug":"galerie","status":"publish","type":"page","link":"https:\/\/griepe.net\/?page_id=30","title":{"rendered":"Gal\u00e9rie"},"content":{"rendered":"<ul>\n<li>\u00a0<strong>ATELIER DU PROJET DYNAPAY-PFNL : 23-24 Avril 2015 \u00e0 l&rsquo;UJLoG-daloa<\/strong> <style type=\"text\/css\">.easingslider-315 { max-width: 640px; }.easingslider-315 .easingslider-image { max-height: 400px; max-width: 640px; }.easingslider-315 .easingslider-fade-in, .easingslider-fade-out { -webkit-animation-duration: 400ms; -moz-animation-duration: 400ms; animation-duration: 400ms; }<\/style><script type=\"text\/javascript\">window.EasingSlider315 = {\"width\":640,\"height\":400,\"singleItem\":true,\"items\":1,\"itemsDesktop\":false,\"itemsDesktopSmall\":false,\"itemsTablet\":false,\"itemsTabletSmall\":false,\"itemsMobile\":false,\"responsive\":true,\"lazyLoad\":true,\"autoPlay\":4000,\"slideSpeed\":400,\"navigation\":true,\"navigationText\":[\"\",\"\"],\"pagination\":true,\"autoHeight\":false,\"mouseDrag\":false,\"touchDrag\":false,\"addClassActive\":true,\"transitionStyle\":\"fade\"};<\/script><div data-id=\"315\" class=\"easingslider easingslider-315 easingslider-container easingslider-resizing-enabled easingslider-aspect-ratio easingslider-arrows-inside easingslider-pagination-inside easingslider-pagination-bottom-center\"><div class=\"easingslider-slide\"><a href=\"none\" target=\"\"><img decoding=\"async\" src=\"https:\/\/griepe.net\/wp-content\/plugins\/easing-slider\/assets\/images\/placeholder-pixel.png\" data-src=\"https:\/\/griepe.net\/wp-content\/uploads\/2015\/07\/GRIEPE-Compressee1-640x400.jpg\" alt=\"\" title=\"\" class=\"easingslider-image easingslider-lazy\" \/><\/a><\/div><div class=\"easingslider-slide\"><a href=\"none\" target=\"\"><img decoding=\"async\" src=\"https:\/\/griepe.net\/wp-content\/plugins\/easing-slider\/assets\/images\/placeholder-pixel.png\" data-src=\"https:\/\/griepe.net\/wp-content\/uploads\/2015\/07\/GRIEPE-Compressee2-640x400.jpg\" alt=\"\" title=\"\" class=\"easingslider-image easingslider-lazy\" \/><\/a><\/div><div class=\"easingslider-slide\"><a href=\"none\" target=\"\"><img decoding=\"async\" src=\"https:\/\/griepe.net\/wp-content\/plugins\/easing-slider\/assets\/images\/placeholder-pixel.png\" data-src=\"https:\/\/griepe.net\/wp-content\/uploads\/2015\/07\/GRIEPE-Compressee7-640x400.jpg\" alt=\"\" title=\"\" class=\"easingslider-image easingslider-lazy\" \/><\/a><\/div><div class=\"easingslider-slide\"><a href=\"none\" target=\"\"><img decoding=\"async\" src=\"https:\/\/griepe.net\/wp-content\/plugins\/easing-slider\/assets\/images\/placeholder-pixel.png\" data-src=\"https:\/\/griepe.net\/wp-content\/uploads\/2015\/07\/GRIEPE-Compressee5-640x400.jpg\" alt=\"\" title=\"\" class=\"easingslider-image easingslider-lazy\" \/><\/a><\/div><div class=\"easingslider-slide\"><a href=\"none\" target=\"\"><img decoding=\"async\" src=\"https:\/\/griepe.net\/wp-content\/plugins\/easing-slider\/assets\/images\/placeholder-pixel.png\" data-src=\"https:\/\/griepe.net\/wp-content\/uploads\/2015\/07\/GRIEPE-Compressee6-640x400.jpg\" alt=\"\" title=\"\" class=\"easingslider-image easingslider-lazy\" \/><\/a><\/div><div class=\"easingslider-slide\"><a href=\"none\" target=\"\"><img decoding=\"async\" src=\"https:\/\/griepe.net\/wp-content\/plugins\/easing-slider\/assets\/images\/placeholder-pixel.png\" data-src=\"https:\/\/griepe.net\/wp-content\/uploads\/2015\/07\/GRIEPE-Compressee8-640x400.jpg\" alt=\"\" title=\"\" class=\"easingslider-image easingslider-lazy\" \/><\/a><\/div><div class=\"easingslider-slide\"><a href=\"none\" target=\"\"><img decoding=\"async\" src=\"https:\/\/griepe.net\/wp-content\/plugins\/easing-slider\/assets\/images\/placeholder-pixel.png\" data-src=\"https:\/\/griepe.net\/wp-content\/uploads\/2015\/07\/GRIEPE-Compressee9-640x400.jpg\" alt=\"\" title=\"\" class=\"easingslider-image easingslider-lazy\" \/><\/a><\/div><div class=\"easingslider-slide\"><a href=\"none\" target=\"\"><img decoding=\"async\" src=\"https:\/\/griepe.net\/wp-content\/plugins\/easing-slider\/assets\/images\/placeholder-pixel.png\" data-src=\"https:\/\/griepe.net\/wp-content\/uploads\/2015\/05\/DSC01846-640x400.jpg\" alt=\"\" title=\"\" class=\"easingslider-image easingslider-lazy\" \/><\/a><\/div><div class=\"easingslider-slide\"><a href=\"none\" target=\"\"><img decoding=\"async\" src=\"https:\/\/griepe.net\/wp-content\/plugins\/easing-slider\/assets\/images\/placeholder-pixel.png\" data-src=\"https:\/\/griepe.net\/wp-content\/uploads\/2015\/05\/DSC01775-640x400.jpg\" alt=\"\" title=\"\" class=\"easingslider-image easingslider-lazy\" \/><\/a><\/div><div class=\"easingslider-slide\"><a href=\"none\" target=\"\"><img decoding=\"async\" src=\"https:\/\/griepe.net\/wp-content\/plugins\/easing-slider\/assets\/images\/placeholder-pixel.png\" data-src=\"https:\/\/griepe.net\/wp-content\/uploads\/2015\/05\/DSC01728-640x400.jpg\" alt=\"\" title=\"\" class=\"easingslider-image easingslider-lazy\" \/><\/a><\/div><div class=\"easingslider-slide\"><a href=\"none\" target=\"\"><img decoding=\"async\" src=\"https:\/\/griepe.net\/wp-content\/plugins\/easing-slider\/assets\/images\/placeholder-pixel.png\" data-src=\"https:\/\/griepe.net\/wp-content\/uploads\/2015\/05\/DSC01716-640x400.jpg\" alt=\"\" title=\"\" class=\"easingslider-image easingslider-lazy\" \/><\/a><\/div><div class=\"easingslider-slide\"><a href=\"none\" target=\"\"><img decoding=\"async\" src=\"https:\/\/griepe.net\/wp-content\/plugins\/easing-slider\/assets\/images\/placeholder-pixel.png\" data-src=\"https:\/\/griepe.net\/wp-content\/uploads\/2015\/07\/GRIEPE-Compressee3-640x400.jpg\" alt=\"\" title=\"\" class=\"easingslider-image easingslider-lazy\" \/><\/a><\/div><\/div><\/li>\n<\/ul>\n<p>&nbsp;<\/p>\n<ul>\n<li><strong>Mission de\u00a0r\u00e9colte\u00a0de donn\u00e9es dans la For\u00eat class\u00e9e du haut-Sassandra (D\u00e9cembre\u00a02014-Janvier 2015)<\/strong><\/li>\n<\/ul>\n<div id='gallery-1' class='gallery galleryid-30 gallery-columns-2 gallery-size-medium'><dl class='gallery-item'>\n\t\t\t<dt class='gallery-icon landscape'>\n\t\t\t\t<a href='https:\/\/griepe.net\/wp-content\/uploads\/2015\/11\/Comp_IMG_0985.jpg'><img loading=\"lazy\" decoding=\"async\" width=\"300\" height=\"225\" src=\"https:\/\/griepe.net\/wp-content\/uploads\/2015\/11\/Comp_IMG_0985-300x225.jpg\" class=\"attachment-medium size-medium\" alt=\"\" aria-describedby=\"gallery-1-327\" srcset=\"https:\/\/griepe.net\/wp-content\/uploads\/2015\/11\/Comp_IMG_0985-300x225.jpg 300w, https:\/\/griepe.net\/wp-content\/uploads\/2015\/11\/Comp_IMG_0985.jpg 448w\" sizes=\"(max-width: 300px) 100vw, 300px\" \/><\/a>\n\t\t\t<\/dt>\n\t\t\t\t<dd class='wp-caption-text gallery-caption' id='gallery-1-327'>\n\t\t\t\tacc\u00e8s difficiles: le v\u00e9hicule s&#8217;embourbe\n\t\t\t\t<\/dd><\/dl><dl class='gallery-item'>\n\t\t\t<dt class='gallery-icon landscape'>\n\t\t\t\t<a href='https:\/\/griepe.net\/wp-content\/uploads\/2015\/11\/Compr_IMG_1295.jpg'><img loading=\"lazy\" decoding=\"async\" width=\"300\" height=\"225\" src=\"https:\/\/griepe.net\/wp-content\/uploads\/2015\/11\/Compr_IMG_1295-300x225.jpg\" class=\"attachment-medium size-medium\" alt=\"\" aria-describedby=\"gallery-1-328\" srcset=\"https:\/\/griepe.net\/wp-content\/uploads\/2015\/11\/Compr_IMG_1295-300x225.jpg 300w, https:\/\/griepe.net\/wp-content\/uploads\/2015\/11\/Compr_IMG_1295.jpg 448w\" sizes=\"(max-width: 300px) 100vw, 300px\" \/><\/a>\n\t\t\t<\/dt>\n\t\t\t\t<dd class='wp-caption-text gallery-caption' id='gallery-1-328'>\n\t\t\t\tla d\u00e9termination \u00e9tait de mise&#8230;\n\t\t\t\t<\/dd><\/dl><br style=\"clear: both\" \/><dl class='gallery-item'>\n\t\t\t<dt class='gallery-icon landscape'>\n\t\t\t\t<a href='https:\/\/griepe.net\/wp-content\/uploads\/2015\/11\/Comp_IMG_0892.jpg'><img loading=\"lazy\" decoding=\"async\" width=\"300\" height=\"225\" src=\"https:\/\/griepe.net\/wp-content\/uploads\/2015\/11\/Comp_IMG_0892-300x225.jpg\" class=\"attachment-medium size-medium\" alt=\"\" aria-describedby=\"gallery-1-326\" srcset=\"https:\/\/griepe.net\/wp-content\/uploads\/2015\/11\/Comp_IMG_0892-300x225.jpg 300w, https:\/\/griepe.net\/wp-content\/uploads\/2015\/11\/Comp_IMG_0892.jpg 448w\" sizes=\"(max-width: 300px) 100vw, 300px\" \/><\/a>\n\t\t\t<\/dt>\n\t\t\t\t<dd class='wp-caption-text gallery-caption' id='gallery-1-326'>\n\t\t\t\tpanneau annon\u00e7ant la for\u00eat\n\t\t\t\t<\/dd><\/dl><dl class='gallery-item'>\n\t\t\t<dt class='gallery-icon landscape'>\n\t\t\t\t<a href='https:\/\/griepe.net\/wp-content\/uploads\/2015\/11\/Comp_DSC00488.jpg'><img loading=\"lazy\" decoding=\"async\" width=\"300\" height=\"225\" src=\"https:\/\/griepe.net\/wp-content\/uploads\/2015\/11\/Comp_DSC00488-300x225.jpg\" class=\"attachment-medium size-medium\" alt=\"\" aria-describedby=\"gallery-1-324\" srcset=\"https:\/\/griepe.net\/wp-content\/uploads\/2015\/11\/Comp_DSC00488-300x225.jpg 300w, https:\/\/griepe.net\/wp-content\/uploads\/2015\/11\/Comp_DSC00488.jpg 448w\" sizes=\"(max-width: 300px) 100vw, 300px\" \/><\/a>\n\t\t\t<\/dt>\n\t\t\t\t<dd class='wp-caption-text gallery-caption' id='gallery-1-324'>\n\t\t\t\tl&rsquo;\u00e9quipe au complet \u00e0 l&rsquo;interieur de la for\u00eat\n\t\t\t\t<\/dd><\/dl><br style=\"clear: both\" \/><dl class='gallery-item'>\n\t\t\t<dt class='gallery-icon portrait'>\n\t\t\t\t<a href='https:\/\/griepe.net\/wp-content\/uploads\/2015\/11\/Comp_IMG_1100-e1605844941832.jpg'><img loading=\"lazy\" decoding=\"async\" width=\"225\" height=\"300\" src=\"https:\/\/griepe.net\/wp-content\/uploads\/2015\/11\/Comp_IMG_1100-e1605844941832-225x300.jpg\" class=\"attachment-medium size-medium\" alt=\"\" aria-describedby=\"gallery-1-323\" srcset=\"https:\/\/griepe.net\/wp-content\/uploads\/2015\/11\/Comp_IMG_1100-e1605844941832-225x300.jpg 225w, https:\/\/griepe.net\/wp-content\/uploads\/2015\/11\/Comp_IMG_1100-e1605844941832.jpg 336w\" sizes=\"(max-width: 225px) 100vw, 225px\" \/><\/a>\n\t\t\t<\/dt>\n\t\t\t\t<dd class='wp-caption-text gallery-caption' id='gallery-1-323'>\n\t\t\t\tlimite Ouest de la for\u00eat : chargement de banane sort de la for\u00eat par le canal du fleuve\n\t\t\t\t<\/dd><\/dl>\n\t\t\t<br style='clear: both' \/>\n\t\t<\/div>\n\n<ul>\n<li><strong>QUELQUES ELEMENTS DE DEGRADATION DES FORETS CLASSEES DE BOUAKE<br \/>\n<\/strong>\u00a0<style type=\"text\/css\">.easingslider-340 { max-width: 640px; }.easingslider-340 .easingslider-image { max-height: 400px; max-width: 640px; }.easingslider-340 .easingslider-fade-in, .easingslider-fade-out { -webkit-animation-duration: 400ms; -moz-animation-duration: 400ms; animation-duration: 400ms; }<\/style><script type=\"text\/javascript\">window.EasingSlider340 = {\"width\":640,\"height\":400,\"singleItem\":true,\"items\":1,\"itemsDesktop\":false,\"itemsDesktopSmall\":false,\"itemsTablet\":false,\"itemsTabletSmall\":false,\"itemsMobile\":false,\"responsive\":true,\"lazyLoad\":true,\"autoPlay\":4000,\"slideSpeed\":400,\"navigation\":true,\"navigationText\":[\"\",\"\"],\"pagination\":true,\"autoHeight\":false,\"mouseDrag\":false,\"touchDrag\":false,\"addClassActive\":true,\"transitionStyle\":\"fade\"};<\/script><div data-id=\"340\" class=\"easingslider easingslider-340 easingslider-container easingslider-resizing-enabled easingslider-aspect-ratio easingslider-arrows-inside easingslider-pagination-inside easingslider-pagination-bottom-center\"><div class=\"easingslider-slide\"><a href=\"none\" target=\"\"><img decoding=\"async\" src=\"https:\/\/griepe.net\/wp-content\/plugins\/easing-slider\/assets\/images\/placeholder-pixel.png\" data-src=\"https:\/\/griepe.net\/wp-content\/uploads\/2015\/11\/Comp_DSC02623-640x400.jpg\" alt=\"\" title=\"\" class=\"easingslider-image easingslider-lazy\" \/><\/a><\/div><div class=\"easingslider-slide\"><a href=\"none\" target=\"\"><img decoding=\"async\" src=\"https:\/\/griepe.net\/wp-content\/plugins\/easing-slider\/assets\/images\/placeholder-pixel.png\" data-src=\"https:\/\/griepe.net\/wp-content\/uploads\/2015\/11\/Comp_DSC02678-640x400.jpg\" alt=\"\" title=\"\" class=\"easingslider-image easingslider-lazy\" \/><\/a><\/div><div class=\"easingslider-slide\"><a href=\"none\" target=\"\"><img decoding=\"async\" src=\"https:\/\/griepe.net\/wp-content\/plugins\/easing-slider\/assets\/images\/placeholder-pixel.png\" data-src=\"https:\/\/griepe.net\/wp-content\/uploads\/2015\/11\/Comp_DSC02682-640x400.jpg\" alt=\"\" title=\"\" class=\"easingslider-image easingslider-lazy\" \/><\/a><\/div><div class=\"easingslider-slide\"><a href=\"none\" target=\"\"><img decoding=\"async\" src=\"https:\/\/griepe.net\/wp-content\/plugins\/easing-slider\/assets\/images\/placeholder-pixel.png\" data-src=\"https:\/\/griepe.net\/wp-content\/uploads\/2015\/11\/Comp_DSC02689-640x400.jpg\" alt=\"\" title=\"\" class=\"easingslider-image easingslider-lazy\" \/><\/a><\/div><div class=\"easingslider-slide\"><a href=\"none\" target=\"\"><img decoding=\"async\" src=\"https:\/\/griepe.net\/wp-content\/plugins\/easing-slider\/assets\/images\/placeholder-pixel.png\" data-src=\"https:\/\/griepe.net\/wp-content\/uploads\/2015\/11\/Comp_DSC03072-640x400.jpg\" alt=\"\" title=\"\" class=\"easingslider-image easingslider-lazy\" \/><\/a><\/div><div class=\"easingslider-slide\"><a href=\"none\" target=\"\"><img decoding=\"async\" src=\"https:\/\/griepe.net\/wp-content\/plugins\/easing-slider\/assets\/images\/placeholder-pixel.png\" data-src=\"https:\/\/griepe.net\/wp-content\/uploads\/2015\/11\/Comp_DSC03089-640x400.jpg\" alt=\"\" title=\"\" class=\"easingslider-image easingslider-lazy\" \/><\/a><\/div><div class=\"easingslider-slide\"><a href=\"none\" target=\"\"><img decoding=\"async\" src=\"https:\/\/griepe.net\/wp-content\/plugins\/easing-slider\/assets\/images\/placeholder-pixel.png\" data-src=\"https:\/\/griepe.net\/wp-content\/uploads\/2015\/11\/Comp_DSC03142-640x400.jpg\" alt=\"\" title=\"\" class=\"easingslider-image easingslider-lazy\" \/><\/a><\/div><div class=\"easingslider-slide\"><a href=\"none\" target=\"\"><img decoding=\"async\" src=\"https:\/\/griepe.net\/wp-content\/plugins\/easing-slider\/assets\/images\/placeholder-pixel.png\" data-src=\"https:\/\/griepe.net\/wp-content\/uploads\/2015\/11\/Comp_DSC03144-640x400.jpg\" alt=\"\" title=\"\" class=\"easingslider-image easingslider-lazy\" \/><\/a><\/div><div class=\"easingslider-slide\"><a href=\"none\" target=\"\"><img decoding=\"async\" src=\"https:\/\/griepe.net\/wp-content\/plugins\/easing-slider\/assets\/images\/placeholder-pixel.png\" data-src=\"https:\/\/griepe.net\/wp-content\/uploads\/2015\/11\/Comp_DSC03148-640x400.jpg\" alt=\"\" title=\"\" class=\"easingslider-image easingslider-lazy\" \/><\/a><\/div><div class=\"easingslider-slide\"><a href=\"none\" target=\"\"><img decoding=\"async\" src=\"https:\/\/griepe.net\/wp-content\/plugins\/easing-slider\/assets\/images\/placeholder-pixel.png\" data-src=\"https:\/\/griepe.net\/wp-content\/uploads\/2015\/11\/Comp_DSC03154-640x400.jpg\" alt=\"\" title=\"\" class=\"easingslider-image easingslider-lazy\" \/><\/a><\/div><div class=\"easingslider-slide\"><a href=\"none\" target=\"\"><img decoding=\"async\" src=\"https:\/\/griepe.net\/wp-content\/plugins\/easing-slider\/assets\/images\/placeholder-pixel.png\" data-src=\"https:\/\/griepe.net\/wp-content\/uploads\/2015\/11\/Comp_DSC03178-640x400.jpg\" alt=\"\" title=\"\" class=\"easingslider-image easingslider-lazy\" \/><\/a><\/div><div class=\"easingslider-slide\"><a href=\"none\" target=\"\"><img decoding=\"async\" src=\"https:\/\/griepe.net\/wp-content\/plugins\/easing-slider\/assets\/images\/placeholder-pixel.png\" data-src=\"https:\/\/griepe.net\/wp-content\/uploads\/2015\/11\/Comp_DSC03525-640x400.jpg\" alt=\"\" title=\"\" class=\"easingslider-image easingslider-lazy\" \/><\/a><\/div><\/div><\/li>\n<\/ul>\n<p>&nbsp;<\/p>\n","protected":false},"excerpt":{"rendered":"<p>\u00a0ATELIER DU PROJET DYNAPAY-PFNL : 23-24 Avril 2015 \u00e0 l&rsquo;UJLoG-daloa &nbsp; Mission de\u00a0r\u00e9colte\u00a0de donn\u00e9es dans la For\u00eat class\u00e9e du haut-Sassandra (D\u00e9cembre\u00a02014-Janvier 2015) QUELQUES ELEMENTS DE DEGRADATION DES FORETS CLASSEES DE BOUAKE \u00a0 &nbsp;<\/p>\n","protected":false},"author":1,"featured_media":0,"parent":0,"menu_order":0,"comment_status":"open","ping_status":"open","template":"","meta":{"footnotes":""},"_links":{"self":[{"href":"https:\/\/griepe.net\/index.php?rest_route=\/wp\/v2\/pages\/30"}],"collection":[{"href":"https:\/\/griepe.net\/index.php?rest_route=\/wp\/v2\/pages"}],"about":[{"href":"https:\/\/griepe.net\/index.php?rest_route=\/wp\/v2\/types\/page"}],"author":[{"embeddable":true,"href":"https:\/\/griepe.net\/index.php?rest_route=\/wp\/v2\/users\/1"}],"replies":[{"embeddable":true,"href":"https:\/\/griepe.net\/index.php?rest_route=%2Fwp%2Fv2%2Fcomments&post=30"}],"version-history":[{"count":9,"href":"https:\/\/griepe.net\/index.php?rest_route=\/wp\/v2\/pages\/30\/revisions"}],"predecessor-version":[{"id":354,"href":"https:\/\/griepe.net\/index.php?rest_route=\/wp\/v2\/pages\/30\/revisions\/354"}],"wp:attachment":[{"href":"https:\/\/griepe.net\/index.php?rest_route=%2Fwp%2Fv2%2Fmedia&parent=30"}],"curies":[{"name":"wp","href":"https:\/\/api.w.org\/{rel}","templated":true}]}}