{"id":337,"date":"2015-11-10T00:51:52","date_gmt":"2015-11-09T23:51:52","guid":{"rendered":"http:\/\/griepe.net\/?page_id=337"},"modified":"2015-11-10T00:51:52","modified_gmt":"2015-11-09T23:51:52","slug":"mise-en-place-dun-herbarium","status":"publish","type":"page","link":"https:\/\/griepe.net\/?page_id=337","title":{"rendered":"Mise en place d&rsquo;un Herbarium"},"content":{"rendered":"<p style=\"text-align: left;\">Le triste constat fait lors des missions est la disparition de la biodiversit\u00e9 v\u00e9g\u00e9tale. Des esp\u00e8ces signal\u00e9es lors d&rsquo;\u00e9tudes ant\u00e9rieures ne se retrouvent plus dans les parcs , for\u00eats de la C\u00f4te d&rsquo;Ivoire apr\u00e8s la d\u00e9cennie de crise politico-militaire qu&rsquo;a travers\u00e9 ce pays.<\/p>\n<p style=\"text-align: left;\">L&rsquo;un des objectifs du groupe est de mettre en place <strong>un herbarium des esp\u00e8ces v\u00e9g\u00e9tales<\/strong> de la C\u00f4te d&rsquo;Ivoire. Ainsi des \u00e9chantillons d&rsquo;esp\u00e8ces sont ramen\u00e9es de chacune des explorations des milieux \u00e9tudi\u00e9s dans le cadre des diff\u00e9rents projets. Cet herbarium se trouve dans le local du GRIEPE sis \u00e0 l&rsquo;Universit\u00e9 Jean Lorougnon Gu\u00e9d\u00e9 et renferme d\u00e9j\u00e0 un grand nombre d&rsquo;esp\u00e8ces int\u00e9ressantes de la flore ivoirienne.<\/p>\n","protected":false},"excerpt":{"rendered":"<p>Le triste constat fait lors des missions est la disparition de la biodiversit\u00e9 v\u00e9g\u00e9tale. Des esp\u00e8ces signal\u00e9es lors d&rsquo;\u00e9tudes ant\u00e9rieures ne se retrouvent plus dans les parcs , for\u00eats de la C\u00f4te d&rsquo;Ivoire apr\u00e8s la d\u00e9cennie de crise politico-militaire qu&rsquo;a &hellip; <a href=\"https:\/\/griepe.net\/?page_id=337\">Continuer la lecture <span class=\"meta-nav\">&rarr;<\/span><\/a><\/p>\n","protected":false},"author":1,"featured_media":0,"parent":0,"menu_order":0,"comment_status":"closed","ping_status":"closed","template":"","meta":{"footnotes":""},"_links":{"self":[{"href":"https:\/\/griepe.net\/index.php?rest_route=\/wp\/v2\/pages\/337"}],"collection":[{"href":"https:\/\/griepe.net\/index.php?rest_route=\/wp\/v2\/pages"}],"about":[{"href":"https:\/\/griepe.net\/index.php?rest_route=\/wp\/v2\/types\/page"}],"author":[{"embeddable":true,"href":"https:\/\/griepe.net\/index.php?rest_route=\/wp\/v2\/users\/1"}],"replies":[{"embeddable":true,"href":"https:\/\/griepe.net\/index.php?rest_route=%2Fwp%2Fv2%2Fcomments&post=337"}],"version-history":[{"count":1,"href":"https:\/\/griepe.net\/index.php?rest_route=\/wp\/v2\/pages\/337\/revisions"}],"predecessor-version":[{"id":339,"href":"https:\/\/griepe.net\/index.php?rest_route=\/wp\/v2\/pages\/337\/revisions\/339"}],"wp:attachment":[{"href":"https:\/\/griepe.net\/index.php?rest_route=%2Fwp%2Fv2%2Fmedia&parent=337"}],"curies":[{"name":"wp","href":"https:\/\/api.w.org\/{rel}","templated":true}]}}