{"id":395,"date":"2016-03-08T14:41:16","date_gmt":"2016-03-08T13:41:16","guid":{"rendered":"http:\/\/griepe.net\/?page_id=395"},"modified":"2020-11-24T00:03:29","modified_gmt":"2020-11-24T00:03:29","slug":"colloque-international-conflits-dynamiques-des-paysages-securite-alimentaire-en-afrique-subsaharienne","status":"publish","type":"page","link":"https:\/\/griepe.net\/?page_id=395","title":{"rendered":"LE COLLOQUE INTERNATIONAL"},"content":{"rendered":"<p><a href=\"http:\/\/griepe.net\/wp-content\/uploads\/2017\/05\/Annonce-Colloque2.png\"><img loading=\"lazy\" decoding=\"async\" class=\"alignleft size-full wp-image-722\" src=\"http:\/\/griepe.net\/wp-content\/uploads\/2017\/05\/Annonce-Colloque2.png\" alt=\"Annonce Colloque2\" width=\"720\" height=\"960\" \/><\/a><\/p>\n<h4 style=\"text-align: left;\"><\/h4>\n<h4 style=\"text-align: left;\"><span style=\"text-decoration: underline; color: #ff6600;\"><strong>CONTEXTE ET JUSTIFICATIONS<\/strong><\/span><\/h4>\n<p style=\"text-align: justify;\">Les actions anthropiques modifient les paysages et les conditions de vie des populations avec une rapidit\u00e9 accrue lorsqu\u2019elles sont exacerb\u00e9es par les crises. Dans plusieurs r\u00e9gions du monde, et en particulier en Afrique subsaharienne, ces modifications sont li\u00e9es \u00e0 des tensions sociales et\/ou intercommunautaires qui d\u00e9bouchent souvent sur des conflits arm\u00e9s. Ainsi, depuis 1990, ces conflits arm\u00e9s avec leurs corollaires ont mis plus de 80 millions d&rsquo;hommes et de femmes en situation de famine et engendr\u00e9 plus de 23 millions de r\u00e9fugi\u00e9s. A cause des conflits, les ressources consacr\u00e9es aux programmes de d\u00e9veloppement nationaux sont d\u00e9tourn\u00e9es \u00e0 d\u2019autres fins.<\/p>\n<p style=\"text-align: justify;\">Dans ces p\u00e9riodes de tension, la fragilit\u00e9 ou m\u00eame la disparition des syst\u00e8mes de contr\u00f4le des territoires ruraux entra\u00eene en pays tropical le d\u00e9veloppement subreptice de sp\u00e9culations agricoles telles que le cacaoyer, le caf\u00e9ier, l\u2019anacarde, l\u2019h\u00e9v\u00e9a, etc. et suscite souvent l\u2019afflux d\u2019immigr\u00e9s dans certains pays en crise. Ce d\u00e9s\u00e9quilibre se traduit par une modification forte des paysages qui sont l&rsquo;image la plus pr\u00e9cise des potentialit\u00e9s agricoles, pastorales et foresti\u00e8res du territoire. Les d\u00e9placements de populations qui accompagnent ces modifications des paysages sont souvent source de conflits r\u00e9currents entre communaut\u00e9s d\u2019immigr\u00e9s et communaut\u00e9s locales pour l\u2019acc\u00e8s \u00e0 la ressource fonci\u00e8re.<strong>\u00a0<\/strong><\/p>\n<p style=\"text-align: justify;\">Les outils statistiques traditionnels de collecte de donn\u00e9es sur les potentialit\u00e9s du territoire sont alors abandonn\u00e9s en raison de l\u2019ins\u00e9curit\u00e9. Des technologies innovantes \u2013 en particulier la t\u00e9l\u00e9d\u00e9tection \u2013 et des observations de terrain ad\u00e9quates sont donc n\u00e9cessaires pour conna\u00eetre l&rsquo;\u00e9volution des r\u00e9gions qui ont subi des conflits.<\/p>\n<p style=\"text-align: justify;\">Pour faire le point sur ces n\u00e9cessit\u00e9s, le colloque de mai 2017 examinera en d\u00e9tail, les relations entre les actions humaines et les dynamiques des paysages d\u2019Afrique subsaharienne, ainsi que leur influence sur la s\u00e9curit\u00e9 alimentaire.<\/p>\n<hr \/>\n<h4 style=\"text-align: left;\"><span style=\"text-decoration: underline; color: #ff6600;\"><strong>OBJECTIFS ET ORGANISATION<\/strong><\/span><\/h4>\n<p style=\"text-align: justify;\">L\u2019objectif g\u00e9n\u00e9ral du colloque est d\u2019organiser une rencontre scientifique et technique entre experts, chercheurs, enseignants, acteurs d\u2019ONG ou de bureaux d\u2019\u00e9tudes, et services techniques des institutions publiques ou priv\u00e9es s\u2019int\u00e9ressant aux \u00e9cosyst\u00e8mes terrestres subsahariens ainsi qu\u2019aux pressions qui s\u2019y exercent. Il s\u2019agira pr\u00e9cis\u00e9ment d\u2019offrir un cadre de concertation pour sensibiliser, former et \u00e9changer sur les exp\u00e9riences r\u00e9alis\u00e9es et les perspectives op\u00e9rationnelles des donn\u00e9es et produits \u00e9labor\u00e9s dans des disciplines scientifiques diverses.<\/p>\n<p style=\"text-align: justify;\">Le colloque permettra aussi de confronter et vulgariser les r\u00e9sultats des recherches portant sur les dynamiques paysag\u00e8res en p\u00e9riode de conflits ainsi que leurs influences sur la gestion et la disponibilit\u00e9 des terres agricoles et la s\u00e9curit\u00e9 alimentaire. Il regroupera \u00e9galement des chercheurs en \u00e9cologie du paysage pour porter des r\u00e9flexions sur les orientations de cette discipline en Afrique subsaharienne.<\/p>\n<p style=\"text-align: justify;\">Le colloque se d\u00e9roulera sous forme de communications scientifiques et techniques, ainsi que d\u2019\u00e9changes avec des d\u00e9cideurs, des experts et des acteurs d\u2019ONG au cours d\u2019ateliers sp\u00e9cifiques.<\/p>\n<hr \/>\n<h4 style=\"text-align: left;\"><span style=\"text-decoration: underline; color: #ff6600;\"><strong>TH\u00c8ME PRINCIPAL ET SESSIONS<\/strong><\/span><\/h4>\n<p style=\"text-align: justify;\">Le th\u00e8me g\u00e9n\u00e9ral du colloque est :\u00a0<strong>Conflits, actions humaines, <\/strong><strong>s\u00e9curit\u00e9 alimentaire<\/strong><strong> et dynamiques des paysages d&rsquo;Afrique subsaharienne.<\/strong><\/p>\n<p style=\"text-align: justify;\"><strong>\u00a0<\/strong><span style=\"text-decoration: underline;\"><em>Conflits<\/em>\u00a0<\/span>: guerres, tensions communautaires, perturbations, etc. \u00a0 \u00a0 \u00a0 \u00a0 \u00a0 \u00a0 \u00a0 \u00a0 \u00a0 \u00a0 \u00a0 \u00a0 \u00a0 \u00a0 \u00a0 \u00a0 \u00a0 \u00a0<span style=\"text-decoration: underline;\"><em>Actions humaines\u00a0<\/em><\/span>: agriculture, migrations, d\u00e9forestation, urbanisation, eau, pollution, etc.<\/p>\n<p style=\"text-align: justify;\">Il s\u2019articulera autour de <span style=\"text-decoration: underline;\">cinq<\/span> (5) sessions th\u00e9matiques.<\/p>\n<p style=\"text-align: justify;\"><strong>\u00a0<\/strong><strong><span style=\"color: #ff0000;\">Session 1 <\/span>: Identification et dynamiques des paysages en p\u00e9riodes de conflits ; \u00a0 \u00a0 \u00a0 \u00a0 \u00a0\u00a0<\/strong><span style=\"text-decoration: underline;\">Mots cl\u00e9s<\/span><strong> :<\/strong> t\u00e9l\u00e9d\u00e9tection et v\u00e9rit\u00e9 terrain, dynamiques des paysages, conflits (inter) communautaires, anthropisation, troubles sociaux, perturbations, guerre, for\u00eat, savanisation, espaces agricoles.<\/p>\n<p style=\"text-align: justify;\"><strong><span style=\"color: #ff0000;\">Session 2<\/span> : Mouvements des populations, agriculture et gestion fonci\u00e8re ; \u00a0 \u00a0 \u00a0 \u00a0 \u00a0 \u00a0 \u00a0 \u00a0 \u00a0 \u00a0 \u00a0\u00a0<\/strong><span style=\"text-decoration: underline;\">Mots cl\u00e9s<\/span> : agriculture de rente, pression fonci\u00e8re, gestion participative, coh\u00e9sion sociale, travail des enfants, fili\u00e8res d&rsquo;immigration, modes d&rsquo;acquisition des terres.<\/p>\n<p style=\"text-align: justify;\"><strong><span style=\"color: #ff0000;\">Session 3<\/span> : Syst\u00e8mes agraires, s\u00e9curit\u00e9 alimentaire et gestion de l\u2019espace ; \u00a0 \u00a0 \u00a0 \u00a0 \u00a0 \u00a0 \u00a0 \u00a0 \u00a0 \u00a0<\/strong><span style=\"text-decoration: underline;\">Mots cl\u00e9s<\/span> : cultures de rente, syst\u00e8mes culturaux, intrants agricoles, indices de s\u00e9curit\u00e9 alimentaire, production agricole, reconversions agricoles, strat\u00e9gie de s\u00e9curit\u00e9 alimentaire.<\/p>\n<p style=\"text-align: justify;\"><strong><span style=\"color: #ff0000;\">Session 4<\/span> : Espaces, services \u00e9cosyst\u00e9miques et qualit\u00e9 de vie des populations; \u00a0 \u00a0 \u00a0 \u00a0 \u00a0<\/strong><span style=\"text-decoration: underline;\">Mots cl\u00e9s<\/span> : pauvret\u00e9, bien-\u00eatre de la population, travail \/ scolarisation des enfants, genre, produits forestiers non-ligneux, Economie rurale, infrastructures socio-\u00e9conomiques.<\/p>\n<p style=\"text-align: justify;\"><strong><span style=\"color: #ff0000;\">Session 5<\/span> : M\u00e9thodes de monitoring ; \u00a0 \u00a0 \u00a0 \u00a0 \u00a0 \u00a0 \u00a0 \u00a0 \u00a0 \u00a0 \u00a0 \u00a0 \u00a0 \u00a0 \u00a0 \u00a0 \u00a0 \u00a0 \u00a0 \u00a0 \u00a0 \u00a0 \u00a0 \u00a0 \u00a0 \u00a0 \u00a0 \u00a0 \u00a0 \u00a0 \u00a0 \u00a0 \u00a0 \u00a0 \u00a0 \u00a0 \u00a0 \u00a0 \u00a0 \u00a0 \u00a0 \u00a0 \u00a0 \u00a0 \u00a0 <\/strong><span style=\"text-decoration: underline;\">Mots cl\u00e9s<\/span> : suivi des dynamiques des paysages, suivi des flux migratoires, suivi de la s\u00e9curit\u00e9 alimentaire, mod\u00e9lisation.<\/p>\n<hr \/>\n<h4><span style=\"color: #ff6600;\"><strong><u>CONF\u00c9RENCIERS<\/u><u>\u00a0INVIT\u00c9S<\/u><\/strong><\/span><\/h4>\n<ul>\n<li style=\"text-align: left;\">Professeur Jan BOGAERT, Universit\u00e9 de Li\u00e8ge, Belgique<\/li>\n<li style=\"text-align: left;\">Professeur Jean Pierre CHAUVEAU, IRD, France<\/li>\n<li style=\"text-align: left;\">Professeur Michel GODRON, France<\/li>\n<li style=\"text-align: left;\">Monsieur Yacouba SANGARE , d\u00e9put\u00e9 \u00e0 l&rsquo;assembl\u00e9e nationale de C\u00f4te d&rsquo;Ivoire<\/li>\n<li style=\"text-align: left;\">Professeur Kouassi Br\u00e9doumi Soumaila TRAORE , minist\u00e8re de l&rsquo;agriculture, C\u00f4te d&rsquo;Ivoire<\/li>\n<li style=\"text-align: left;\">Colonel Adama TONDOSSAMA, Office Ivoirien desP arcs et Reserves<\/li>\n<li style=\"text-align: left;\">Professeur Daouda HAIDARA, pr\u00e9sident de l&rsquo;Acad\u00e9mie des Sciences, des Arts, des cultures d&rsquo;Afrique et des Diaspora Africaines<\/li>\n<\/ul>\n<hr \/>\n<h4 class=\"yiv0966513462MsoNormal\"><span style=\"text-decoration: underline; color: #ff6600;\"><strong>PUBLIC CIBLE<\/strong><\/span><\/h4>\n<ul>\n<li style=\"text-align: justify;\">Communaut\u00e9 scientifique et technique impliqu\u00e9e dans la gestion des \u00e9cosyst\u00e8mes naturels ou artificialis\u00e9s.<\/li>\n<\/ul>\n<ul style=\"text-align: justify;\">\n<li>Utilisateurs des outils de monitoring des dynamiques des paysages tropicaux, des flux migratoires, des alertes de l\u2019ins\u00e9curit\u00e9 alimentaire dans les pays en d\u00e9veloppement.<\/li>\n<\/ul>\n<ul style=\"text-align: justify;\">\n<li>Enseignants, chercheurs, techniciens et \u00e9tudiants en \u00e9cologie du paysage, en t\u00e9l\u00e9d\u00e9tection, en sociologie rurale, en anthropologie africaine et en \u00e9conomie agricole.<\/li>\n<\/ul>\n<ul style=\"text-align: justify;\">\n<li>ONG et Bureaux d\u2019\u00e9tude impliqu\u00e9s dans des questions relatives aux migrations, au travail des enfants, au genre, aux droits de l\u2019homme en Afrique subsaharienne.<\/li>\n<\/ul>\n<ul style=\"text-align: justify;\">\n<li>D\u00e9cideurs politiques et services techniques des minist\u00e8res en charge des for\u00eats et de l\u2019environnement, des migrations et de l\u2019agriculture.<\/li>\n<\/ul>\n<ul>\n<li style=\"text-align: justify;\">Bailleurs, agences de coop\u00e9ration et acteurs de l\u2019assistance technique.<\/li>\n<\/ul>\n<hr \/>\n<h4><\/h4>\n<h4>\u00a0<span style=\"color: #000000;\"><span style=\"color: #ff6600;\"><b><u>COMIT\u00c9 SCIENTIFIQUE<\/u><\/b><\/span><strong style=\"color: #000000; text-decoration: underline;\">\u00a0<\/strong><\/span><\/h4>\n<ul>\n<li>Prof. BOGAERT Jan (Universit\u00e9 de Li\u00e8ge, Belgique)<\/li>\n<li>Prof. GODRON Michel (France)<\/li>\n<li>Prof. CHAUVEAU Jean-Pierre (IRD, France)<\/li>\n<li>Prof. ANDRIEU Julien (Universit\u00e9 Nice Sophia Antipolis, France)<\/li>\n<li>Prof. SINSIN Brice (Universit\u00e9 d\u2019Abomey Calavi, Benin)<\/li>\n<li>Prof. ASSI-KAUDJHIS (Universit\u00e9 Alassane Ouattara, C\u00f4te d\u2019Ivoire)<\/li>\n<li>Prof. AKANVOU\u00a0Louise (CNRA, C\u00f4te d\u2019Ivoire)<\/li>\n<li>Prof. KOUASSI Kouakou Lazare (Universit\u00e9 Jean Lorougnon Gu\u00e9d\u00e9, C\u00f4te d&rsquo;Ivoire)<\/li>\n<li>Dr MERTENS Benoit (IRD, France)<\/li>\n<li>Dr ZERBO Roger (Universit\u00e9 de Ouagadougou, Burkina Faso)<\/li>\n<li>Dr KOUAM\u00c9\u00a0S\u00e9verin (Universit\u00e9 Alassane Ouattara, C\u00f4te d\u2019Ivoire)<\/li>\n<li>Dr BAMBA Issouf (Universit\u00e9 Jean Lorougnon Gu\u00e9d\u00e9, C\u00f4te d\u2019Ivoire)<\/li>\n<li>Dr SANGNE Yao Charles (Universit\u00e9 Jean Lorougnon Gu\u00e9d\u00e9, C\u00f4te d\u2019Ivoire)<\/li>\n<li>Dr KOUASSI Henri (Universit\u00e9 Jean Lorougnon Gu\u00e9d\u00e9, C\u00f4te d\u2019Ivoire)<\/li>\n<li>Dr BARIMA Yao S. Sabas (Universit\u00e9 Jean Lorougnon Gu\u00e9d\u00e9, C\u00f4te d\u2019Ivoire)<\/li>\n<\/ul>\n<hr \/>\n<h4><span style=\"text-decoration: underline; color: #ff6600;\"><strong>PARTICIPATION<\/strong><\/span><\/h4>\n<p style=\"text-align: justify;\">Les participants\u00a0\u00e0 ce colloque ont recevront\u00a0des\u00a0messages de confirmation du comit\u00e9 d\u2019organisation. 100 participants sont attendus.<\/p>\n<p style=\"text-align: justify;\">Le colloque se tiendra \u00e0 Daloa (C\u00f4te d\u2019Ivoire), <strong>du\u00a010 au\u00a0 12 mai 2017<\/strong>.<\/p>\n<p style=\"text-align: justify;\">L\u2019arriv\u00e9e des participants\u00a0hors\u00a0C\u00f4te d&rsquo;ivoire est pr\u00e9vue le 8 mai 2017 \u00e0 Abidjan. Les participants rejoindront Daloa le lendemain en bus en passant par une escale touristique \u00e0 Yamoussoukro.<\/p>\n<hr \/>\n<h4><span style=\"text-decoration: underline; color: #ff6600;\"><strong>FRAIS D&rsquo;INSCRIPTION<\/strong><\/span><\/h4>\n<h4><\/h4>\n<p>Les \u00a0frais d&rsquo;inscription au colloque s&rsquo;\u00e9l\u00e8vent \u00e0 150 000 FCFA ( \u2248 230 \u20ac) pour les participants venant hors de C\u00f4te d\u2019Ivoire et 50 000 FCFA pour les locaux. Ces frais sont payables sur place, le \u00a01er \u00a0jour du colloque.<\/p>\n<p>Les frais des billets d\u2019avion sont \u00e0 la charge des participants.<\/p>\n<p>Pour toutes informations compl\u00e9mentaires, veuillez contacter le comit\u00e9 d\u2019organisation \u00e0 l\u2019adresse email\u00a0: <a href=\"mailto:colloque.daloa.2017@gmail.com\"><strong>colloque.daloa.2017@gmail.com<\/strong><\/a><\/p>\n<p>L\u2019ensemble des documents relatifs au colloque est disponible sur le site \u00a0<strong><a href=\"http:\/\/www.griepe.net\">www.griepe.net<\/a><\/strong><\/p>\n<hr \/>\n<p><strong>PARTENAIRES<\/strong><\/p>\n<p><a href=\"http:\/\/griepe.net\/wp-content\/uploads\/2016\/03\/Partenaires-du-colloq.jpg\"><img loading=\"lazy\" decoding=\"async\" class=\"alignleft wp-image-669\" src=\"http:\/\/griepe.net\/wp-content\/uploads\/2016\/03\/Partenaires-du-colloq.jpg\" alt=\"Partenaires du colloq\" width=\"606\" height=\"406\" srcset=\"https:\/\/griepe.net\/wp-content\/uploads\/2016\/03\/Partenaires-du-colloq.jpg 839w, https:\/\/griepe.net\/wp-content\/uploads\/2016\/03\/Partenaires-du-colloq-300x201.jpg 300w, https:\/\/griepe.net\/wp-content\/uploads\/2016\/03\/Partenaires-du-colloq-768x515.jpg 768w\" sizes=\"(max-width: 606px) 100vw, 606px\" \/><\/a><\/p>\n<p>&nbsp;<\/p>\n","protected":false},"excerpt":{"rendered":"<p>CONTEXTE ET JUSTIFICATIONS Les actions anthropiques modifient les paysages et les conditions de vie des populations avec une rapidit\u00e9 accrue lorsqu\u2019elles sont exacerb\u00e9es par les crises. Dans plusieurs r\u00e9gions du monde, et en particulier en Afrique subsaharienne, ces modifications sont &hellip; <a href=\"https:\/\/griepe.net\/?page_id=395\">Continuer la lecture <span class=\"meta-nav\">&rarr;<\/span><\/a><\/p>\n","protected":false},"author":1,"featured_media":0,"parent":0,"menu_order":0,"comment_status":"closed","ping_status":"closed","template":"","meta":{"footnotes":""},"_links":{"self":[{"href":"https:\/\/griepe.net\/index.php?rest_route=\/wp\/v2\/pages\/395"}],"collection":[{"href":"https:\/\/griepe.net\/index.php?rest_route=\/wp\/v2\/pages"}],"about":[{"href":"https:\/\/griepe.net\/index.php?rest_route=\/wp\/v2\/types\/page"}],"author":[{"embeddable":true,"href":"https:\/\/griepe.net\/index.php?rest_route=\/wp\/v2\/users\/1"}],"replies":[{"embeddable":true,"href":"https:\/\/griepe.net\/index.php?rest_route=%2Fwp%2Fv2%2Fcomments&post=395"}],"version-history":[{"count":107,"href":"https:\/\/griepe.net\/index.php?rest_route=\/wp\/v2\/pages\/395\/revisions"}],"predecessor-version":[{"id":1827,"href":"https:\/\/griepe.net\/index.php?rest_route=\/wp\/v2\/pages\/395\/revisions\/1827"}],"wp:attachment":[{"href":"https:\/\/griepe.net\/index.php?rest_route=%2Fwp%2Fv2%2Fmedia&parent=395"}],"curies":[{"name":"wp","href":"https:\/\/api.w.org\/{rel}","templated":true}]}}