{"id":445,"date":"2016-03-17T16:28:56","date_gmt":"2016-03-17T15:28:56","guid":{"rendered":"http:\/\/griepe.net\/?page_id=445"},"modified":"2022-06-20T00:35:27","modified_gmt":"2022-06-20T00:35:27","slug":"publications","status":"publish","type":"page","link":"https:\/\/griepe.net\/?page_id=445","title":{"rendered":"PUBLICATIONS"},"content":{"rendered":"<p><span style=\"color: #ff0000;\"><strong><u>I &#8211; AXES DE RECHERCHES<\/u><\/strong><\/span><\/p>\n<p><a href=\"https:\/\/griepe.net\/?page_id=1683\"><strong>Axe 1\u00a0: Dynamique spatio-temporelle des paysages<\/strong><\/a><\/p>\n<p><a href=\"https:\/\/griepe.net\/?page_id=1701\"><strong>Axe 2\u00a0: Biodiversit\u00e9 et services \u00e9cosyst\u00e9miques<\/strong><\/a><\/p>\n<p><a href=\"https:\/\/griepe.net\/?page_id=1689\"><strong>Axe 3 : Syst\u00e8mes de culture en zone foresti\u00e8re et savanicole<\/strong><\/a><\/p>\n<p><a href=\"https:\/\/griepe.net\/?page_id=1693\"><strong>Axe 4\u00a0: Pollution de l\u2019environnement<\/strong><\/a><\/p>\n<p><a href=\"https:\/\/griepe.net\/?page_id=1699\"><strong>Axe 5\u00a0: Socio-\u00e9conomie de l\u2019environnement<\/strong><\/a><\/p>\n<p><span style=\"color: #ff0000;\"><strong><u>II- THESES ET MEMOIRES DE MASTERS<\/u><\/strong><\/span><\/p>\n<ul>\n<li><strong>THESES<\/strong><\/li>\n<li><a href=\"https:\/\/griepe.net\/?page_id=1793\"><strong>MASTERS<\/strong><\/a><\/li>\n<\/ul>\n","protected":false},"excerpt":{"rendered":"<p>I &#8211; AXES DE RECHERCHES Axe 1\u00a0: Dynamique spatio-temporelle des paysages Axe 2\u00a0: Biodiversit\u00e9 et services \u00e9cosyst\u00e9miques Axe 3 : Syst\u00e8mes de culture en zone foresti\u00e8re et savanicole Axe 4\u00a0: Pollution de l\u2019environnement Axe 5\u00a0: Socio-\u00e9conomie de l\u2019environnement II- THESES &hellip; <a href=\"https:\/\/griepe.net\/?page_id=445\">Continuer la lecture <span class=\"meta-nav\">&rarr;<\/span><\/a><\/p>\n","protected":false},"author":1,"featured_media":0,"parent":0,"menu_order":0,"comment_status":"closed","ping_status":"closed","template":"","meta":{"footnotes":""},"_links":{"self":[{"href":"https:\/\/griepe.net\/index.php?rest_route=\/wp\/v2\/pages\/445"}],"collection":[{"href":"https:\/\/griepe.net\/index.php?rest_route=\/wp\/v2\/pages"}],"about":[{"href":"https:\/\/griepe.net\/index.php?rest_route=\/wp\/v2\/types\/page"}],"author":[{"embeddable":true,"href":"https:\/\/griepe.net\/index.php?rest_route=\/wp\/v2\/users\/1"}],"replies":[{"embeddable":true,"href":"https:\/\/griepe.net\/index.php?rest_route=%2Fwp%2Fv2%2Fcomments&post=445"}],"version-history":[{"count":37,"href":"https:\/\/griepe.net\/index.php?rest_route=\/wp\/v2\/pages\/445\/revisions"}],"predecessor-version":[{"id":2101,"href":"https:\/\/griepe.net\/index.php?rest_route=\/wp\/v2\/pages\/445\/revisions\/2101"}],"wp:attachment":[{"href":"https:\/\/griepe.net\/index.php?rest_route=%2Fwp%2Fv2%2Fmedia&parent=445"}],"curies":[{"name":"wp","href":"https:\/\/api.w.org\/{rel}","templated":true}]}}