{"id":49,"date":"2015-04-12T20:33:27","date_gmt":"2015-04-12T19:33:27","guid":{"rendered":"http:\/\/griepe.net\/?page_id=49"},"modified":"2018-04-05T17:12:25","modified_gmt":"2018-04-05T16:12:25","slug":"institutions-et-organisations","status":"publish","type":"page","link":"https:\/\/griepe.net\/?page_id=49","title":{"rendered":"Institutions et Organisations"},"content":{"rendered":"<ul>\n<li><span style=\"color: #0f7001;\"><span style=\"font-family: 'Comic Sans MS', serif;\"><span style=\"font-size: large;\"><a href=\"http:\/\/www.afd.fr\/home\">Agence Fran\u00e7aise de D\u00e9veloppement<\/a>;<\/span><\/span><\/span><\/li>\n<li><span style=\"color: #0f7001;\"><span style=\"font-family: 'Comic Sans MS', serif;\"><span style=\"font-size: large;\"><a href=\"http:\/\/www.ird.fr\">Institut pour la Recherche et le D\u00e9veloppement\u00a0(France)<\/a>;<\/span><\/span><\/span><\/li>\n<li><a href=\"http:\/\/www.ffem.fr\/site\/ffem\/\"><span style=\"color: #0f7001;\"><span style=\"font-family: 'Comic Sans MS', serif;\"><span style=\"font-size: large;\">Fonds Fran\u00e7ais pour l\u2019Environnement Mondial;<\/span><\/span><\/span><\/a><\/li>\n<li><span style=\"color: #0f7001;\"><span style=\"font-family: 'Comic Sans MS', serif;\"><span style=\"font-size: large;\"><a href=\"http:\/\/twas.org\/\">The World Academy of Sciences<\/a>;<\/span><\/span><\/span><\/li>\n<li><span style=\"color: #0f7001;\"><span style=\"font-family: 'Comic Sans MS', serif;\"><span style=\"font-size: large;\"><a href=\"http:\/\/www.cud.be\/\">Commission Universitaire pour le D\u00e9veloppement<\/a>;<\/span><\/span><\/span><\/li>\n<li><span style=\"color: #0f7001;\"><span style=\"font-family: 'Comic Sans MS', serif;\"><span style=\"font-size: large;\"><a href=\"http:\/\/www.ulb.ac.be\/facs\/psycho\/docs\/ReglesFondVanBuuren.pdf\">Fondation David et Alice Van Buuren (Belgique)<\/a>;<\/span><\/span><\/span><\/li>\n<li><a href=\"http:\/\/www.ifs.se\/\"><span style=\"color: #0f7001;\"><span style=\"font-family: 'Comic Sans MS', serif;\"><span style=\"font-size: large;\">International Foundation of Science<\/span><\/span><\/span><\/a><\/li>\n<li><a href=\"http:\/\/www.csrs.ch\/\"><span style=\"color: #0f7001;\"><span style=\"font-family: 'Comic Sans MS', serif;\"><span style=\"font-size: large;\">Centre Suisse de Recherches Scientifiques en C\u00f4te d&rsquo;Ivoire;<\/span><\/span><\/span><\/a><\/li>\n<li><a href=\"https:\/\/www.gbif.org\/\"><span style=\"color: #0f7001;\"><span style=\"font-family: 'Comic Sans MS', serif;\"><span style=\"font-size: large;\">Global Biodiversity Information facility;<\/span><\/span><\/span><\/a><\/li>\n<li><a href=\"http:\/\/www.sep2d.org\/\"><span style=\"color: #0f7001;\"><span style=\"font-family: 'Comic Sans MS', serif;\"><span style=\"font-size: large;\">Sud Expert Plante D\u00e9veloppement Durable;<\/span><\/span><\/span><\/a><\/li>\n<li><a href=\"http:\/\/institutibaan.blogspot.com\/\"><span style=\"color: #0f7001;\"><span style=\"font-family: 'Comic Sans MS', serif;\"><span style=\"font-size: large;\">\u00a0Institut Botanique Ak\u00e9-Assi Laurent d&rsquo;Andokoi<\/span><\/span><\/span><\/a><\/li>\n<li>\n<h4><a href=\"http:\/\/agraf.msem.univ-montp2.fr\/\">AGRAF : Syst\u00e8mes AGRoforestier en Afrique de l&rsquo;Ouest<\/a><\/h4>\n<\/li>\n<\/ul>\n","protected":false},"excerpt":{"rendered":"<p>Agence Fran\u00e7aise de D\u00e9veloppement; Institut pour la Recherche et le D\u00e9veloppement\u00a0(France); Fonds Fran\u00e7ais pour l\u2019Environnement Mondial; The World Academy of Sciences; Commission Universitaire pour le D\u00e9veloppement; Fondation David et Alice Van Buuren (Belgique); International Foundation of Science Centre Suisse de &hellip; <a href=\"https:\/\/griepe.net\/?page_id=49\">Continuer la lecture <span class=\"meta-nav\">&rarr;<\/span><\/a><\/p>\n","protected":false},"author":1,"featured_media":0,"parent":32,"menu_order":1,"comment_status":"open","ping_status":"open","template":"","meta":{"footnotes":""},"_links":{"self":[{"href":"https:\/\/griepe.net\/index.php?rest_route=\/wp\/v2\/pages\/49"}],"collection":[{"href":"https:\/\/griepe.net\/index.php?rest_route=\/wp\/v2\/pages"}],"about":[{"href":"https:\/\/griepe.net\/index.php?rest_route=\/wp\/v2\/types\/page"}],"author":[{"embeddable":true,"href":"https:\/\/griepe.net\/index.php?rest_route=\/wp\/v2\/users\/1"}],"replies":[{"embeddable":true,"href":"https:\/\/griepe.net\/index.php?rest_route=%2Fwp%2Fv2%2Fcomments&post=49"}],"version-history":[{"count":9,"href":"https:\/\/griepe.net\/index.php?rest_route=\/wp\/v2\/pages\/49\/revisions"}],"predecessor-version":[{"id":1272,"href":"https:\/\/griepe.net\/index.php?rest_route=\/wp\/v2\/pages\/49\/revisions\/1272"}],"up":[{"embeddable":true,"href":"https:\/\/griepe.net\/index.php?rest_route=\/wp\/v2\/pages\/32"}],"wp:attachment":[{"href":"https:\/\/griepe.net\/index.php?rest_route=%2Fwp%2Fv2%2Fmedia&parent=49"}],"curies":[{"name":"wp","href":"https:\/\/api.w.org\/{rel}","templated":true}]}}