{"id":883,"date":"2017-05-23T18:02:26","date_gmt":"2017-05-23T17:02:26","guid":{"rendered":"http:\/\/griepe.net\/?page_id=883"},"modified":"2017-05-31T19:07:11","modified_gmt":"2017-05-31T18:07:11","slug":"communications","status":"publish","type":"page","link":"https:\/\/griepe.net\/?page_id=883","title":{"rendered":"Communications orales"},"content":{"rendered":"<p><strong><a href=\"http:\/\/griepe.net\/wp-content\/uploads\/2017\/05\/Communication-1-BAMBA-I.-et-al.-1.pdf\">Communication 1 <\/a>: <\/strong><em>Partition du territoire pendant la p\u00e9riode de conflit comme facteur de la dynamique de v\u00e9g\u00e9tations en C\u00f4te d&rsquo;Ivoire<\/em> &#8211;<strong>\u00a0<\/strong>Bamba I., Barima Y. S. S. , Sangne Y. C., Assi-Kaudjhis J.P. <sup>\u00a0<\/sup><\/p>\n<p><a href=\"http:\/\/griepe.net\/wp-content\/uploads\/2017\/05\/Communication-2-KOUAKOU-Tamia.pdf\"><strong>Communication 2 <\/strong><\/a>:<em>\u00a0Impact des pressions anthropiques sur la flore de la for\u00eat class\u00e9e du Haut-Sassandra (C\u00f4te d\u2019Ivoire)<\/em> &#8211;\u00a0Kouakou A. T. M., Assal\u00e9 A. A. Y., Barima Y. S. S.<\/p>\n<p><strong><a href=\"http:\/\/griepe.net\/wp-content\/uploads\/2017\/05\/Communication-3-ZANH-G.-et-KOUA-A.-.pdf\">Communication 3<\/a><\/strong> :\u00a0<em>Occupation du sol et saturation fonci\u00e8re \u00e0 la p\u00e9riph\u00e9rie de la For\u00eat Class\u00e9e du Haut-Sassandra (Centre-Ouest de la C\u00f4te d\u2019Ivoire) dans un contexte post-conflit<\/em> &#8211; Zanh G. G., Koua K. A. N., Kouakou K. A., Barima Y. S. S.<\/p>\n<p><a href=\"http:\/\/griepe.net\/wp-content\/uploads\/2017\/05\/Communication-4-OUATTARA-A.-et-al..pdf\"><strong>Communication 4<\/strong><\/a> :\u00a0<em>Pression anthropique et dynamique paysag\u00e8re en zone de for\u00eat ivoirienne dans la r\u00e9gion de M\u00e9agui<\/em> &#8211; Ouattara A. A., Debora G. I. D., Kouakou A. A. C., Adopo A. R. , Fauret P., Coulibaly B., Kaba D<span style=\"font-size: 10px;\">.<\/span>, Koffi Y. J. J., Assi-Kaudjhis J. P., Courtin F.<\/p>\n<p><a href=\"http:\/\/griepe.net\/wp-content\/uploads\/2017\/05\/Communication-5-PKANGUI-K.-B.pdf\"><strong>Communication 5<\/strong><\/a> :\u00a0<em>Dynamique d\u2019expansion des cacaoy\u00e8res dans les zones de contact for\u00eat-savane\u00a0: cas de la sous-pr\u00e9fecture de Kokumbo (Centre de la C\u00f4te d\u2019Ivoire)<\/em> &#8211;\u00a0Kpangui K. B., Vroh B. T. A.<sup>\u00a0<\/sup>, Kouame D., Gone B. Z. B., Koffi B. J.-C., Adou Yao C. Y.<\/p>\n<p><a href=\"http:\/\/griepe.net\/wp-content\/uploads\/2017\/05\/Communication-6-KOUAKOU-COLETTE.pdf\"><strong>Communication 6<\/strong><\/a> :\u00a0<em>Dynamique de peuplement et modification paysag\u00e8re dans le parc national de la Marahou\u00e9 (C\u00f4te d\u2019Ivoire)<\/em> &#8211;<strong>\u00a0<\/strong>Kouakou A. C., Coulibaly B., Kaba\u00a0D., Anoh\u00a0P., Courtin\u00a0F.<\/p>\n<p><a href=\"http:\/\/griepe.net\/wp-content\/uploads\/2017\/05\/Communication-7-TOYI-Mireille.pdf\"><strong>Communication 7<\/strong><\/a> :\u00a0<em>Dynamique paysag\u00e8re de la For\u00eat Class\u00e9e de la Lama au sud du B\u00e9nin\u00a0<\/em>&#8211; Toyi M. S. S., Eda F., Sinsin B.<\/p>\n<p><a href=\"http:\/\/griepe.net\/wp-content\/uploads\/2017\/05\/Communication-8-DEMBELE-Sidi.pdf\"><strong>Communication 8<\/strong><\/a> :\u00a0<em>Dynamiques des paysages r\u00e9gionaux en zone cotonni\u00e8re du Mali<\/em><strong> &#8211;\u00a0<\/strong>Demb\u00e9l\u00e9 S., Soumar\u00e9 M., Diakit\u00e9 C. H., Gaillard D.<\/p>\n<p><a href=\"http:\/\/griepe.net\/wp-content\/uploads\/2017\/05\/Communication-9-HAVYARIMANA-Fran\u00e7ois.pdf\"><strong>Communication 9<\/strong><\/a> :\u00a0<em>La contribution des camps de d\u00e9plac\u00e9s \u00e0 la dynamique paysag\u00e8re au sud et au sud-est du Burundi &#8211;\u00a0<\/em>Havyarimana\u00a0F., Bamba\u00a0I., Barima\u00a0Y. S. S., Masharabu\u00a0T., Nduwarugira D., Bigendako<sup>\u00a0<\/sup>M.-J., Mama<sup>\u00a0<\/sup>A., Bangirinama<sup>\u00a0<\/sup>F., De Canni\u00e8re<sup>\u00a0<\/sup>C., Bogaert<sup>\u00a0<\/sup>J.<\/p>\n<p><a href=\"http:\/\/griepe.net\/wp-content\/uploads\/2017\/05\/Communication-10-ANDRIEU-Julien.pdf\"><strong>Communication 10<\/strong><\/a> :\u00a0<em>Analyse de la cin\u00e9matique de la v\u00e9g\u00e9tation en C\u00f4te d\u2019Ivoire pendant les conflits \u00e0 travers une m\u00e9trique phr\u00e9nologique et la corr\u00e9lation de Kendall de deux s\u00e9ries temporelles de NDVI &#8211;\u00a0<\/em>Andrieu J.<\/p>\n<p><a href=\"http:\/\/griepe.net\/wp-content\/uploads\/2017\/05\/Communication-11-KROUBA-D..pdf\"><strong>Communication 11<\/strong><\/a> :\u00a0<em>Dynamiques de peuplement et modifications paysag\u00e8res dans la zone rurale au sud de Bonon (centre-ouest de la C\u00f4te d\u2019Ivoire)<\/em><strong> &#8211;\u00a0<\/strong>Krouba D., Coulibaly B., Aristide A., Aboubakar O., Kaba D.<span style=\"font-size: 10px;\">,<\/span>\u00a0 Kaudjhiss N., Courtin F<span style=\"font-size: 10px;\">.<\/span><\/p>\n<p><a href=\"http:\/\/griepe.net\/wp-content\/uploads\/2017\/05\/Communication-12-RUF-F.-.pdf\"><strong>Communication 12<\/strong><\/a> :\u00a0<em>Crises politico-militaires et climatiques en C\u00f4te d\u2019Ivoire, 2000-2017. Du cacao \u00e0 l\u2019anacarde, de la rente for\u00eat \u00e0 la fumure animale<\/em><strong> &#8211;\u00a0<\/strong>Ruf F.<\/p>\n<p><a href=\"http:\/\/griepe.net\/wp-content\/uploads\/2017\/05\/Communication-13-HEMA-K.-et-ZERBO-R.-.pdf\"><strong>Communication 13<\/strong><\/a> :\u00a0<em>Pratiques agricoles des migrants burkinab\u00e8 en C\u00f4te d\u2019Ivoire et investissements socio-\u00e9conomiques li\u00e9s \u00e0 la culture du cacao<\/em><strong> &#8211;\u00a0<\/strong>Hema K., B.Zerbo R.\u00a0et Koffi G. R. Y.<\/p>\n<p><a href=\"http:\/\/griepe.net\/wp-content\/uploads\/2017\/05\/Communication-14-VIGNAL-M.-.pdf\"><strong>Communication 14<\/strong><\/a> :\u00a0<em>Mod\u00e9lisation prospective des paysages de la for\u00eat class\u00e9e du Haut-Sassandra (C\u00f4te d\u2019Ivoire) apr\u00e8s la fin des conflits<\/em> &#8211;<em>\u00a0<\/em>Vignal M., Andrieu J.<\/p>\n<p><a href=\"http:\/\/griepe.net\/wp-content\/uploads\/2017\/05\/Communication-15-KONE-M.-et-KONE-I.-.pdf\"><strong>Communication 15<\/strong><\/a> :\u00a0<em>Parcours migratoire et mode de cession fonci\u00e8re des fronts pionniers ivoiriens<\/em> <strong>&#8211;\u00a0<\/strong>Kon\u00e9 M., Kon\u00e9 I.<\/p>\n<p><b><a href=\"http:\/\/griepe.net\/wp-content\/uploads\/2017\/05\/Communication-16-SORO-Torna-.pdf\">Communication 16<\/a> :\u00a0<\/b><em>Rapports entre paysages naturels et conflits intra\/intercommunautaires\u00a0: les germes d\u2019une instabilit\u00e9 permanente &#8211;\u00a0<\/em>Soro T.<\/p>\n<p><a href=\"http:\/\/griepe.net\/wp-content\/uploads\/2017\/05\/Communication-17-CHAUVEAU-J.P.-.pdf\"><strong>Communication 17<\/strong><\/a> :\u00a0<em>La s\u00e9curisation des transferts de droits fonciers coutumiers au prisme de l\u2019histoire agraire et du r\u00e9cent conflit\u00a0<\/em>&#8211; Chauveau J.-P.<\/p>\n<p><a href=\"http:\/\/griepe.net\/wp-content\/uploads\/2017\/05\/Communication-18-NGuessan-Kouassi-G.-.pdf\"><strong>Communication 18<\/strong><\/a> :\u00a0<em>Crise politique, pression fonci\u00e8re et s\u00e9curit\u00e9 alimentaire dans les p\u00e9riph\u00e9ries de la for\u00eat class\u00e9e du mont P\u00e9ko<\/em><strong> &#8211;\u00a0<\/strong>N\u2019guessan K. G. , Oura K. R. , Loba A. D. \u00a0V.<sup>\u00a0<\/sup><\/p>\n<p><strong><a href=\"http:\/\/griepe.net\/wp-content\/uploads\/2017\/05\/Communication-19-KOUADIO-Aya-C.-.pdf\">Communication 19<\/a> :\u00a0<\/strong>\u00a0<em>Orpaillage, disponibilit\u00e9 alimentaire et comp\u00e9tition fonci\u00e8re dans les zones aurif\u00e8res du d\u00e9partement de Bouafl\u00e9 &#8211;\u00a0<\/em>Kouadio A. C., Kouassi K.,\u00a0 Assi-Kaudjhis J. P.<\/p>\n<p><strong><a href=\"http:\/\/griepe.net\/wp-content\/uploads\/2017\/05\/Communication-20-KOFFI-Guy-R..pdf\">Communication 20<\/a>\u00a0:<\/strong>\u00a0<em>Pratique cacaoy\u00e8re, d\u00e9litement de l\u2019acc\u00e8s au foncier et s\u00e9curit\u00e9 alimentaire dans la sous-pr\u00e9fecture de Dania (centre-ouest de la C\u00f4te d\u2019Ivoire) &#8211;\u00a0<\/em>Koffi G. R. Y. , Kouassi K., Barima Y. S. S. , Kpangui K. B. , Assi-Kaudjhis J. P.<sup>\u00a0<\/sup><\/p>\n<p><strong><a href=\"http:\/\/griepe.net\/wp-content\/uploads\/2017\/05\/Communication-21-KOUAME-Severin.pdf\">Communication 21<\/a> :\u00a0<\/strong><em>Migrations paysannes et s\u00e9curit\u00e9 alimentaire en C\u00f4te d\u2019Ivoire\u00a0: dynamiques compar\u00e9es dans le District des Montagnes et R\u00e9gion du Haut-Sassandra &#8211;\u00a0<\/em>Kouam\u00e9 S.\u00a0et\u00a0 Zidago M. S.<\/p>\n<p><strong><a href=\"http:\/\/griepe.net\/wp-content\/uploads\/2017\/05\/Communication-22-WAIGALO-Amadou.pdf\">Communication 22<\/a> :\u00a0<\/strong><em>D\u00e9terminants et persistance de l\u2019ins\u00e9curit\u00e9 alimentaire au sahel\u00a0: cas du mali &#8211;\u00a0<\/em>Wa\u00efgalo A. K.<\/p>\n<p><strong><a href=\"http:\/\/griepe.net\/wp-content\/uploads\/2017\/05\/Communication-23-ASSI-KAUDJHIS-Joseph.-.pdf\">Communication 23<\/a> :<\/strong>\u00a0<em>Perturbations socio-environnementales, vuln\u00e9rabilit\u00e9 alimentaire et valorisation des bas-fonds dans le Centre-Ouest ivoirien &#8211;\u00a0<\/em>ASSI-KAUDJHIS J. P.<\/p>\n<p><strong><a href=\"http:\/\/griepe.net\/wp-content\/uploads\/2017\/05\/Communication-24-NDONG-ESSONO-.pdf\">Communication 24<\/a><\/strong>\u00a0<strong>:\u00a0<\/strong><em>\u00ab\u00a0Je mange sain, donc je suis\u00a0\u00bb\u00a0: de la di\u00e8te \u00e9thique comme expression identitaire pour une pens\u00e9e de d\u00e9veloppement en Afrique subsaharienne &#8211;\u00a0<\/em>Ndong Essono G-D.<\/p>\n<p><strong><a href=\"http:\/\/griepe.net\/wp-content\/uploads\/2017\/05\/Communication-25-OUATTARA-Sotia-K..pdf\">Communication 25 <\/a>:<\/strong><em> Gestion des d\u00e9chets liquides et vuln\u00e9rabilit\u00e9 des populations aux maladies: cas de Songon-Agban, district d\u2019Abidjan &#8211; Ouattara S.K., Kambire B., Ymba M.<\/em><\/p>\n<p><strong><a href=\"http:\/\/griepe.net\/wp-content\/uploads\/2017\/05\/Communication-26-SOUMAHORO-Manl\u00e9.pdf\">Communication 26<\/a> : <\/strong><em>De la crise militaro-politique \u00e0 la crise fonci\u00e8re : la r\u00e9v\u00e9lation de l\u2019intol\u00e9rance intercommunautaire \u00e0 partir des affrontements de Dio (Biankouma) &#8211;<\/em><strong>\u00a0<\/strong>Soumahoro M. A., Oura K. R.,\u00a0\u00a0N\u2019gonian B.<\/p>\n<p><strong><a href=\"http:\/\/griepe.net\/wp-content\/uploads\/2017\/05\/Communication-27-AKMEL-Meless.pdf\">Communication 27<\/a> : <\/strong><em>Enjeux socio-\u00e9conomiques de l\u2019h\u00e9v\u00e9aculture et risque d\u2019ins\u00e9curit\u00e9 alimentaire en pays Odjukru dans la r\u00e9gion de Dabou (C\u00f4te d\u2019Ivoire) &#8211; Akmel M.S.<\/em><\/p>\n<p><a href=\"http:\/\/griepe.net\/wp-content\/uploads\/2017\/05\/Communication-28-KOUAKOU-Kouassi-A.-.pdf\"><strong>Communication 28<\/strong><\/a> :\u00a0<em>R\u00e9partition des produits forestiers non-ligneux dans un environnement sujet \u00e0 des pressions anthropiques fortes \u00e0 la p\u00e9riph\u00e9rie de la for\u00eat class\u00e9e du Haut-Sassandra (Centre-Ouest de la C\u00f4te d\u2019Ivoire)<\/em> &#8211; Kouakou K.A., Godron M.,\u00a0Barima Y. S. S., Kpangui K. B.<\/p>\n<p><strong><a href=\"http:\/\/griepe.net\/wp-content\/uploads\/2017\/05\/Communication-29-DJIBO-Oumarou-F.-.pdf\">Communication 29<\/a><\/strong> :\u00a0<em>Analyse socio \u00e9conom\u00e9trique et choix des alternatives paysannes face \u00e0 l\u2019ins\u00e9curit\u00e9 alimentaire au Niger\u00a0: cas de la grappe des villages de Tolkobeye &#8211; Djibo O.<\/em><\/p>\n<p><strong><span style=\"color: #000000;\">C<a href=\"http:\/\/griepe.net\/wp-content\/uploads\/2017\/05\/Communication-30-VANDI-Fache.pdf\"><em>ommmunication<\/em>\u00a030<\/a><\/span>\u00a0<\/strong>:\u00a0Migrations agricoles et d\u00e9veloppement durable, couple toujours inconciliable\u00a0?\u00a0:l\u2019exemple de Koza II dans la r\u00e9gion du Nord-Cameroun &#8211; Vandi F.<\/p>\n","protected":false},"excerpt":{"rendered":"<p>Communication 1 : Partition du territoire pendant la p\u00e9riode de conflit comme facteur de la dynamique de v\u00e9g\u00e9tations en C\u00f4te d&rsquo;Ivoire &#8211;\u00a0Bamba I., Barima Y. S. S. , Sangne Y. C., Assi-Kaudjhis J.P. \u00a0 Communication 2 :\u00a0Impact des pressions anthropiques &hellip; <a href=\"https:\/\/griepe.net\/?page_id=883\">Continuer la lecture <span class=\"meta-nav\">&rarr;<\/span><\/a><\/p>\n","protected":false},"author":1,"featured_media":0,"parent":977,"menu_order":0,"comment_status":"closed","ping_status":"closed","template":"","meta":{"footnotes":""},"_links":{"self":[{"href":"https:\/\/griepe.net\/index.php?rest_route=\/wp\/v2\/pages\/883"}],"collection":[{"href":"https:\/\/griepe.net\/index.php?rest_route=\/wp\/v2\/pages"}],"about":[{"href":"https:\/\/griepe.net\/index.php?rest_route=\/wp\/v2\/types\/page"}],"author":[{"embeddable":true,"href":"https:\/\/griepe.net\/index.php?rest_route=\/wp\/v2\/users\/1"}],"replies":[{"embeddable":true,"href":"https:\/\/griepe.net\/index.php?rest_route=%2Fwp%2Fv2%2Fcomments&post=883"}],"version-history":[{"count":23,"href":"https:\/\/griepe.net\/index.php?rest_route=\/wp\/v2\/pages\/883\/revisions"}],"predecessor-version":[{"id":983,"href":"https:\/\/griepe.net\/index.php?rest_route=\/wp\/v2\/pages\/883\/revisions\/983"}],"up":[{"embeddable":true,"href":"https:\/\/griepe.net\/index.php?rest_route=\/wp\/v2\/pages\/977"}],"wp:attachment":[{"href":"https:\/\/griepe.net\/index.php?rest_route=%2Fwp%2Fv2%2Fmedia&parent=883"}],"curies":[{"name":"wp","href":"https:\/\/api.w.org\/{rel}","templated":true}]}}