{"id":95,"date":"2015-04-12T23:25:41","date_gmt":"2015-04-12T22:25:41","guid":{"rendered":"http:\/\/griepe.net\/?page_id=95"},"modified":"2019-05-03T20:11:24","modified_gmt":"2019-05-03T20:11:24","slug":"contact","status":"publish","type":"page","link":"https:\/\/griepe.net\/?page_id=95","title":{"rendered":"CONTACT"},"content":{"rendered":"<p>Vous pouvez nous contacter :<\/p>\n<p><strong>Email<\/strong>: info@griepe.net<\/p>\n<p>Universit\u00e9 Jean Lorougnon Gu\u00e9d\u00e9,\u00a0\u00a0BP 150 Daloa, C\u00f4te d&rsquo;Ivoire<\/p>\n<p><strong>Personnes de contact<\/strong><\/p>\n<ul>\n<li>Dr BARIMA Yao Sabas ( coordonnateur): byssabas@yahoo.fr\u00a0 (T\u00e9l: +22549648867)<\/li>\n<li>Dr BAMBA Issouf (charg\u00e9 du site web): bambisso@yahoo.fr ( T\u00e9l: +22549600286)<\/li>\n<li>Dr SANGNE Yao Charles (Secr\u00e9taire g\u00e9n\u00e9ral): y_sangne@yahoo.fr ( T\u00e9l: +22547969378)<\/li>\n<li>Dr KPANGUI Kouassi Bruno (recherche de projet):\u00a0 kpanguikb@gmail.com ( T\u00e9l: +22557743825)<\/li>\n<\/ul>\n<p>&nbsp;<\/p>\n<p>&nbsp;<\/p>\n","protected":false},"excerpt":{"rendered":"<p>Vous pouvez nous contacter : Email: info@griepe.net Universit\u00e9 Jean Lorougnon Gu\u00e9d\u00e9,\u00a0\u00a0BP 150 Daloa, C\u00f4te d&rsquo;Ivoire Personnes de contact Dr BARIMA Yao Sabas ( coordonnateur): byssabas@yahoo.fr\u00a0 (T\u00e9l: +22549648867) Dr BAMBA Issouf (charg\u00e9 du site web): bambisso@yahoo.fr ( T\u00e9l: +22549600286) Dr SANGNE &hellip; <a href=\"https:\/\/griepe.net\/?page_id=95\">Continuer la lecture <span class=\"meta-nav\">&rarr;<\/span><\/a><\/p>\n","protected":false},"author":1,"featured_media":0,"parent":0,"menu_order":0,"comment_status":"open","ping_status":"open","template":"","meta":{"footnotes":""},"_links":{"self":[{"href":"https:\/\/griepe.net\/index.php?rest_route=\/wp\/v2\/pages\/95"}],"collection":[{"href":"https:\/\/griepe.net\/index.php?rest_route=\/wp\/v2\/pages"}],"about":[{"href":"https:\/\/griepe.net\/index.php?rest_route=\/wp\/v2\/types\/page"}],"author":[{"embeddable":true,"href":"https:\/\/griepe.net\/index.php?rest_route=\/wp\/v2\/users\/1"}],"replies":[{"embeddable":true,"href":"https:\/\/griepe.net\/index.php?rest_route=%2Fwp%2Fv2%2Fcomments&post=95"}],"version-history":[{"count":8,"href":"https:\/\/griepe.net\/index.php?rest_route=\/wp\/v2\/pages\/95\/revisions"}],"predecessor-version":[{"id":1500,"href":"https:\/\/griepe.net\/index.php?rest_route=\/wp\/v2\/pages\/95\/revisions\/1500"}],"wp:attachment":[{"href":"https:\/\/griepe.net\/index.php?rest_route=%2Fwp%2Fv2%2Fmedia&parent=95"}],"curies":[{"name":"wp","href":"https:\/\/api.w.org\/{rel}","templated":true}]}}