{"id":957,"date":"2017-05-31T15:55:37","date_gmt":"2017-05-31T14:55:37","guid":{"rendered":"http:\/\/griepe.net\/?page_id=957"},"modified":"2017-05-31T19:20:35","modified_gmt":"2017-05-31T18:20:35","slug":"sequence-du-colloque-a-la-television-ivoirienne","status":"publish","type":"page","link":"https:\/\/griepe.net\/?page_id=957","title":{"rendered":"S\u00e9quence \u00e0 la t\u00e9l\u00e9vision ivoirienne"},"content":{"rendered":"<div style=\"width: 640px;\" class=\"wp-video\"><!--[if lt IE 9]><script>document.createElement('video');<\/script><![endif]-->\n<video class=\"wp-video-shortcode\" id=\"video-957-1\" width=\"640\" height=\"480\" preload=\"metadata\" controls=\"controls\"><source type=\"video\/mp4\" src=\"http:\/\/griepe.net\/wp-content\/uploads\/2017\/05\/GRIEPE_RTI.mp4?_=1\" \/><a href=\"http:\/\/griepe.net\/wp-content\/uploads\/2017\/05\/GRIEPE_RTI.mp4\">http:\/\/griepe.net\/wp-content\/uploads\/2017\/05\/GRIEPE_RTI.mp4<\/a><\/video><\/div>\n","protected":false},"excerpt":{"rendered":"","protected":false},"author":1,"featured_media":0,"parent":0,"menu_order":0,"comment_status":"closed","ping_status":"closed","template":"","meta":{"footnotes":""},"_links":{"self":[{"href":"https:\/\/griepe.net\/index.php?rest_route=\/wp\/v2\/pages\/957"}],"collection":[{"href":"https:\/\/griepe.net\/index.php?rest_route=\/wp\/v2\/pages"}],"about":[{"href":"https:\/\/griepe.net\/index.php?rest_route=\/wp\/v2\/types\/page"}],"author":[{"embeddable":true,"href":"https:\/\/griepe.net\/index.php?rest_route=\/wp\/v2\/users\/1"}],"replies":[{"embeddable":true,"href":"https:\/\/griepe.net\/index.php?rest_route=%2Fwp%2Fv2%2Fcomments&post=957"}],"version-history":[{"count":3,"href":"https:\/\/griepe.net\/index.php?rest_route=\/wp\/v2\/pages\/957\/revisions"}],"predecessor-version":[{"id":989,"href":"https:\/\/griepe.net\/index.php?rest_route=\/wp\/v2\/pages\/957\/revisions\/989"}],"wp:attachment":[{"href":"https:\/\/griepe.net\/index.php?rest_route=%2Fwp%2Fv2%2Fmedia&parent=957"}],"curies":[{"name":"wp","href":"https:\/\/api.w.org\/{rel}","templated":true}]}}