{"id":963,"date":"2017-05-31T18:57:58","date_gmt":"2017-05-31T17:57:58","guid":{"rendered":"http:\/\/griepe.net\/?page_id=963"},"modified":"2017-05-31T19:07:45","modified_gmt":"2017-05-31T18:07:45","slug":"posters","status":"publish","type":"page","link":"https:\/\/griepe.net\/?page_id=963","title":{"rendered":"Posters"},"content":{"rendered":"<p><strong><a href=\"http:\/\/griepe.net\/wp-content\/uploads\/2017\/05\/Poster-MASHARABU-Tatien_Burundi.pdf\">Poster 1\u00a0<\/a>: <\/strong>Diversit\u00e9, distribution et conservation des plantes ligneuses autochtones en paysage anthropis\u00e9 au Burundi: cas de la zone Musenyi en commune Tangara &#8211;\u00a0<em>MASHARABU T.<sup>\u00a0<\/sup>, HAVYARIMANA F., NIYONKURU E. , HAKIZIMANA P. &amp; BANGIRINAMA F.<\/em><\/p>\n<p><strong><a href=\"http:\/\/griepe.net\/wp-content\/uploads\/2017\/05\/Poster-ADOU-Aka-Giscard.pdf\">Poster\u00a02<\/a>\u00a0: <\/strong>Comp\u00e9tition pour l\u2019occupation des bas-fonds dans les espaces urbain et p\u00e9ri-urbain \u00e0 Daloa : entre production vivri\u00e8re et promotion immobili\u00e8re &#8211;\u00a0<em>ADOU A. G., YAO K. E.\u00a0&amp;\u00a0GOUAMENE D. C.<\/em><\/p>\n<p><strong><a href=\"http:\/\/griepe.net\/wp-content\/uploads\/2017\/05\/Dally-B.-M.-Hermann-UAO-C\u00f4te-dIvoire-1.pdf\">Poster 3<\/a>\u00a0: <\/strong>Saturation fonci\u00e8re et strat\u00e9gies de s\u00e9curisation alimentaire dans les exploitations agricoles du Haut-Sassandra &#8211;\u00a0<em>DALLY B. H.\u00a0&amp;\u00a0KOUAME S.<\/em><\/p>\n<p><a href=\"http:\/\/griepe.net\/wp-content\/uploads\/2017\/05\/Poster-KOFFI-YEBOUE-Stephane.pdf\"><strong>Poster 4<\/strong><\/a><strong>\u00a0: <\/strong>Les quartiers de la guerre \u00e0 Korhogo entre lutte d\u2019insertion et conflits fonciers &#8211;\u00a0<em>KOFFI Y. S. K., KRA K. J., KONAN K. H. &amp; N\u2019DA A. B.<\/em><\/p>\n<p><strong>Poster 5\u00a0: <\/strong>Recomposition post-crise du paysage urbain \u00e0 l\u2019\u00e9preuve de l\u2019essor des mototaxi \u00e0\u00a0Bouak\u00e9 &#8211;\u00a0<em>NIAMIEN K. H.-J., KOUASSI K. &amp;\u00a0ASSI-KAUDJHIS J. P.<\/em><\/p>\n<p><strong>Poster 6\u00a0: <\/strong>La v\u00e9g\u00e9tation arbor\u00e9e domestique dans le paysage urbain et p\u00e9riurbain de la ville de Kinshasa (R\u00e9publique D\u00e9mocratique du Congo) &#8211;\u00a0<em>SAMBIENI K. R., BILOSO M. A., TOYI M. S., DOSSOU B., OCCHIUTO R\u00a0&amp; BOGAERT J.<\/em><\/p>\n<p><strong>Poster 7\u00a0: <\/strong>Cultures de contre-saison dans la commune d\u2019Adjohoun au Benin: entre atouts et contraintes &#8211;\u00a0<em>ATCHADE G. A. A., VISSIN E.T. W., GBENOU P. , ADJAHOSSOU B. S. &amp;\u00a0LAVINON R. F.<sup>\u00a0<\/sup><\/em><\/p>\n<p><strong><a href=\"http:\/\/griepe.net\/wp-content\/uploads\/2017\/05\/Poster_-CAMARA-Brahima.pdf\">Poster 8<\/a>\u00a0: <\/strong>Carte sanitaire des cercosporioses des bananiers et bananiers plantain en C\u00f4te d\u2019Ivoire &#8211;\u00a0<em>CAMARA B.\u00a0, AMARI L.-N. D. G. E., \u00a0DEMBELE D. D., TUO S., KONE D.<\/em><\/p>\n<p><strong>Poster 9\u00a0: <\/strong>Faune sauvage et diversit\u00e9 v\u00e9g\u00e9tale\u00a0: cas de l\u2019\u00e9l\u00e9phant dans la diss\u00e9mination et la r\u00e9g\u00e9n\u00e9ration des plantes foresti\u00e8res au parc national d\u2019Azagny (Sud de la C\u00f4te d\u2019Ivoire) &#8211;<em>KOUAME D., KOFFI B. J.-C.\u00a0&amp;\u00a0 ADOU YAO C. Y.<\/em><\/p>\n<p><strong><a href=\"http:\/\/griepe.net\/wp-content\/uploads\/2017\/05\/POSTER_koffi-kan-Emile.pdf\">Poster 10<\/a>\u00a0: <\/strong>La colonie agricole de la pale face au retour de l\u2019Etat dans les zones assi\u00e9g\u00e9es par l\u2019ex- r\u00e9bellion au nord de la C\u00f4te d\u2019Ivoire &#8211;\u00a0<em>KONAN K. H., KOFFI Y. S. K., KRA K. J.<\/em>\u00a0&amp;\u00a0<em>\u00a0N\u2019DA A. B.<\/em><\/p>\n<p><strong>Poster 11\u00a0:<\/strong> Quand la reconstruction d\u2019une infrastructure redynamise le front urbain \u00e0 Bouafl\u00e9 &#8211;\u00a0<em>DOHO B. T. A.\u00a0&amp; ZAMBLE B. I. E.<\/em><\/p>\n<p><strong><a href=\"http:\/\/griepe.net\/wp-content\/uploads\/2017\/05\/POSTER-AGOUALE-Yao-Julien.pdf\">Poster 12<\/a>\u00a0: <\/strong>Paysages, conflits\u00a0 &amp; s\u00e9curit\u00e9 alimentaire en Afrique subsaharienne\u00a0: cas de la r\u00e9serve de faune d\u2019Abokouam\u00e9kro &#8211;\u00a0<em>AGOUALE Y. J.<\/em><\/p>\n<p><strong>Poster 13\u00a0: <\/strong>Impact des activit\u00e9s anthropiques sur la dynamique des mangroves dans la commune de Ouidah (Sud du B\u00e9nin) &#8211;<em>AHOUANGAN B. S. C., ANAGONOU G., TOYI M.; ADI M., HOUINATO R. B M., &amp; BOGAERT J.<\/em><\/p>\n<p><strong>Poster 14\u00a0: <\/strong>Mutations paysag\u00e8res dans la for\u00eat class\u00e9e de Foro-foro\u00a0 dans une r\u00e9gion en crise &#8211;\u00a0<em>KAN E. K. &amp; KOUAMEJ. K.<\/em><\/p>\n<p><strong><a href=\"http:\/\/griepe.net\/wp-content\/uploads\/2017\/05\/Poster_-Justin-KASSI.pdf\">Poster 15<\/a>\u00a0: <\/strong>Dynamique de la v\u00e9g\u00e9tation de Bamo et stocks de carbone dans la mosa\u00efque de v\u00e9g\u00e9tation &#8211;\u00a0<em>KASSI N. J., ADOU L. M. D., ADINGRA O. &amp; \u00a0ANOBLA M.M.<\/em><\/p>\n<p><strong>Poster 16\u00a0<\/strong>: Acc\u00e8s aux intrants et strat\u00e9gies d\u2019adaptation des petits producteurs face \u00e0 l\u2019inorganisation de la fili\u00e8re ananas dans le sud-b\u00e9nin (r\u00e9publique du B\u00e9nin) &#8211;\u00a0<em>ADJAHOSSOU N. V., ADJAHOSSOU S. B., DOVONOU F. E.\u00a0&amp;\u00a0GBAGUIDI B. <\/em><\/p>\n<p><strong><a href=\"http:\/\/griepe.net\/wp-content\/uploads\/2017\/05\/Zidago-Martinien-1.pdf\">Poster 17<\/a><em>: <\/em><\/strong><em>Diversification agricole vers les bas-fonds et s\u00e9curit\u00e9 alimentaire \u00e0 Dania et \u00e0 Domangbeu &#8211;\u00a0<\/em><em>ZIDAGO M., ASSI-KAUDHJIS J. P.; KOUASSI K.\u00a0&amp; KOUAME S.<\/em><\/p>\n<p>&nbsp;<\/p>\n","protected":false},"excerpt":{"rendered":"<p>Poster 1\u00a0: Diversit\u00e9, distribution et conservation des plantes ligneuses autochtones en paysage anthropis\u00e9 au Burundi: cas de la zone Musenyi en commune Tangara &#8211;\u00a0MASHARABU T.\u00a0, HAVYARIMANA F., NIYONKURU E. , HAKIZIMANA P. &amp; BANGIRINAMA F. Poster\u00a02\u00a0: Comp\u00e9tition pour l\u2019occupation des &hellip; <a href=\"https:\/\/griepe.net\/?page_id=963\">Continuer la lecture <span class=\"meta-nav\">&rarr;<\/span><\/a><\/p>\n","protected":false},"author":1,"featured_media":0,"parent":977,"menu_order":0,"comment_status":"closed","ping_status":"closed","template":"","meta":{"footnotes":""},"_links":{"self":[{"href":"https:\/\/griepe.net\/index.php?rest_route=\/wp\/v2\/pages\/963"}],"collection":[{"href":"https:\/\/griepe.net\/index.php?rest_route=\/wp\/v2\/pages"}],"about":[{"href":"https:\/\/griepe.net\/index.php?rest_route=\/wp\/v2\/types\/page"}],"author":[{"embeddable":true,"href":"https:\/\/griepe.net\/index.php?rest_route=\/wp\/v2\/users\/1"}],"replies":[{"embeddable":true,"href":"https:\/\/griepe.net\/index.php?rest_route=%2Fwp%2Fv2%2Fcomments&post=963"}],"version-history":[{"count":3,"href":"https:\/\/griepe.net\/index.php?rest_route=\/wp\/v2\/pages\/963\/revisions"}],"predecessor-version":[{"id":984,"href":"https:\/\/griepe.net\/index.php?rest_route=\/wp\/v2\/pages\/963\/revisions\/984"}],"up":[{"embeddable":true,"href":"https:\/\/griepe.net\/index.php?rest_route=\/wp\/v2\/pages\/977"}],"wp:attachment":[{"href":"https:\/\/griepe.net\/index.php?rest_route=%2Fwp%2Fv2%2Fmedia&parent=963"}],"curies":[{"name":"wp","href":"https:\/\/api.w.org\/{rel}","templated":true}]}}