{"id":990,"date":"2017-05-31T19:23:33","date_gmt":"2017-05-31T18:23:33","guid":{"rendered":"http:\/\/griepe.net\/?page_id=990"},"modified":"2017-05-31T19:26:06","modified_gmt":"2017-05-31T18:26:06","slug":"films-du-colloque","status":"publish","type":"page","link":"https:\/\/griepe.net\/?page_id=990","title":{"rendered":"FILMS DU COLLOQUE"},"content":{"rendered":"<ul>\n<li><a href=\"https:\/\/youtu.be\/74P5hVesESQ\">Colloque partie 1<\/a><\/li>\n<li><a href=\"http:\/\/griepe.net\/?page_id=957\">S\u00e9quence de la t\u00e9l\u00e9vision ivoirienne<\/a><\/li>\n<\/ul>\n","protected":false},"excerpt":{"rendered":"<p>Colloque partie 1 S\u00e9quence de la t\u00e9l\u00e9vision ivoirienne<\/p>\n","protected":false},"author":1,"featured_media":0,"parent":0,"menu_order":0,"comment_status":"closed","ping_status":"closed","template":"","meta":{"footnotes":""},"_links":{"self":[{"href":"https:\/\/griepe.net\/index.php?rest_route=\/wp\/v2\/pages\/990"}],"collection":[{"href":"https:\/\/griepe.net\/index.php?rest_route=\/wp\/v2\/pages"}],"about":[{"href":"https:\/\/griepe.net\/index.php?rest_route=\/wp\/v2\/types\/page"}],"author":[{"embeddable":true,"href":"https:\/\/griepe.net\/index.php?rest_route=\/wp\/v2\/users\/1"}],"replies":[{"embeddable":true,"href":"https:\/\/griepe.net\/index.php?rest_route=%2Fwp%2Fv2%2Fcomments&post=990"}],"version-history":[{"count":1,"href":"https:\/\/griepe.net\/index.php?rest_route=\/wp\/v2\/pages\/990\/revisions"}],"predecessor-version":[{"id":991,"href":"https:\/\/griepe.net\/index.php?rest_route=\/wp\/v2\/pages\/990\/revisions\/991"}],"wp:attachment":[{"href":"https:\/\/griepe.net\/index.php?rest_route=%2Fwp%2Fv2%2Fmedia&parent=990"}],"curies":[{"name":"wp","href":"https:\/\/api.w.org\/{rel}","templated":true}]}}